{"id":2,"date":"2023-04-28T10:07:36","date_gmt":"2023-04-28T10:07:36","guid":{"rendered":"https:\/\/www.margitpaulin.com\/site\/?page_id=2"},"modified":"2026-03-17T09:05:39","modified_gmt":"2026-03-17T09:05:39","slug":"esileht","status":"publish","type":"page","link":"https:\/\/www.margitpaulin.com\/en\/","title":{"rendered":"Esileht"},"content":{"rendered":"<div id='alusta'  class='av-layout-grid-container av-q74-9073433833817e58d34adccb54e9abd0 entry-content-wrapper socket_color av-flex-cells av-break-at-tablet  avia-builder-el-0  el_before_av_section  avia-builder-el-first  section-head content-hero av-cell-min-height av-cell-min-height-50  container_wrap fullsize'   data-av_minimum_height_pc='50'>\n\n<style type=\"text\/css\" data-created_by=\"avia_inline_auto\" id=\"style-css-av-4ulm-f16a8064137c67598e0632de20ec9594\">\n.flex_cell.av-4ulm-f16a8064137c67598e0632de20ec9594{\nvertical-align:middle;\n}\n.responsive #top #wrap_all .flex_cell.av-4ulm-f16a8064137c67598e0632de20ec9594{\npadding:80px 80px 80px 80px !important;\n}\n\n@media only screen and (min-width: 480px) and (max-width: 767px){ \n.responsive #top #wrap_all .flex_cell.av-4ulm-f16a8064137c67598e0632de20ec9594{\npadding:120px 60px 120px 60px !important;\n}\n}\n\n@media only screen and (max-width: 479px){ \n.responsive #top #wrap_all .flex_cell.av-4ulm-f16a8064137c67598e0632de20ec9594{\npadding:120px 60px 120px 60px !important;\n}\n}\n<\/style>\n<div class='flex_cell av-4ulm-f16a8064137c67598e0632de20ec9594 av-gridrow-cell av_one_half no_margin  avia-builder-el-1  el_before_av_cell_one_half  avia-builder-el-first' ><div class='flex_cell_inner'><p>\n<style type=\"text\/css\" data-created_by=\"avia_inline_auto\" id=\"style-css-av-lh6c3s5d-1b289ba97b90dd4db35121c39f370327\">\n#top .av-special-heading.av-lh6c3s5d-1b289ba97b90dd4db35121c39f370327{\npadding-bottom:20px;\n}\nbody .av-special-heading.av-lh6c3s5d-1b289ba97b90dd4db35121c39f370327 .av-special-heading-tag .heading-char{\nfont-size:25px;\n}\n.av-special-heading.av-lh6c3s5d-1b289ba97b90dd4db35121c39f370327 .av-subheading{\nfont-size:15px;\n}\n<\/style>\n<div  class='av-special-heading av-lh6c3s5d-1b289ba97b90dd4db35121c39f370327 av-special-heading-h1 blockquote modern-quote  avia-builder-el-2  el_before_av_textblock  avia-builder-el-first'><h1 class='av-special-heading-tag'  itemprop=\"headline\"  >Ehted hingele<\/h1><div class=\"special-heading-border\"><div class=\"special-heading-inner-border\"><\/div><\/div><\/div><br \/>\n\n<style type=\"text\/css\" data-created_by=\"avia_inline_auto\" id=\"style-css-av-lh6c6cmv-fc584dc4bc5ac6f0235b594fc412d9a1\">\n#top .av_textblock_section.av-lh6c6cmv-fc584dc4bc5ac6f0235b594fc412d9a1 .avia_textblock{\nfont-size:18px;\n}\n<\/style>\n<section  class='av_textblock_section av-lh6c6cmv-fc584dc4bc5ac6f0235b594fc412d9a1'  itemscope=\"itemscope\" itemtype=\"https:\/\/schema.org\/CreativeWork\" ><div class='avia_textblock'  itemprop=\"text\" ><p>Peida pisike saladus ehtesse, luues nii kaunis kingitus kallile s\u00f5brale, armsamale ja endale . Esita selleks tellimus v\u00f5i leia e-poest oma lemmik. Siit leiad Eesti ehtekunstniku Margit Paulini k\u00e4sit\u00f6\u00f6na valmistatud\u00a0 v\u00e4ikese tiraaziga v\u00e4\u00e4rismetallist ja kaunitest ehtkividest valminud autoriehteid.<\/p>\n<\/div><\/section><br \/>\n\n<style type=\"text\/css\" data-created_by=\"avia_inline_auto\" id=\"style-css-av-3fw2-c752cc397f9fcecbf23d1c8271f009f6\">\n#top .hr.hr-invisible.av-3fw2-c752cc397f9fcecbf23d1c8271f009f6{\nheight:40px;\n}\n<\/style>\n<div  class='hr av-3fw2-c752cc397f9fcecbf23d1c8271f009f6 hr-invisible  avia-builder-el-4  el_after_av_textblock  el_before_av_buttonrow'><span class='hr-inner'><span class=\"hr-inner-style\"><\/span><\/span><\/div><br \/>\n<div  class='avia-buttonrow-wrap av-lh6c5wn0-def2b2d2a395fafb136a636895775c4d avia-buttonrow-left  avia-builder-el-5  el_after_av_hr  avia-builder-el-last'>\n\n<style type=\"text\/css\" data-created_by=\"avia_inline_auto\" id=\"style-css-av-lh6c5gaa-1-3ab32fbdc3f395507d692ea59c0ab8d4\">\n#top #wrap_all .avia-button.av-lh6c5gaa-1-3ab32fbdc3f395507d692ea59c0ab8d4{\nmargin-bottom:5px;\nmargin-right:5px;\n}\n<\/style>\n<a href='https:\/\/www.margitpaulin.com\/en\/e-pood\/'  class='avia-button av-lh6c5gaa-1-3ab32fbdc3f395507d692ea59c0ab8d4 avia-icon_select-no avia-size-large avia-color-theme-color-highlight'  ><span class='avia_iconbox_title' >Vaata E-poodi<\/span><\/a>\n<\/div><\/p>\n<\/div><\/div>\n<style type=\"text\/css\" data-created_by=\"avia_inline_auto\" id=\"style-css-av-mkjxiwqa-f09ffa520435e2232ba0b86f64d097f1\">\n.flex_cell.av-mkjxiwqa-f09ffa520435e2232ba0b86f64d097f1{\nvertical-align:middle;\nbackground-color:#000000;\nbackground:url(https:\/\/www.margitpaulin.com\/site\/wp-content\/uploads\/2024\/11\/jwl_shoot1738-256x320.jpg) 50% 0% no-repeat scroll, linear-gradient( to bottom, #000000, #ffffff );\n}\n<\/style>\n<div class='flex_cell av-mkjxiwqa-f09ffa520435e2232ba0b86f64d097f1 av-gridrow-cell av_one_half no_margin  avia-builder-el-6  el_after_av_cell_one_half  avia-builder-el-last  avia-full-stretch' ><div class='flex_cell_inner'><\/div><\/div><\/div><div id='kollektsioonid'  class='avia-section av-lh6bwmmu-831352bf1e4c1441378ba007798f10cb main_color avia-section-large avia-no-border-styling  avia-builder-el-7  el_after_av_layout_row  avia-builder-el-last  section-latest content-collections avia-bg-style-scroll av-minimum-height av-minimum-height-50  container_wrap fullsize'   data-av_minimum_height_pc='50'><div class='container av-section-cont-open' ><div class='template-page content  av-content-full alpha units'><div class='post-entry post-entry-type-page post-entry-2'><div class='entry-content-wrapper clearfix'>\n<div class='flex_column_table av-5qwy-0a5d2510fa21adb9d102c73f8619f192 sc-av_one_full av-equal-height-column-flextable'><div class='flex_column av-5qwy-0a5d2510fa21adb9d102c73f8619f192 av_one_full  avia-builder-el-8  avia-builder-el-no-sibling  first no_margin flex_column_table_cell av-equal-height-column av-align-top'     ><p>\n<style type=\"text\/css\" data-created_by=\"avia_inline_auto\" id=\"style-css-av-lh6bxqr2-680b26d403120f5c60eb24a9354bfefd\">\n#top .av-special-heading.av-lh6bxqr2-680b26d403120f5c60eb24a9354bfefd{\npadding-bottom:70px;\n}\nbody .av-special-heading.av-lh6bxqr2-680b26d403120f5c60eb24a9354bfefd .av-special-heading-tag .heading-char{\nfont-size:25px;\n}\n.av-special-heading.av-lh6bxqr2-680b26d403120f5c60eb24a9354bfefd .av-subheading{\nfont-size:15px;\n}\n<\/style>\n<div  class='av-special-heading av-lh6bxqr2-680b26d403120f5c60eb24a9354bfefd av-special-heading-h2 blockquote modern-quote  avia-builder-el-9  el_before_av_codeblock  avia-builder-el-first'><h2 class='av-special-heading-tag'  itemprop=\"headline\"  >Ehted hingele<\/h2><div class=\"special-heading-border\"><div class=\"special-heading-inner-border\"><\/div><\/div><\/div><br \/>\n<\/p><\/div><\/div><!--close column table wrapper. Autoclose: 1 -->\n<\/p>","protected":false},"excerpt":{"rendered":"","protected":false},"author":1,"featured_media":1697,"parent":0,"menu_order":-1,"comment_status":"closed","ping_status":"closed","template":"","meta":{"_acf_changed":false,"inline_featured_image":false,"footnotes":""},"class_list":["post-2","page","type-page","status-publish","has-post-thumbnail","hentry"],"acf":[],"yoast_head":"<!-- This site is optimized with the Yoast SEO Premium plugin v23.9 (Yoast SEO v27.5) - https:\/\/yoast.com\/product\/yoast-seo-premium-wordpress\/ -->\n<title>Margit Paulin | Esileht<\/title>\n<meta name=\"description\" content=\"kvaliteetne autoriehe kullast s\u00f5rmus h\u00f5be k\u00f5rvar\u00f5ngad k\u00e4ev\u00f5ru maleehted v\u00e4\u00e4rismetallid v\u00e4\u00e4riskivid ehtekivid kingitus kallimale ehtekunst\" \/>\n<meta name=\"robots\" content=\"index, follow, max-snippet:-1, max-image-preview:large, max-video-preview:-1\" \/>\n<link rel=\"canonical\" href=\"https:\/\/www.margitpaulin.com\/en\/esileht\/\" \/>\n<meta property=\"og:locale\" content=\"en_GB\" \/>\n<meta property=\"og:type\" content=\"article\" \/>\n<meta property=\"og:title\" content=\"Esileht\" \/>\n<meta property=\"og:description\" content=\"kvaliteetne autoriehe kullast s\u00f5rmus h\u00f5be k\u00f5rvar\u00f5ngad k\u00e4ev\u00f5ru maleehted v\u00e4\u00e4rismetallid v\u00e4\u00e4riskivid ehtekivid kingitus kallimale ehtekunst\" \/>\n<meta property=\"og:url\" content=\"https:\/\/www.margitpaulin.com\/en\/esileht\/\" \/>\n<meta property=\"og:site_name\" content=\"Margit Paulin\" \/>\n<meta property=\"article:publisher\" content=\"https:\/\/www.facebook.com\/PaulinJewellery\" \/>\n<meta property=\"article:modified_time\" content=\"2026-03-17T09:05:39+00:00\" \/>\n<meta property=\"og:image\" content=\"http:\/\/www.margitpaulin.com\/site\/wp-content\/uploads\/2024\/11\/jwl_shoot1790-scaled-e1732603546573.jpg\" \/>\n\t<meta property=\"og:image:width\" content=\"1536\" \/>\n\t<meta property=\"og:image:height\" content=\"1920\" \/>\n\t<meta property=\"og:image:type\" content=\"image\/jpeg\" \/>\n<meta name=\"twitter:card\" content=\"summary_large_image\" \/>\n<meta name=\"twitter:label1\" content=\"Estimated reading time\" \/>\n\t<meta name=\"twitter:data1\" content=\"1 minute\" \/>\n<script type=\"application\/ld+json\" class=\"yoast-schema-graph\">{\"@context\":\"https:\\\/\\\/schema.org\",\"@graph\":[{\"@type\":\"WebPage\",\"@id\":\"https:\\\/\\\/www.margitpaulin.com\\\/esileht\\\/\",\"url\":\"https:\\\/\\\/www.margitpaulin.com\\\/esileht\\\/\",\"name\":\"Margit Paulin | Esileht\",\"isPartOf\":{\"@id\":\"https:\\\/\\\/www.margitpaulin.com\\\/#website\"},\"primaryImageOfPage\":{\"@id\":\"https:\\\/\\\/www.margitpaulin.com\\\/esileht\\\/#primaryimage\"},\"image\":{\"@id\":\"https:\\\/\\\/www.margitpaulin.com\\\/esileht\\\/#primaryimage\"},\"thumbnailUrl\":\"https:\\\/\\\/www.margitpaulin.com\\\/site\\\/wp-content\\\/uploads\\\/2024\\\/11\\\/jwl_shoot1790-scaled-e1732603546573.jpg\",\"datePublished\":\"2023-04-28T10:07:36+00:00\",\"dateModified\":\"2026-03-17T09:05:39+00:00\",\"description\":\"kvaliteetne autoriehe kullast s\u00f5rmus h\u00f5be k\u00f5rvar\u00f5ngad k\u00e4ev\u00f5ru maleehted v\u00e4\u00e4rismetallid v\u00e4\u00e4riskivid ehtekivid kingitus kallimale ehtekunst\",\"breadcrumb\":{\"@id\":\"https:\\\/\\\/www.margitpaulin.com\\\/esileht\\\/#breadcrumb\"},\"inLanguage\":\"en-GB\",\"potentialAction\":[{\"@type\":\"ReadAction\",\"target\":[\"https:\\\/\\\/www.margitpaulin.com\\\/esileht\\\/\"]}]},{\"@type\":\"ImageObject\",\"inLanguage\":\"en-GB\",\"@id\":\"https:\\\/\\\/www.margitpaulin.com\\\/esileht\\\/#primaryimage\",\"url\":\"https:\\\/\\\/www.margitpaulin.com\\\/site\\\/wp-content\\\/uploads\\\/2024\\\/11\\\/jwl_shoot1790-scaled-e1732603546573.jpg\",\"contentUrl\":\"https:\\\/\\\/www.margitpaulin.com\\\/site\\\/wp-content\\\/uploads\\\/2024\\\/11\\\/jwl_shoot1790-scaled-e1732603546573.jpg\",\"width\":1536,\"height\":1920},{\"@type\":\"BreadcrumbList\",\"@id\":\"https:\\\/\\\/www.margitpaulin.com\\\/esileht\\\/#breadcrumb\",\"itemListElement\":[{\"@type\":\"ListItem\",\"position\":1,\"name\":\"Home\",\"item\":\"https:\\\/\\\/www.margitpaulin.com\\\/esileht\\\/\"},{\"@type\":\"ListItem\",\"position\":2,\"name\":\"Esileht\"}]},{\"@type\":\"WebSite\",\"@id\":\"https:\\\/\\\/www.margitpaulin.com\\\/#website\",\"url\":\"https:\\\/\\\/www.margitpaulin.com\\\/\",\"name\":\"Margit Paulin\",\"description\":\"Isikup\u00e4rased ja ainulaadsed ehted\",\"publisher\":{\"@id\":\"https:\\\/\\\/www.margitpaulin.com\\\/#organization\"},\"potentialAction\":[{\"@type\":\"SearchAction\",\"target\":{\"@type\":\"EntryPoint\",\"urlTemplate\":\"https:\\\/\\\/www.margitpaulin.com\\\/?s={search_term_string}\"},\"query-input\":{\"@type\":\"PropertyValueSpecification\",\"valueRequired\":true,\"valueName\":\"search_term_string\"}}],\"inLanguage\":\"en-GB\"},{\"@type\":\"Organization\",\"@id\":\"https:\\\/\\\/www.margitpaulin.com\\\/#organization\",\"name\":\"Margit Paulin\",\"url\":\"https:\\\/\\\/www.margitpaulin.com\\\/\",\"logo\":{\"@type\":\"ImageObject\",\"inLanguage\":\"en-GB\",\"@id\":\"https:\\\/\\\/www.margitpaulin.com\\\/#\\\/schema\\\/logo\\\/image\\\/\",\"url\":\"http:\\\/\\\/www.margitpaulin.com\\\/site\\\/wp-content\\\/uploads\\\/2023\\\/04\\\/logo-general-black.svg\",\"contentUrl\":\"http:\\\/\\\/www.margitpaulin.com\\\/site\\\/wp-content\\\/uploads\\\/2023\\\/04\\\/logo-general-black.svg\",\"width\":240,\"height\":148,\"caption\":\"Margit Paulin\"},\"image\":{\"@id\":\"https:\\\/\\\/www.margitpaulin.com\\\/#\\\/schema\\\/logo\\\/image\\\/\"},\"sameAs\":[\"https:\\\/\\\/www.facebook.com\\\/PaulinJewellery\",\"https:\\\/\\\/www.instagram.com\\\/margitpaulin_jewellery\"]}]}<\/script>\n<!-- \/ Yoast SEO Premium plugin. -->","yoast_head_json":{"title":"Margit Paulin | Esileht","description":"kvaliteetne autoriehe kullast s\u00f5rmus h\u00f5be k\u00f5rvar\u00f5ngad k\u00e4ev\u00f5ru maleehted v\u00e4\u00e4rismetallid v\u00e4\u00e4riskivid ehtekivid kingitus kallimale ehtekunst","robots":{"index":"index","follow":"follow","max-snippet":"max-snippet:-1","max-image-preview":"max-image-preview:large","max-video-preview":"max-video-preview:-1"},"canonical":"https:\/\/www.margitpaulin.com\/en\/esileht\/","og_locale":"en_GB","og_type":"article","og_title":"Esileht","og_description":"kvaliteetne autoriehe kullast s\u00f5rmus h\u00f5be k\u00f5rvar\u00f5ngad k\u00e4ev\u00f5ru maleehted v\u00e4\u00e4rismetallid v\u00e4\u00e4riskivid ehtekivid kingitus kallimale ehtekunst","og_url":"https:\/\/www.margitpaulin.com\/en\/esileht\/","og_site_name":"Margit Paulin","article_publisher":"https:\/\/www.facebook.com\/PaulinJewellery","article_modified_time":"2026-03-17T09:05:39+00:00","og_image":[{"width":1536,"height":1920,"url":"http:\/\/www.margitpaulin.com\/site\/wp-content\/uploads\/2024\/11\/jwl_shoot1790-scaled-e1732603546573.jpg","type":"image\/jpeg"}],"twitter_card":"summary_large_image","twitter_misc":{"Estimated reading time":"1 minute"},"schema":{"@context":"https:\/\/schema.org","@graph":[{"@type":"WebPage","@id":"https:\/\/www.margitpaulin.com\/esileht\/","url":"https:\/\/www.margitpaulin.com\/esileht\/","name":"Margit Paulin | Esileht","isPartOf":{"@id":"https:\/\/www.margitpaulin.com\/#website"},"primaryImageOfPage":{"@id":"https:\/\/www.margitpaulin.com\/esileht\/#primaryimage"},"image":{"@id":"https:\/\/www.margitpaulin.com\/esileht\/#primaryimage"},"thumbnailUrl":"https:\/\/www.margitpaulin.com\/site\/wp-content\/uploads\/2024\/11\/jwl_shoot1790-scaled-e1732603546573.jpg","datePublished":"2023-04-28T10:07:36+00:00","dateModified":"2026-03-17T09:05:39+00:00","description":"kvaliteetne autoriehe kullast s\u00f5rmus h\u00f5be k\u00f5rvar\u00f5ngad k\u00e4ev\u00f5ru maleehted v\u00e4\u00e4rismetallid v\u00e4\u00e4riskivid ehtekivid kingitus kallimale ehtekunst","breadcrumb":{"@id":"https:\/\/www.margitpaulin.com\/esileht\/#breadcrumb"},"inLanguage":"en-GB","potentialAction":[{"@type":"ReadAction","target":["https:\/\/www.margitpaulin.com\/esileht\/"]}]},{"@type":"ImageObject","inLanguage":"en-GB","@id":"https:\/\/www.margitpaulin.com\/esileht\/#primaryimage","url":"https:\/\/www.margitpaulin.com\/site\/wp-content\/uploads\/2024\/11\/jwl_shoot1790-scaled-e1732603546573.jpg","contentUrl":"https:\/\/www.margitpaulin.com\/site\/wp-content\/uploads\/2024\/11\/jwl_shoot1790-scaled-e1732603546573.jpg","width":1536,"height":1920},{"@type":"BreadcrumbList","@id":"https:\/\/www.margitpaulin.com\/esileht\/#breadcrumb","itemListElement":[{"@type":"ListItem","position":1,"name":"Home","item":"https:\/\/www.margitpaulin.com\/esileht\/"},{"@type":"ListItem","position":2,"name":"Esileht"}]},{"@type":"WebSite","@id":"https:\/\/www.margitpaulin.com\/#website","url":"https:\/\/www.margitpaulin.com\/","name":"Margit Paulin","description":"Isikup\u00e4rased ja ainulaadsed ehted","publisher":{"@id":"https:\/\/www.margitpaulin.com\/#organization"},"potentialAction":[{"@type":"SearchAction","target":{"@type":"EntryPoint","urlTemplate":"https:\/\/www.margitpaulin.com\/?s={search_term_string}"},"query-input":{"@type":"PropertyValueSpecification","valueRequired":true,"valueName":"search_term_string"}}],"inLanguage":"en-GB"},{"@type":"Organization","@id":"https:\/\/www.margitpaulin.com\/#organization","name":"Margit Paulin","url":"https:\/\/www.margitpaulin.com\/","logo":{"@type":"ImageObject","inLanguage":"en-GB","@id":"https:\/\/www.margitpaulin.com\/#\/schema\/logo\/image\/","url":"http:\/\/www.margitpaulin.com\/site\/wp-content\/uploads\/2023\/04\/logo-general-black.svg","contentUrl":"http:\/\/www.margitpaulin.com\/site\/wp-content\/uploads\/2023\/04\/logo-general-black.svg","width":240,"height":148,"caption":"Margit Paulin"},"image":{"@id":"https:\/\/www.margitpaulin.com\/#\/schema\/logo\/image\/"},"sameAs":["https:\/\/www.facebook.com\/PaulinJewellery","https:\/\/www.instagram.com\/margitpaulin_jewellery"]}]}},"_links":{"self":[{"href":"https:\/\/www.margitpaulin.com\/en\/wp-json\/wp\/v2\/pages\/2","targetHints":{"allow":["GET"]}}],"collection":[{"href":"https:\/\/www.margitpaulin.com\/en\/wp-json\/wp\/v2\/pages"}],"about":[{"href":"https:\/\/www.margitpaulin.com\/en\/wp-json\/wp\/v2\/types\/page"}],"author":[{"embeddable":true,"href":"https:\/\/www.margitpaulin.com\/en\/wp-json\/wp\/v2\/users\/1"}],"replies":[{"embeddable":true,"href":"https:\/\/www.margitpaulin.com\/en\/wp-json\/wp\/v2\/comments?post=2"}],"version-history":[{"count":84,"href":"https:\/\/www.margitpaulin.com\/en\/wp-json\/wp\/v2\/pages\/2\/revisions"}],"predecessor-version":[{"id":1768,"href":"https:\/\/www.margitpaulin.com\/en\/wp-json\/wp\/v2\/pages\/2\/revisions\/1768"}],"wp:featuredmedia":[{"embeddable":true,"href":"https:\/\/www.margitpaulin.com\/en\/wp-json\/wp\/v2\/media\/1697"}],"wp:attachment":[{"href":"https:\/\/www.margitpaulin.com\/en\/wp-json\/wp\/v2\/media?parent=2"}],"curies":[{"name":"wp","href":"https:\/\/api.w.org\/{rel}","templated":true}]}}