{"id":34,"date":"2023-04-28T12:07:23","date_gmt":"2023-04-28T12:07:23","guid":{"rendered":"https:\/\/www.margitpaulin.com\/site\/?page_id=34"},"modified":"2026-01-18T13:59:35","modified_gmt":"2026-01-18T13:59:35","slug":"kollektsioonid","status":"publish","type":"page","link":"https:\/\/www.margitpaulin.com\/en\/kollektsioonid\/","title":{"rendered":"Kollektsioonid\/N\u00e4itused"},"content":{"rendered":"","protected":false},"excerpt":{"rendered":"","protected":false},"author":1,"featured_media":1697,"parent":0,"menu_order":1,"comment_status":"closed","ping_status":"closed","template":"page-collections.php","meta":{"_acf_changed":false,"inline_featured_image":false,"footnotes":""},"class_list":["post-34","page","type-page","status-publish","has-post-thumbnail","hentry"],"acf":[],"yoast_head":"<!-- This site is optimized with the Yoast SEO Premium plugin v23.9 (Yoast SEO v27.5) - https:\/\/yoast.com\/product\/yoast-seo-premium-wordpress\/ -->\n<title>Margit Paulin | Kollektsioonid\/N\u00e4itused<\/title>\n<meta name=\"description\" content=\"ehtekunsti n\u00e4itus ehte kollektsioon isikup\u00e4rane k\u00e4sit\u00f6\u00f6 handmade k\u00f5rvar\u00f5ngad k\u00e4ev\u00f5ru kaelakee s\u00f5rmus v\u00e4\u00e4riskivid h\u00f5be kuld kvaliteetne\" \/>\n<meta name=\"robots\" content=\"index, follow, max-snippet:-1, max-image-preview:large, max-video-preview:-1\" \/>\n<link rel=\"canonical\" href=\"https:\/\/www.margitpaulin.com\/en\/kollektsioonid\/\" \/>\n<meta property=\"og:locale\" content=\"en_GB\" \/>\n<meta property=\"og:type\" content=\"article\" \/>\n<meta property=\"og:title\" content=\"Kollektsioonid\/N\u00e4itused\" \/>\n<meta property=\"og:description\" content=\"ehtekunsti n\u00e4itus ehte kollektsioon isikup\u00e4rane k\u00e4sit\u00f6\u00f6 handmade k\u00f5rvar\u00f5ngad k\u00e4ev\u00f5ru kaelakee s\u00f5rmus v\u00e4\u00e4riskivid h\u00f5be kuld kvaliteetne\" \/>\n<meta property=\"og:url\" content=\"https:\/\/www.margitpaulin.com\/en\/kollektsioonid\/\" \/>\n<meta property=\"og:site_name\" content=\"Margit Paulin\" \/>\n<meta property=\"article:publisher\" content=\"https:\/\/www.facebook.com\/PaulinJewellery\" \/>\n<meta property=\"article:modified_time\" content=\"2026-01-18T13:59:35+00:00\" \/>\n<meta property=\"og:image\" content=\"http:\/\/www.margitpaulin.com\/site\/wp-content\/uploads\/2024\/11\/jwl_shoot1790-scaled-e1732603546573.jpg\" \/>\n\t<meta property=\"og:image:width\" content=\"1536\" \/>\n\t<meta property=\"og:image:height\" content=\"1920\" \/>\n\t<meta property=\"og:image:type\" content=\"image\/jpeg\" \/>\n<meta name=\"twitter:card\" content=\"summary_large_image\" \/>\n<script type=\"application\/ld+json\" class=\"yoast-schema-graph\">{\"@context\":\"https:\\\/\\\/schema.org\",\"@graph\":[{\"@type\":\"WebPage\",\"@id\":\"https:\\\/\\\/www.margitpaulin.com\\\/kollektsioonid\\\/\",\"url\":\"https:\\\/\\\/www.margitpaulin.com\\\/kollektsioonid\\\/\",\"name\":\"Margit Paulin | Kollektsioonid\\\/N\u00e4itused\",\"isPartOf\":{\"@id\":\"https:\\\/\\\/www.margitpaulin.com\\\/#website\"},\"primaryImageOfPage\":{\"@id\":\"https:\\\/\\\/www.margitpaulin.com\\\/kollektsioonid\\\/#primaryimage\"},\"image\":{\"@id\":\"https:\\\/\\\/www.margitpaulin.com\\\/kollektsioonid\\\/#primaryimage\"},\"thumbnailUrl\":\"https:\\\/\\\/www.margitpaulin.com\\\/site\\\/wp-content\\\/uploads\\\/2024\\\/11\\\/jwl_shoot1790-scaled-e1732603546573.jpg\",\"datePublished\":\"2023-04-28T12:07:23+00:00\",\"dateModified\":\"2026-01-18T13:59:35+00:00\",\"description\":\"ehtekunsti n\u00e4itus ehte kollektsioon isikup\u00e4rane k\u00e4sit\u00f6\u00f6 handmade k\u00f5rvar\u00f5ngad k\u00e4ev\u00f5ru kaelakee s\u00f5rmus v\u00e4\u00e4riskivid h\u00f5be kuld kvaliteetne\",\"breadcrumb\":{\"@id\":\"https:\\\/\\\/www.margitpaulin.com\\\/kollektsioonid\\\/#breadcrumb\"},\"inLanguage\":\"en-GB\",\"potentialAction\":[{\"@type\":\"ReadAction\",\"target\":[\"https:\\\/\\\/www.margitpaulin.com\\\/kollektsioonid\\\/\"]}]},{\"@type\":\"ImageObject\",\"inLanguage\":\"en-GB\",\"@id\":\"https:\\\/\\\/www.margitpaulin.com\\\/kollektsioonid\\\/#primaryimage\",\"url\":\"https:\\\/\\\/www.margitpaulin.com\\\/site\\\/wp-content\\\/uploads\\\/2024\\\/11\\\/jwl_shoot1790-scaled-e1732603546573.jpg\",\"contentUrl\":\"https:\\\/\\\/www.margitpaulin.com\\\/site\\\/wp-content\\\/uploads\\\/2024\\\/11\\\/jwl_shoot1790-scaled-e1732603546573.jpg\",\"width\":1536,\"height\":1920},{\"@type\":\"BreadcrumbList\",\"@id\":\"https:\\\/\\\/www.margitpaulin.com\\\/kollektsioonid\\\/#breadcrumb\",\"itemListElement\":[{\"@type\":\"ListItem\",\"position\":1,\"name\":\"Home\",\"item\":\"https:\\\/\\\/www.margitpaulin.com\\\/esileht\\\/\"},{\"@type\":\"ListItem\",\"position\":2,\"name\":\"Kollektsioonid\\\/N\u00e4itused\"}]},{\"@type\":\"WebSite\",\"@id\":\"https:\\\/\\\/www.margitpaulin.com\\\/#website\",\"url\":\"https:\\\/\\\/www.margitpaulin.com\\\/\",\"name\":\"Margit Paulin\",\"description\":\"Isikup\u00e4rased ja ainulaadsed ehted\",\"publisher\":{\"@id\":\"https:\\\/\\\/www.margitpaulin.com\\\/#organization\"},\"potentialAction\":[{\"@type\":\"SearchAction\",\"target\":{\"@type\":\"EntryPoint\",\"urlTemplate\":\"https:\\\/\\\/www.margitpaulin.com\\\/?s={search_term_string}\"},\"query-input\":{\"@type\":\"PropertyValueSpecification\",\"valueRequired\":true,\"valueName\":\"search_term_string\"}}],\"inLanguage\":\"en-GB\"},{\"@type\":\"Organization\",\"@id\":\"https:\\\/\\\/www.margitpaulin.com\\\/#organization\",\"name\":\"Margit Paulin\",\"url\":\"https:\\\/\\\/www.margitpaulin.com\\\/\",\"logo\":{\"@type\":\"ImageObject\",\"inLanguage\":\"en-GB\",\"@id\":\"https:\\\/\\\/www.margitpaulin.com\\\/#\\\/schema\\\/logo\\\/image\\\/\",\"url\":\"http:\\\/\\\/www.margitpaulin.com\\\/site\\\/wp-content\\\/uploads\\\/2023\\\/04\\\/logo-general-black.svg\",\"contentUrl\":\"http:\\\/\\\/www.margitpaulin.com\\\/site\\\/wp-content\\\/uploads\\\/2023\\\/04\\\/logo-general-black.svg\",\"width\":240,\"height\":148,\"caption\":\"Margit Paulin\"},\"image\":{\"@id\":\"https:\\\/\\\/www.margitpaulin.com\\\/#\\\/schema\\\/logo\\\/image\\\/\"},\"sameAs\":[\"https:\\\/\\\/www.facebook.com\\\/PaulinJewellery\",\"https:\\\/\\\/www.instagram.com\\\/margitpaulin_jewellery\"]}]}<\/script>\n<!-- \/ Yoast SEO Premium plugin. -->","yoast_head_json":{"title":"Margit Paulin | Kollektsioonid\/N\u00e4itused","description":"ehtekunsti n\u00e4itus ehte kollektsioon isikup\u00e4rane k\u00e4sit\u00f6\u00f6 handmade k\u00f5rvar\u00f5ngad k\u00e4ev\u00f5ru kaelakee s\u00f5rmus v\u00e4\u00e4riskivid h\u00f5be kuld kvaliteetne","robots":{"index":"index","follow":"follow","max-snippet":"max-snippet:-1","max-image-preview":"max-image-preview:large","max-video-preview":"max-video-preview:-1"},"canonical":"https:\/\/www.margitpaulin.com\/en\/kollektsioonid\/","og_locale":"en_GB","og_type":"article","og_title":"Kollektsioonid\/N\u00e4itused","og_description":"ehtekunsti n\u00e4itus ehte kollektsioon isikup\u00e4rane k\u00e4sit\u00f6\u00f6 handmade k\u00f5rvar\u00f5ngad k\u00e4ev\u00f5ru kaelakee s\u00f5rmus v\u00e4\u00e4riskivid h\u00f5be kuld kvaliteetne","og_url":"https:\/\/www.margitpaulin.com\/en\/kollektsioonid\/","og_site_name":"Margit Paulin","article_publisher":"https:\/\/www.facebook.com\/PaulinJewellery","article_modified_time":"2026-01-18T13:59:35+00:00","og_image":[{"width":1536,"height":1920,"url":"http:\/\/www.margitpaulin.com\/site\/wp-content\/uploads\/2024\/11\/jwl_shoot1790-scaled-e1732603546573.jpg","type":"image\/jpeg"}],"twitter_card":"summary_large_image","schema":{"@context":"https:\/\/schema.org","@graph":[{"@type":"WebPage","@id":"https:\/\/www.margitpaulin.com\/kollektsioonid\/","url":"https:\/\/www.margitpaulin.com\/kollektsioonid\/","name":"Margit Paulin | Kollektsioonid\/N\u00e4itused","isPartOf":{"@id":"https:\/\/www.margitpaulin.com\/#website"},"primaryImageOfPage":{"@id":"https:\/\/www.margitpaulin.com\/kollektsioonid\/#primaryimage"},"image":{"@id":"https:\/\/www.margitpaulin.com\/kollektsioonid\/#primaryimage"},"thumbnailUrl":"https:\/\/www.margitpaulin.com\/site\/wp-content\/uploads\/2024\/11\/jwl_shoot1790-scaled-e1732603546573.jpg","datePublished":"2023-04-28T12:07:23+00:00","dateModified":"2026-01-18T13:59:35+00:00","description":"ehtekunsti n\u00e4itus ehte kollektsioon isikup\u00e4rane k\u00e4sit\u00f6\u00f6 handmade k\u00f5rvar\u00f5ngad k\u00e4ev\u00f5ru kaelakee s\u00f5rmus v\u00e4\u00e4riskivid h\u00f5be kuld kvaliteetne","breadcrumb":{"@id":"https:\/\/www.margitpaulin.com\/kollektsioonid\/#breadcrumb"},"inLanguage":"en-GB","potentialAction":[{"@type":"ReadAction","target":["https:\/\/www.margitpaulin.com\/kollektsioonid\/"]}]},{"@type":"ImageObject","inLanguage":"en-GB","@id":"https:\/\/www.margitpaulin.com\/kollektsioonid\/#primaryimage","url":"https:\/\/www.margitpaulin.com\/site\/wp-content\/uploads\/2024\/11\/jwl_shoot1790-scaled-e1732603546573.jpg","contentUrl":"https:\/\/www.margitpaulin.com\/site\/wp-content\/uploads\/2024\/11\/jwl_shoot1790-scaled-e1732603546573.jpg","width":1536,"height":1920},{"@type":"BreadcrumbList","@id":"https:\/\/www.margitpaulin.com\/kollektsioonid\/#breadcrumb","itemListElement":[{"@type":"ListItem","position":1,"name":"Home","item":"https:\/\/www.margitpaulin.com\/esileht\/"},{"@type":"ListItem","position":2,"name":"Kollektsioonid\/N\u00e4itused"}]},{"@type":"WebSite","@id":"https:\/\/www.margitpaulin.com\/#website","url":"https:\/\/www.margitpaulin.com\/","name":"Margit Paulin","description":"Isikup\u00e4rased ja ainulaadsed ehted","publisher":{"@id":"https:\/\/www.margitpaulin.com\/#organization"},"potentialAction":[{"@type":"SearchAction","target":{"@type":"EntryPoint","urlTemplate":"https:\/\/www.margitpaulin.com\/?s={search_term_string}"},"query-input":{"@type":"PropertyValueSpecification","valueRequired":true,"valueName":"search_term_string"}}],"inLanguage":"en-GB"},{"@type":"Organization","@id":"https:\/\/www.margitpaulin.com\/#organization","name":"Margit Paulin","url":"https:\/\/www.margitpaulin.com\/","logo":{"@type":"ImageObject","inLanguage":"en-GB","@id":"https:\/\/www.margitpaulin.com\/#\/schema\/logo\/image\/","url":"http:\/\/www.margitpaulin.com\/site\/wp-content\/uploads\/2023\/04\/logo-general-black.svg","contentUrl":"http:\/\/www.margitpaulin.com\/site\/wp-content\/uploads\/2023\/04\/logo-general-black.svg","width":240,"height":148,"caption":"Margit Paulin"},"image":{"@id":"https:\/\/www.margitpaulin.com\/#\/schema\/logo\/image\/"},"sameAs":["https:\/\/www.facebook.com\/PaulinJewellery","https:\/\/www.instagram.com\/margitpaulin_jewellery"]}]}},"_links":{"self":[{"href":"https:\/\/www.margitpaulin.com\/en\/wp-json\/wp\/v2\/pages\/34","targetHints":{"allow":["GET"]}}],"collection":[{"href":"https:\/\/www.margitpaulin.com\/en\/wp-json\/wp\/v2\/pages"}],"about":[{"href":"https:\/\/www.margitpaulin.com\/en\/wp-json\/wp\/v2\/types\/page"}],"author":[{"embeddable":true,"href":"https:\/\/www.margitpaulin.com\/en\/wp-json\/wp\/v2\/users\/1"}],"replies":[{"embeddable":true,"href":"https:\/\/www.margitpaulin.com\/en\/wp-json\/wp\/v2\/comments?post=34"}],"version-history":[{"count":9,"href":"https:\/\/www.margitpaulin.com\/en\/wp-json\/wp\/v2\/pages\/34\/revisions"}],"predecessor-version":[{"id":2635,"href":"https:\/\/www.margitpaulin.com\/en\/wp-json\/wp\/v2\/pages\/34\/revisions\/2635"}],"wp:featuredmedia":[{"embeddable":true,"href":"https:\/\/www.margitpaulin.com\/en\/wp-json\/wp\/v2\/media\/1697"}],"wp:attachment":[{"href":"https:\/\/www.margitpaulin.com\/en\/wp-json\/wp\/v2\/media?parent=34"}],"curies":[{"name":"wp","href":"https:\/\/api.w.org\/{rel}","templated":true}]}}