{"id":2518,"date":"2026-01-18T08:14:16","date_gmt":"2026-01-18T08:14:16","guid":{"rendered":"https:\/\/www.margitpaulin.com\/toode\/korvarongad-sahmat-ratsu-1\/"},"modified":"2026-02-18T07:32:13","modified_gmt":"2026-02-18T07:32:13","slug":"korvarongad-sahmat-ratsu-1","status":"publish","type":"product","link":"https:\/\/www.margitpaulin.com\/en\/product\/korvarongad-sahmat-ratsu-1\/","title":{"rendered":"K\u00f5rvar\u00f5ngad &#8220;\u0160ahMat! Ratsu 1&#8221;"},"content":{"rendered":"<p>Tulihobuse aasta algab ja siin on \u00fched imelised hobuehted kandmaks sind sellel aastal. Need eebenipuust ja v\u00e4rvi muutva erilise Madagaskari granaadi silmadega mustaratsu k\u00f5rvaehted oma suuruselt ei j\u00e4\u00e4 kindlasti varju ja r\u00f5hutavad kandja julgust olla sina ise. K\u00f5rvar\u00f5ngaste lukud on v\u00e4ga tugevad, kuna h\u00f5bedast taguse sisse on peidetud silikoon takistamaks oma lemmikute kadumist. Ehted saabuvad mustas kunstniku m\u00e4rgisega t\u00e4histatud karbis.<\/p>","protected":false},"excerpt":{"rendered":"<p>Tulihobuse aasta algab ja siin on \u00fched imelised hobuehted kandmaks sind sellel aastal. Need eebenipuust ja v\u00e4rvi muutva erilise Madagaskari granaadi silmadega mustaratsu k\u00f5rvaehted oma suuruselt ei j\u00e4\u00e4 kindlasti varju ja r\u00f5hutavad kandja julgust olla sina ise. K\u00f5rvar\u00f5ngaste lukud on v\u00e4ga tugevad, kuna h\u00f5bedast taguse sisse on peidetud silikoon takistamaks oma lemmikute kadumist. Ehted saabuvad [&hellip;]<\/p>\n","protected":false},"featured_media":1258,"template":"","meta":{"_acf_changed":false,"inline_featured_image":false},"product_brand":[],"product_cat":[30],"product_tag":[],"class_list":{"0":"post-2518","1":"product","2":"type-product","3":"status-publish","4":"has-post-thumbnail","6":"product_cat-korvarongad","7":"pa_materjal-hobe-925","8":"pa_materjal-eeben","9":"pa_materjal-madagaskari-granaadid","10":"pa_suurus-6x3x0-5cm","12":"first","13":"instock","14":"sale","15":"taxable","16":"shipping-taxable","17":"purchasable","18":"product-type-simple"},"acf":[],"yoast_head":"<!-- This site is optimized with the Yoast SEO Premium plugin v23.9 (Yoast SEO v27.4) - https:\/\/yoast.com\/product\/yoast-seo-premium-wordpress\/ -->\n<title>Margit Paulin | K\u00f5rvar\u00f5ngad &quot;\u0160ahMat! Ratsu 1&quot;<\/title>\n<meta name=\"description\" content=\"tulihobuse aasta 2026 k\u00f5rvaehted h\u00f5be Madagaskari granaat erilised ehted k\u00e4sit\u00f6\u00f6 maleehted ehtekunstnik kuldehted puidust ja eebenipuust ehted erilised\" \/>\n<meta name=\"robots\" content=\"index, follow, max-snippet:-1, max-image-preview:large, max-video-preview:-1\" \/>\n<link rel=\"canonical\" href=\"https:\/\/www.margitpaulin.com\/en\/product\/korvarongad-sahmat-ratsu-1\/\" \/>\n<meta property=\"og:locale\" content=\"en_GB\" \/>\n<meta property=\"og:type\" content=\"article\" \/>\n<meta property=\"og:title\" content=\"K\u00f5rvar\u00f5ngad &quot;\u0160ahMat! Ratsu 1&quot;\" \/>\n<meta property=\"og:description\" content=\"tulihobuse aasta 2026 k\u00f5rvaehted h\u00f5be Madagaskari granaat erilised ehted k\u00e4sit\u00f6\u00f6 maleehted ehtekunstnik kuldehted puidust ja eebenipuust ehted erilised\" \/>\n<meta property=\"og:url\" content=\"https:\/\/www.margitpaulin.com\/en\/product\/korvarongad-sahmat-ratsu-1\/\" \/>\n<meta property=\"og:site_name\" content=\"Margit Paulin\" \/>\n<meta property=\"article:publisher\" content=\"https:\/\/www.facebook.com\/PaulinJewellery\" \/>\n<meta property=\"article:modified_time\" content=\"2026-02-18T07:32:13+00:00\" \/>\n<meta property=\"og:image\" content=\"http:\/\/www.margitpaulin.com\/site\/wp-content\/uploads\/2024\/10\/jwl_shoot2653-scaled.jpg\" \/>\n\t<meta property=\"og:image:width\" content=\"2048\" \/>\n\t<meta property=\"og:image:height\" content=\"2560\" \/>\n\t<meta property=\"og:image:type\" content=\"image\/jpeg\" \/>\n<meta name=\"twitter:card\" content=\"summary_large_image\" \/>\n<meta name=\"twitter:label1\" content=\"Estimated reading time\" \/>\n\t<meta name=\"twitter:data1\" content=\"1 minute\" \/>\n<script type=\"application\/ld+json\" class=\"yoast-schema-graph\">{\"@context\":\"https:\\\/\\\/schema.org\",\"@graph\":[{\"@type\":\"WebPage\",\"@id\":\"https:\\\/\\\/www.margitpaulin.com\\\/toode\\\/korvarongad-sahmat-ratsu-1\\\/\",\"url\":\"https:\\\/\\\/www.margitpaulin.com\\\/toode\\\/korvarongad-sahmat-ratsu-1\\\/\",\"name\":\"Margit Paulin | K\u00f5rvar\u00f5ngad \\\"\u0160ahMat! Ratsu 1\\\"\",\"isPartOf\":{\"@id\":\"https:\\\/\\\/www.margitpaulin.com\\\/#website\"},\"primaryImageOfPage\":{\"@id\":\"https:\\\/\\\/www.margitpaulin.com\\\/toode\\\/korvarongad-sahmat-ratsu-1\\\/#primaryimage\"},\"image\":{\"@id\":\"https:\\\/\\\/www.margitpaulin.com\\\/toode\\\/korvarongad-sahmat-ratsu-1\\\/#primaryimage\"},\"thumbnailUrl\":\"https:\\\/\\\/www.margitpaulin.com\\\/site\\\/wp-content\\\/uploads\\\/2024\\\/10\\\/jwl_shoot2653-scaled.jpg\",\"datePublished\":\"2026-01-18T08:14:16+00:00\",\"dateModified\":\"2026-02-18T07:32:13+00:00\",\"description\":\"tulihobuse aasta 2026 k\u00f5rvaehted h\u00f5be Madagaskari granaat erilised ehted k\u00e4sit\u00f6\u00f6 maleehted ehtekunstnik kuldehted puidust ja eebenipuust ehted erilised\",\"breadcrumb\":{\"@id\":\"https:\\\/\\\/www.margitpaulin.com\\\/toode\\\/korvarongad-sahmat-ratsu-1\\\/#breadcrumb\"},\"inLanguage\":\"en-GB\",\"potentialAction\":[{\"@type\":\"ReadAction\",\"target\":[\"https:\\\/\\\/www.margitpaulin.com\\\/toode\\\/korvarongad-sahmat-ratsu-1\\\/\"]}]},{\"@type\":\"ImageObject\",\"inLanguage\":\"en-GB\",\"@id\":\"https:\\\/\\\/www.margitpaulin.com\\\/toode\\\/korvarongad-sahmat-ratsu-1\\\/#primaryimage\",\"url\":\"https:\\\/\\\/www.margitpaulin.com\\\/site\\\/wp-content\\\/uploads\\\/2024\\\/10\\\/jwl_shoot2653-scaled.jpg\",\"contentUrl\":\"https:\\\/\\\/www.margitpaulin.com\\\/site\\\/wp-content\\\/uploads\\\/2024\\\/10\\\/jwl_shoot2653-scaled.jpg\",\"width\":2048,\"height\":2560},{\"@type\":\"BreadcrumbList\",\"@id\":\"https:\\\/\\\/www.margitpaulin.com\\\/toode\\\/korvarongad-sahmat-ratsu-1\\\/#breadcrumb\",\"itemListElement\":[{\"@type\":\"ListItem\",\"position\":1,\"name\":\"Home\",\"item\":\"https:\\\/\\\/www.margitpaulin.com\\\/esileht\\\/\"},{\"@type\":\"ListItem\",\"position\":2,\"name\":\"E-pood\",\"item\":\"https:\\\/\\\/www.margitpaulin.com\\\/e-pood\\\/\"},{\"@type\":\"ListItem\",\"position\":3,\"name\":\"K\u00f5rvar\u00f5ngad &#8220;\u0160ahMat! Ratsu 1&#8221;\"}]},{\"@type\":\"WebSite\",\"@id\":\"https:\\\/\\\/www.margitpaulin.com\\\/#website\",\"url\":\"https:\\\/\\\/www.margitpaulin.com\\\/\",\"name\":\"Margit Paulin\",\"description\":\"Isikup\u00e4rased ja ainulaadsed ehted\",\"publisher\":{\"@id\":\"https:\\\/\\\/www.margitpaulin.com\\\/#organization\"},\"potentialAction\":[{\"@type\":\"SearchAction\",\"target\":{\"@type\":\"EntryPoint\",\"urlTemplate\":\"https:\\\/\\\/www.margitpaulin.com\\\/?s={search_term_string}\"},\"query-input\":{\"@type\":\"PropertyValueSpecification\",\"valueRequired\":true,\"valueName\":\"search_term_string\"}}],\"inLanguage\":\"en-GB\"},{\"@type\":\"Organization\",\"@id\":\"https:\\\/\\\/www.margitpaulin.com\\\/#organization\",\"name\":\"Margit Paulin\",\"url\":\"https:\\\/\\\/www.margitpaulin.com\\\/\",\"logo\":{\"@type\":\"ImageObject\",\"inLanguage\":\"en-GB\",\"@id\":\"https:\\\/\\\/www.margitpaulin.com\\\/#\\\/schema\\\/logo\\\/image\\\/\",\"url\":\"http:\\\/\\\/www.margitpaulin.com\\\/site\\\/wp-content\\\/uploads\\\/2023\\\/04\\\/logo-general-black.svg\",\"contentUrl\":\"http:\\\/\\\/www.margitpaulin.com\\\/site\\\/wp-content\\\/uploads\\\/2023\\\/04\\\/logo-general-black.svg\",\"width\":240,\"height\":148,\"caption\":\"Margit Paulin\"},\"image\":{\"@id\":\"https:\\\/\\\/www.margitpaulin.com\\\/#\\\/schema\\\/logo\\\/image\\\/\"},\"sameAs\":[\"https:\\\/\\\/www.facebook.com\\\/PaulinJewellery\",\"https:\\\/\\\/www.instagram.com\\\/margitpaulin_jewellery\"]}]}<\/script>\n<!-- \/ Yoast SEO Premium plugin. -->","yoast_head_json":{"title":"Margit Paulin | K\u00f5rvar\u00f5ngad \"\u0160ahMat! Ratsu 1\"","description":"tulihobuse aasta 2026 k\u00f5rvaehted h\u00f5be Madagaskari granaat erilised ehted k\u00e4sit\u00f6\u00f6 maleehted ehtekunstnik kuldehted puidust ja eebenipuust ehted erilised","robots":{"index":"index","follow":"follow","max-snippet":"max-snippet:-1","max-image-preview":"max-image-preview:large","max-video-preview":"max-video-preview:-1"},"canonical":"https:\/\/www.margitpaulin.com\/en\/product\/korvarongad-sahmat-ratsu-1\/","og_locale":"en_GB","og_type":"article","og_title":"K\u00f5rvar\u00f5ngad \"\u0160ahMat! Ratsu 1\"","og_description":"tulihobuse aasta 2026 k\u00f5rvaehted h\u00f5be Madagaskari granaat erilised ehted k\u00e4sit\u00f6\u00f6 maleehted ehtekunstnik kuldehted puidust ja eebenipuust ehted erilised","og_url":"https:\/\/www.margitpaulin.com\/en\/product\/korvarongad-sahmat-ratsu-1\/","og_site_name":"Margit Paulin","article_publisher":"https:\/\/www.facebook.com\/PaulinJewellery","article_modified_time":"2026-02-18T07:32:13+00:00","og_image":[{"width":2048,"height":2560,"url":"http:\/\/www.margitpaulin.com\/site\/wp-content\/uploads\/2024\/10\/jwl_shoot2653-scaled.jpg","type":"image\/jpeg"}],"twitter_card":"summary_large_image","twitter_misc":{"Estimated reading time":"1 minute"},"schema":{"@context":"https:\/\/schema.org","@graph":[{"@type":"WebPage","@id":"https:\/\/www.margitpaulin.com\/toode\/korvarongad-sahmat-ratsu-1\/","url":"https:\/\/www.margitpaulin.com\/toode\/korvarongad-sahmat-ratsu-1\/","name":"Margit Paulin | K\u00f5rvar\u00f5ngad \"\u0160ahMat! Ratsu 1\"","isPartOf":{"@id":"https:\/\/www.margitpaulin.com\/#website"},"primaryImageOfPage":{"@id":"https:\/\/www.margitpaulin.com\/toode\/korvarongad-sahmat-ratsu-1\/#primaryimage"},"image":{"@id":"https:\/\/www.margitpaulin.com\/toode\/korvarongad-sahmat-ratsu-1\/#primaryimage"},"thumbnailUrl":"https:\/\/www.margitpaulin.com\/site\/wp-content\/uploads\/2024\/10\/jwl_shoot2653-scaled.jpg","datePublished":"2026-01-18T08:14:16+00:00","dateModified":"2026-02-18T07:32:13+00:00","description":"tulihobuse aasta 2026 k\u00f5rvaehted h\u00f5be Madagaskari granaat erilised ehted k\u00e4sit\u00f6\u00f6 maleehted ehtekunstnik kuldehted puidust ja eebenipuust ehted erilised","breadcrumb":{"@id":"https:\/\/www.margitpaulin.com\/toode\/korvarongad-sahmat-ratsu-1\/#breadcrumb"},"inLanguage":"en-GB","potentialAction":[{"@type":"ReadAction","target":["https:\/\/www.margitpaulin.com\/toode\/korvarongad-sahmat-ratsu-1\/"]}]},{"@type":"ImageObject","inLanguage":"en-GB","@id":"https:\/\/www.margitpaulin.com\/toode\/korvarongad-sahmat-ratsu-1\/#primaryimage","url":"https:\/\/www.margitpaulin.com\/site\/wp-content\/uploads\/2024\/10\/jwl_shoot2653-scaled.jpg","contentUrl":"https:\/\/www.margitpaulin.com\/site\/wp-content\/uploads\/2024\/10\/jwl_shoot2653-scaled.jpg","width":2048,"height":2560},{"@type":"BreadcrumbList","@id":"https:\/\/www.margitpaulin.com\/toode\/korvarongad-sahmat-ratsu-1\/#breadcrumb","itemListElement":[{"@type":"ListItem","position":1,"name":"Home","item":"https:\/\/www.margitpaulin.com\/esileht\/"},{"@type":"ListItem","position":2,"name":"E-pood","item":"https:\/\/www.margitpaulin.com\/e-pood\/"},{"@type":"ListItem","position":3,"name":"K\u00f5rvar\u00f5ngad &#8220;\u0160ahMat! Ratsu 1&#8221;"}]},{"@type":"WebSite","@id":"https:\/\/www.margitpaulin.com\/#website","url":"https:\/\/www.margitpaulin.com\/","name":"Margit Paulin","description":"Isikup\u00e4rased ja ainulaadsed ehted","publisher":{"@id":"https:\/\/www.margitpaulin.com\/#organization"},"potentialAction":[{"@type":"SearchAction","target":{"@type":"EntryPoint","urlTemplate":"https:\/\/www.margitpaulin.com\/?s={search_term_string}"},"query-input":{"@type":"PropertyValueSpecification","valueRequired":true,"valueName":"search_term_string"}}],"inLanguage":"en-GB"},{"@type":"Organization","@id":"https:\/\/www.margitpaulin.com\/#organization","name":"Margit Paulin","url":"https:\/\/www.margitpaulin.com\/","logo":{"@type":"ImageObject","inLanguage":"en-GB","@id":"https:\/\/www.margitpaulin.com\/#\/schema\/logo\/image\/","url":"http:\/\/www.margitpaulin.com\/site\/wp-content\/uploads\/2023\/04\/logo-general-black.svg","contentUrl":"http:\/\/www.margitpaulin.com\/site\/wp-content\/uploads\/2023\/04\/logo-general-black.svg","width":240,"height":148,"caption":"Margit Paulin"},"image":{"@id":"https:\/\/www.margitpaulin.com\/#\/schema\/logo\/image\/"},"sameAs":["https:\/\/www.facebook.com\/PaulinJewellery","https:\/\/www.instagram.com\/margitpaulin_jewellery"]}]}},"_links":{"self":[{"href":"https:\/\/www.margitpaulin.com\/en\/wp-json\/wp\/v2\/product\/2518","targetHints":{"allow":["GET"]}}],"collection":[{"href":"https:\/\/www.margitpaulin.com\/en\/wp-json\/wp\/v2\/product"}],"about":[{"href":"https:\/\/www.margitpaulin.com\/en\/wp-json\/wp\/v2\/types\/product"}],"wp:featuredmedia":[{"embeddable":true,"href":"https:\/\/www.margitpaulin.com\/en\/wp-json\/wp\/v2\/media\/1258"}],"wp:attachment":[{"href":"https:\/\/www.margitpaulin.com\/en\/wp-json\/wp\/v2\/media?parent=2518"}],"wp:term":[{"taxonomy":"product_brand","embeddable":true,"href":"https:\/\/www.margitpaulin.com\/en\/wp-json\/wp\/v2\/product_brand?post=2518"},{"taxonomy":"product_cat","embeddable":true,"href":"https:\/\/www.margitpaulin.com\/en\/wp-json\/wp\/v2\/product_cat?post=2518"},{"taxonomy":"product_tag","embeddable":true,"href":"https:\/\/www.margitpaulin.com\/en\/wp-json\/wp\/v2\/product_tag?post=2518"}],"curies":[{"name":"wp","href":"https:\/\/api.w.org\/{rel}","templated":true}]}}