{"id":2520,"date":"2026-01-18T08:14:17","date_gmt":"2026-01-18T08:14:17","guid":{"rendered":"https:\/\/www.margitpaulin.com\/toode\/kaelaehe-sahmat\/"},"modified":"2026-01-18T08:14:18","modified_gmt":"2026-01-18T08:14:18","slug":"kaelaehe-sahmat","status":"publish","type":"product","link":"https:\/\/www.margitpaulin.com\/en\/product\/kaelaehe-sahmat\/","title":{"rendered":"Kaelaehe &#8220;\u0160ahMat!&#8221;"},"content":{"rendered":"<p>See ainulaadne puidust kollaste malendite ja h\u00f5betraadiga \u00fchendatud kaelaehe on kindlasti eristuv ja pilkup\u00fc\u00fcdev. Oma kandmismugavuses ja -kerguses j\u00e4tab ohtralt kombineerimis- ja kandmisv\u00f5imalusi erinevateks puhkudeks. Seeria Maika ja Malend on inspireeritud vabaduse ja konservatiivse m\u00e4ngu \u00fchendamisest ja nende vastuolust. Kas v\u00f5tad elu m\u00e4nguliselt v\u00f5i mitte, on iga\u00fche enda otsustada. Ehe saabub mustas karbis.<\/p>","protected":false},"excerpt":{"rendered":"<p>See ainulaadne puidust kollaste malendite ja h\u00f5betraadiga \u00fchendatud kaelaehe on kindlasti eristuv ja pilkup\u00fc\u00fcdev. Oma kandmismugavuses ja -kerguses j\u00e4tab ohtralt kombineerimis- ja kandmisv\u00f5imalusi erinevateks puhkudeks. Seeria Maika ja Malend on inspireeritud vabaduse ja konservatiivse m\u00e4ngu \u00fchendamisest ja nende vastuolust. Kas v\u00f5tad elu m\u00e4nguliselt v\u00f5i mitte, on iga\u00fche enda otsustada. Ehe saabub mustas karbis.<\/p>","protected":false},"featured_media":596,"template":"","meta":{"_acf_changed":false,"inline_featured_image":false},"product_brand":[],"product_cat":[31],"product_tag":[],"class_list":{"0":"post-2520","1":"product","2":"type-product","3":"status-publish","4":"has-post-thumbnail","6":"product_cat-kaelaehted","7":"pa_materjal-puit","8":"pa_materjal-hobe-925","9":"pa_pikkus-60cm","11":"first","12":"instock","13":"taxable","14":"shipping-taxable","15":"purchasable","16":"product-type-simple"},"acf":[],"yoast_head":"<!-- This site is optimized with the Yoast SEO Premium plugin v23.9 (Yoast SEO v27.4) - https:\/\/yoast.com\/product\/yoast-seo-premium-wordpress\/ -->\n<title>Margit Paulin | Kaelaehe &quot;\u0160ahMat!&quot;<\/title>\n<meta name=\"robots\" content=\"index, follow, max-snippet:-1, max-image-preview:large, max-video-preview:-1\" \/>\n<link rel=\"canonical\" href=\"https:\/\/www.margitpaulin.com\/en\/product\/kaelaehe-sahmat\/\" \/>\n<meta property=\"og:locale\" content=\"en_GB\" \/>\n<meta property=\"og:type\" content=\"article\" \/>\n<meta property=\"og:title\" content=\"Kaelaehe &quot;\u0160ahMat!&quot;\" \/>\n<meta property=\"og:description\" content=\"See ainulaadne puidust kollaste malendite ja h\u00f5betraadiga \u00fchendatud kaelaehe on kindlasti eristuv ja pilkup\u00fc\u00fcdev. Oma kandmismugavuses ja -kerguses j\u00e4tab ohtralt kombineerimis- ja kandmisv\u00f5imalusi erinevateks puhkudeks. Seeria Maika ja Malend on inspireeritud vabaduse ja konservatiivse m\u00e4ngu \u00fchendamisest ja nende vastuolust. Kas v\u00f5tad elu m\u00e4nguliselt v\u00f5i mitte, on iga\u00fche enda otsustada. Ehe saabub mustas karbis.\" \/>\n<meta property=\"og:url\" content=\"https:\/\/www.margitpaulin.com\/en\/product\/kaelaehe-sahmat\/\" \/>\n<meta property=\"og:site_name\" content=\"Margit Paulin\" \/>\n<meta property=\"article:publisher\" content=\"https:\/\/www.facebook.com\/PaulinJewellery\" \/>\n<meta property=\"article:modified_time\" content=\"2026-01-18T08:14:18+00:00\" \/>\n<meta name=\"twitter:card\" content=\"summary_large_image\" \/>\n<script type=\"application\/ld+json\" class=\"yoast-schema-graph\">{\"@context\":\"https:\\\/\\\/schema.org\",\"@graph\":[{\"@type\":\"WebPage\",\"@id\":\"https:\\\/\\\/www.margitpaulin.com\\\/toode\\\/kaelaehe-sahmat\\\/\",\"url\":\"https:\\\/\\\/www.margitpaulin.com\\\/toode\\\/kaelaehe-sahmat\\\/\",\"name\":\"Margit Paulin | Kaelaehe \\\"\u0160ahMat!\\\"\",\"isPartOf\":{\"@id\":\"https:\\\/\\\/www.margitpaulin.com\\\/#website\"},\"primaryImageOfPage\":{\"@id\":\"https:\\\/\\\/www.margitpaulin.com\\\/toode\\\/kaelaehe-sahmat\\\/#primaryimage\"},\"image\":{\"@id\":\"https:\\\/\\\/www.margitpaulin.com\\\/toode\\\/kaelaehe-sahmat\\\/#primaryimage\"},\"thumbnailUrl\":\"https:\\\/\\\/www.margitpaulin.com\\\/site\\\/wp-content\\\/uploads\\\/2023\\\/11\\\/kaelaehted-sahmat-01.jpg\",\"datePublished\":\"2026-01-18T08:14:17+00:00\",\"dateModified\":\"2026-01-18T08:14:18+00:00\",\"breadcrumb\":{\"@id\":\"https:\\\/\\\/www.margitpaulin.com\\\/toode\\\/kaelaehe-sahmat\\\/#breadcrumb\"},\"inLanguage\":\"en-GB\",\"potentialAction\":[{\"@type\":\"ReadAction\",\"target\":[\"https:\\\/\\\/www.margitpaulin.com\\\/toode\\\/kaelaehe-sahmat\\\/\"]}]},{\"@type\":\"ImageObject\",\"inLanguage\":\"en-GB\",\"@id\":\"https:\\\/\\\/www.margitpaulin.com\\\/toode\\\/kaelaehe-sahmat\\\/#primaryimage\",\"url\":\"https:\\\/\\\/www.margitpaulin.com\\\/site\\\/wp-content\\\/uploads\\\/2023\\\/11\\\/kaelaehted-sahmat-01.jpg\",\"contentUrl\":\"https:\\\/\\\/www.margitpaulin.com\\\/site\\\/wp-content\\\/uploads\\\/2023\\\/11\\\/kaelaehted-sahmat-01.jpg\",\"width\":1280,\"height\":1920},{\"@type\":\"BreadcrumbList\",\"@id\":\"https:\\\/\\\/www.margitpaulin.com\\\/toode\\\/kaelaehe-sahmat\\\/#breadcrumb\",\"itemListElement\":[{\"@type\":\"ListItem\",\"position\":1,\"name\":\"Home\",\"item\":\"https:\\\/\\\/www.margitpaulin.com\\\/esileht\\\/\"},{\"@type\":\"ListItem\",\"position\":2,\"name\":\"E-pood\",\"item\":\"https:\\\/\\\/www.margitpaulin.com\\\/e-pood\\\/\"},{\"@type\":\"ListItem\",\"position\":3,\"name\":\"Kaelaehe &#8220;\u0160ahMat!&#8221;\"}]},{\"@type\":\"WebSite\",\"@id\":\"https:\\\/\\\/www.margitpaulin.com\\\/#website\",\"url\":\"https:\\\/\\\/www.margitpaulin.com\\\/\",\"name\":\"Margit Paulin\",\"description\":\"Isikup\u00e4rased ja ainulaadsed ehted\",\"publisher\":{\"@id\":\"https:\\\/\\\/www.margitpaulin.com\\\/#organization\"},\"potentialAction\":[{\"@type\":\"SearchAction\",\"target\":{\"@type\":\"EntryPoint\",\"urlTemplate\":\"https:\\\/\\\/www.margitpaulin.com\\\/?s={search_term_string}\"},\"query-input\":{\"@type\":\"PropertyValueSpecification\",\"valueRequired\":true,\"valueName\":\"search_term_string\"}}],\"inLanguage\":\"en-GB\"},{\"@type\":\"Organization\",\"@id\":\"https:\\\/\\\/www.margitpaulin.com\\\/#organization\",\"name\":\"Margit Paulin\",\"url\":\"https:\\\/\\\/www.margitpaulin.com\\\/\",\"logo\":{\"@type\":\"ImageObject\",\"inLanguage\":\"en-GB\",\"@id\":\"https:\\\/\\\/www.margitpaulin.com\\\/#\\\/schema\\\/logo\\\/image\\\/\",\"url\":\"http:\\\/\\\/www.margitpaulin.com\\\/site\\\/wp-content\\\/uploads\\\/2023\\\/04\\\/logo-general-black.svg\",\"contentUrl\":\"http:\\\/\\\/www.margitpaulin.com\\\/site\\\/wp-content\\\/uploads\\\/2023\\\/04\\\/logo-general-black.svg\",\"width\":240,\"height\":148,\"caption\":\"Margit Paulin\"},\"image\":{\"@id\":\"https:\\\/\\\/www.margitpaulin.com\\\/#\\\/schema\\\/logo\\\/image\\\/\"},\"sameAs\":[\"https:\\\/\\\/www.facebook.com\\\/PaulinJewellery\",\"https:\\\/\\\/www.instagram.com\\\/margitpaulin_jewellery\"]}]}<\/script>\n<!-- \/ Yoast SEO Premium plugin. -->","yoast_head_json":{"title":"Margit Paulin | Kaelaehe \"\u0160ahMat!\"","robots":{"index":"index","follow":"follow","max-snippet":"max-snippet:-1","max-image-preview":"max-image-preview:large","max-video-preview":"max-video-preview:-1"},"canonical":"https:\/\/www.margitpaulin.com\/en\/product\/kaelaehe-sahmat\/","og_locale":"en_GB","og_type":"article","og_title":"Kaelaehe \"\u0160ahMat!\"","og_description":"See ainulaadne puidust kollaste malendite ja h\u00f5betraadiga \u00fchendatud kaelaehe on kindlasti eristuv ja pilkup\u00fc\u00fcdev. Oma kandmismugavuses ja -kerguses j\u00e4tab ohtralt kombineerimis- ja kandmisv\u00f5imalusi erinevateks puhkudeks. Seeria Maika ja Malend on inspireeritud vabaduse ja konservatiivse m\u00e4ngu \u00fchendamisest ja nende vastuolust. Kas v\u00f5tad elu m\u00e4nguliselt v\u00f5i mitte, on iga\u00fche enda otsustada. Ehe saabub mustas karbis.","og_url":"https:\/\/www.margitpaulin.com\/en\/product\/kaelaehe-sahmat\/","og_site_name":"Margit Paulin","article_publisher":"https:\/\/www.facebook.com\/PaulinJewellery","article_modified_time":"2026-01-18T08:14:18+00:00","twitter_card":"summary_large_image","schema":{"@context":"https:\/\/schema.org","@graph":[{"@type":"WebPage","@id":"https:\/\/www.margitpaulin.com\/toode\/kaelaehe-sahmat\/","url":"https:\/\/www.margitpaulin.com\/toode\/kaelaehe-sahmat\/","name":"Margit Paulin | Kaelaehe \"\u0160ahMat!\"","isPartOf":{"@id":"https:\/\/www.margitpaulin.com\/#website"},"primaryImageOfPage":{"@id":"https:\/\/www.margitpaulin.com\/toode\/kaelaehe-sahmat\/#primaryimage"},"image":{"@id":"https:\/\/www.margitpaulin.com\/toode\/kaelaehe-sahmat\/#primaryimage"},"thumbnailUrl":"https:\/\/www.margitpaulin.com\/site\/wp-content\/uploads\/2023\/11\/kaelaehted-sahmat-01.jpg","datePublished":"2026-01-18T08:14:17+00:00","dateModified":"2026-01-18T08:14:18+00:00","breadcrumb":{"@id":"https:\/\/www.margitpaulin.com\/toode\/kaelaehe-sahmat\/#breadcrumb"},"inLanguage":"en-GB","potentialAction":[{"@type":"ReadAction","target":["https:\/\/www.margitpaulin.com\/toode\/kaelaehe-sahmat\/"]}]},{"@type":"ImageObject","inLanguage":"en-GB","@id":"https:\/\/www.margitpaulin.com\/toode\/kaelaehe-sahmat\/#primaryimage","url":"https:\/\/www.margitpaulin.com\/site\/wp-content\/uploads\/2023\/11\/kaelaehted-sahmat-01.jpg","contentUrl":"https:\/\/www.margitpaulin.com\/site\/wp-content\/uploads\/2023\/11\/kaelaehted-sahmat-01.jpg","width":1280,"height":1920},{"@type":"BreadcrumbList","@id":"https:\/\/www.margitpaulin.com\/toode\/kaelaehe-sahmat\/#breadcrumb","itemListElement":[{"@type":"ListItem","position":1,"name":"Home","item":"https:\/\/www.margitpaulin.com\/esileht\/"},{"@type":"ListItem","position":2,"name":"E-pood","item":"https:\/\/www.margitpaulin.com\/e-pood\/"},{"@type":"ListItem","position":3,"name":"Kaelaehe &#8220;\u0160ahMat!&#8221;"}]},{"@type":"WebSite","@id":"https:\/\/www.margitpaulin.com\/#website","url":"https:\/\/www.margitpaulin.com\/","name":"Margit Paulin","description":"Isikup\u00e4rased ja ainulaadsed ehted","publisher":{"@id":"https:\/\/www.margitpaulin.com\/#organization"},"potentialAction":[{"@type":"SearchAction","target":{"@type":"EntryPoint","urlTemplate":"https:\/\/www.margitpaulin.com\/?s={search_term_string}"},"query-input":{"@type":"PropertyValueSpecification","valueRequired":true,"valueName":"search_term_string"}}],"inLanguage":"en-GB"},{"@type":"Organization","@id":"https:\/\/www.margitpaulin.com\/#organization","name":"Margit Paulin","url":"https:\/\/www.margitpaulin.com\/","logo":{"@type":"ImageObject","inLanguage":"en-GB","@id":"https:\/\/www.margitpaulin.com\/#\/schema\/logo\/image\/","url":"http:\/\/www.margitpaulin.com\/site\/wp-content\/uploads\/2023\/04\/logo-general-black.svg","contentUrl":"http:\/\/www.margitpaulin.com\/site\/wp-content\/uploads\/2023\/04\/logo-general-black.svg","width":240,"height":148,"caption":"Margit Paulin"},"image":{"@id":"https:\/\/www.margitpaulin.com\/#\/schema\/logo\/image\/"},"sameAs":["https:\/\/www.facebook.com\/PaulinJewellery","https:\/\/www.instagram.com\/margitpaulin_jewellery"]}]}},"_links":{"self":[{"href":"https:\/\/www.margitpaulin.com\/en\/wp-json\/wp\/v2\/product\/2520","targetHints":{"allow":["GET"]}}],"collection":[{"href":"https:\/\/www.margitpaulin.com\/en\/wp-json\/wp\/v2\/product"}],"about":[{"href":"https:\/\/www.margitpaulin.com\/en\/wp-json\/wp\/v2\/types\/product"}],"wp:featuredmedia":[{"embeddable":true,"href":"https:\/\/www.margitpaulin.com\/en\/wp-json\/wp\/v2\/media\/596"}],"wp:attachment":[{"href":"https:\/\/www.margitpaulin.com\/en\/wp-json\/wp\/v2\/media?parent=2520"}],"wp:term":[{"taxonomy":"product_brand","embeddable":true,"href":"https:\/\/www.margitpaulin.com\/en\/wp-json\/wp\/v2\/product_brand?post=2520"},{"taxonomy":"product_cat","embeddable":true,"href":"https:\/\/www.margitpaulin.com\/en\/wp-json\/wp\/v2\/product_cat?post=2520"},{"taxonomy":"product_tag","embeddable":true,"href":"https:\/\/www.margitpaulin.com\/en\/wp-json\/wp\/v2\/product_tag?post=2520"}],"curies":[{"name":"wp","href":"https:\/\/api.w.org\/{rel}","templated":true}]}}