{"id":2524,"date":"2026-01-18T08:14:20","date_gmt":"2026-01-18T08:14:20","guid":{"rendered":"https:\/\/www.margitpaulin.com\/toode\/kraenoel-sahmat-kuningas\/"},"modified":"2026-01-18T08:14:20","modified_gmt":"2026-01-18T08:14:20","slug":"kraenoel-sahmat-kuningas","status":"publish","type":"product","link":"https:\/\/www.margitpaulin.com\/en\/product\/kraenoel-sahmat-kuningas\/","title":{"rendered":"Kraen\u00f5el &#8220;\u0160ahMat! Kuningas&#8221;"},"content":{"rendered":"<p>See antiik-puidust malend on spetsiaalselt valitud Kuningaks. Seda kaunilt helkivate mustade spinellide ja tilgakujulise oon\u00fcks ehtekividega kaetud kraen\u00f5ela saab kanda lipsu asemel, kui ka rev\u00e4\u00e4ril prossina. Ehte n\u00f5el on valmistatud tugevast terasest. Tegemist on ainueksemplariga ja teist sellist maailmas ei ole. Ehe saabub mustas kunstniku m\u00e4rgiga t\u00e4histatud karbis.<\/p>","protected":false},"excerpt":{"rendered":"<p>See antiik-puidust malend on spetsiaalselt valitud Kuningaks. Seda kaunilt helkivate mustade spinellide ja tilgakujulise oon\u00fcks ehtekividega kaetud kraen\u00f5ela saab kanda lipsu asemel, kui ka rev\u00e4\u00e4ril prossina. Ehte n\u00f5el on valmistatud tugevast terasest. Tegemist on ainueksemplariga ja teist sellist maailmas ei ole. Ehe saabub mustas kunstniku m\u00e4rgiga t\u00e4histatud karbis.<\/p>","protected":false},"featured_media":635,"template":"","meta":{"_acf_changed":false,"inline_featured_image":false},"product_brand":[],"product_cat":[32],"product_tag":[],"class_list":{"0":"post-2524","1":"product","2":"type-product","3":"status-publish","4":"has-post-thumbnail","6":"product_cat-kraenoel","7":"pa_materjal-teras","8":"pa_materjal-oonuks","9":"pa_materjal-hobe-925","10":"pa_materjal-puit","11":"pa_materjal-spinellid","12":"pa_suurus-13x4x1-5cm","14":"first","15":"instock","16":"taxable","17":"shipping-taxable","18":"purchasable","19":"product-type-simple"},"acf":[],"yoast_head":"<!-- This site is optimized with the Yoast SEO Premium plugin v23.9 (Yoast SEO v27.4) - https:\/\/yoast.com\/product\/yoast-seo-premium-wordpress\/ -->\n<title>Margit Paulin | Kraen\u00f5el &quot;\u0160ahMat! Kuningas&quot;<\/title>\n<meta name=\"robots\" content=\"index, follow, max-snippet:-1, max-image-preview:large, max-video-preview:-1\" \/>\n<link rel=\"canonical\" href=\"https:\/\/www.margitpaulin.com\/en\/product\/kraenoel-sahmat-kuningas\/\" \/>\n<meta property=\"og:locale\" content=\"en_GB\" \/>\n<meta property=\"og:type\" content=\"article\" \/>\n<meta property=\"og:title\" content=\"Kraen\u00f5el &quot;\u0160ahMat! Kuningas&quot;\" \/>\n<meta property=\"og:description\" content=\"See antiik-puidust malend on spetsiaalselt valitud Kuningaks. Seda kaunilt helkivate mustade spinellide ja tilgakujulise oon\u00fcks ehtekividega kaetud kraen\u00f5ela saab kanda lipsu asemel, kui ka rev\u00e4\u00e4ril prossina. Ehte n\u00f5el on valmistatud tugevast terasest. Tegemist on ainueksemplariga ja teist sellist maailmas ei ole. Ehe saabub mustas kunstniku m\u00e4rgiga t\u00e4histatud karbis.\" \/>\n<meta property=\"og:url\" content=\"https:\/\/www.margitpaulin.com\/en\/product\/kraenoel-sahmat-kuningas\/\" \/>\n<meta property=\"og:site_name\" content=\"Margit Paulin\" \/>\n<meta property=\"article:publisher\" content=\"https:\/\/www.facebook.com\/PaulinJewellery\" \/>\n<meta name=\"twitter:card\" content=\"summary_large_image\" \/>\n<script type=\"application\/ld+json\" class=\"yoast-schema-graph\">{\"@context\":\"https:\\\/\\\/schema.org\",\"@graph\":[{\"@type\":\"WebPage\",\"@id\":\"https:\\\/\\\/www.margitpaulin.com\\\/toode\\\/kraenoel-sahmat-kuningas\\\/\",\"url\":\"https:\\\/\\\/www.margitpaulin.com\\\/toode\\\/kraenoel-sahmat-kuningas\\\/\",\"name\":\"Margit Paulin | Kraen\u00f5el \\\"\u0160ahMat! Kuningas\\\"\",\"isPartOf\":{\"@id\":\"https:\\\/\\\/www.margitpaulin.com\\\/#website\"},\"primaryImageOfPage\":{\"@id\":\"https:\\\/\\\/www.margitpaulin.com\\\/toode\\\/kraenoel-sahmat-kuningas\\\/#primaryimage\"},\"image\":{\"@id\":\"https:\\\/\\\/www.margitpaulin.com\\\/toode\\\/kraenoel-sahmat-kuningas\\\/#primaryimage\"},\"thumbnailUrl\":\"https:\\\/\\\/www.margitpaulin.com\\\/site\\\/wp-content\\\/uploads\\\/2023\\\/11\\\/kraenoelad-sahmat-kuningas-01.jpg\",\"datePublished\":\"2026-01-18T08:14:20+00:00\",\"breadcrumb\":{\"@id\":\"https:\\\/\\\/www.margitpaulin.com\\\/toode\\\/kraenoel-sahmat-kuningas\\\/#breadcrumb\"},\"inLanguage\":\"en-GB\",\"potentialAction\":[{\"@type\":\"ReadAction\",\"target\":[\"https:\\\/\\\/www.margitpaulin.com\\\/toode\\\/kraenoel-sahmat-kuningas\\\/\"]}]},{\"@type\":\"ImageObject\",\"inLanguage\":\"en-GB\",\"@id\":\"https:\\\/\\\/www.margitpaulin.com\\\/toode\\\/kraenoel-sahmat-kuningas\\\/#primaryimage\",\"url\":\"https:\\\/\\\/www.margitpaulin.com\\\/site\\\/wp-content\\\/uploads\\\/2023\\\/11\\\/kraenoelad-sahmat-kuningas-01.jpg\",\"contentUrl\":\"https:\\\/\\\/www.margitpaulin.com\\\/site\\\/wp-content\\\/uploads\\\/2023\\\/11\\\/kraenoelad-sahmat-kuningas-01.jpg\",\"width\":960,\"height\":960},{\"@type\":\"BreadcrumbList\",\"@id\":\"https:\\\/\\\/www.margitpaulin.com\\\/toode\\\/kraenoel-sahmat-kuningas\\\/#breadcrumb\",\"itemListElement\":[{\"@type\":\"ListItem\",\"position\":1,\"name\":\"Home\",\"item\":\"https:\\\/\\\/www.margitpaulin.com\\\/esileht\\\/\"},{\"@type\":\"ListItem\",\"position\":2,\"name\":\"E-pood\",\"item\":\"https:\\\/\\\/www.margitpaulin.com\\\/e-pood\\\/\"},{\"@type\":\"ListItem\",\"position\":3,\"name\":\"Kraen\u00f5el &#8220;\u0160ahMat! Kuningas&#8221;\"}]},{\"@type\":\"WebSite\",\"@id\":\"https:\\\/\\\/www.margitpaulin.com\\\/#website\",\"url\":\"https:\\\/\\\/www.margitpaulin.com\\\/\",\"name\":\"Margit Paulin\",\"description\":\"Isikup\u00e4rased ja ainulaadsed ehted\",\"publisher\":{\"@id\":\"https:\\\/\\\/www.margitpaulin.com\\\/#organization\"},\"potentialAction\":[{\"@type\":\"SearchAction\",\"target\":{\"@type\":\"EntryPoint\",\"urlTemplate\":\"https:\\\/\\\/www.margitpaulin.com\\\/?s={search_term_string}\"},\"query-input\":{\"@type\":\"PropertyValueSpecification\",\"valueRequired\":true,\"valueName\":\"search_term_string\"}}],\"inLanguage\":\"en-GB\"},{\"@type\":\"Organization\",\"@id\":\"https:\\\/\\\/www.margitpaulin.com\\\/#organization\",\"name\":\"Margit Paulin\",\"url\":\"https:\\\/\\\/www.margitpaulin.com\\\/\",\"logo\":{\"@type\":\"ImageObject\",\"inLanguage\":\"en-GB\",\"@id\":\"https:\\\/\\\/www.margitpaulin.com\\\/#\\\/schema\\\/logo\\\/image\\\/\",\"url\":\"http:\\\/\\\/www.margitpaulin.com\\\/site\\\/wp-content\\\/uploads\\\/2023\\\/04\\\/logo-general-black.svg\",\"contentUrl\":\"http:\\\/\\\/www.margitpaulin.com\\\/site\\\/wp-content\\\/uploads\\\/2023\\\/04\\\/logo-general-black.svg\",\"width\":240,\"height\":148,\"caption\":\"Margit Paulin\"},\"image\":{\"@id\":\"https:\\\/\\\/www.margitpaulin.com\\\/#\\\/schema\\\/logo\\\/image\\\/\"},\"sameAs\":[\"https:\\\/\\\/www.facebook.com\\\/PaulinJewellery\",\"https:\\\/\\\/www.instagram.com\\\/margitpaulin_jewellery\"]}]}<\/script>\n<!-- \/ Yoast SEO Premium plugin. -->","yoast_head_json":{"title":"Margit Paulin | Kraen\u00f5el \"\u0160ahMat! Kuningas\"","robots":{"index":"index","follow":"follow","max-snippet":"max-snippet:-1","max-image-preview":"max-image-preview:large","max-video-preview":"max-video-preview:-1"},"canonical":"https:\/\/www.margitpaulin.com\/en\/product\/kraenoel-sahmat-kuningas\/","og_locale":"en_GB","og_type":"article","og_title":"Kraen\u00f5el \"\u0160ahMat! Kuningas\"","og_description":"See antiik-puidust malend on spetsiaalselt valitud Kuningaks. Seda kaunilt helkivate mustade spinellide ja tilgakujulise oon\u00fcks ehtekividega kaetud kraen\u00f5ela saab kanda lipsu asemel, kui ka rev\u00e4\u00e4ril prossina. Ehte n\u00f5el on valmistatud tugevast terasest. Tegemist on ainueksemplariga ja teist sellist maailmas ei ole. Ehe saabub mustas kunstniku m\u00e4rgiga t\u00e4histatud karbis.","og_url":"https:\/\/www.margitpaulin.com\/en\/product\/kraenoel-sahmat-kuningas\/","og_site_name":"Margit Paulin","article_publisher":"https:\/\/www.facebook.com\/PaulinJewellery","twitter_card":"summary_large_image","schema":{"@context":"https:\/\/schema.org","@graph":[{"@type":"WebPage","@id":"https:\/\/www.margitpaulin.com\/toode\/kraenoel-sahmat-kuningas\/","url":"https:\/\/www.margitpaulin.com\/toode\/kraenoel-sahmat-kuningas\/","name":"Margit Paulin | Kraen\u00f5el \"\u0160ahMat! Kuningas\"","isPartOf":{"@id":"https:\/\/www.margitpaulin.com\/#website"},"primaryImageOfPage":{"@id":"https:\/\/www.margitpaulin.com\/toode\/kraenoel-sahmat-kuningas\/#primaryimage"},"image":{"@id":"https:\/\/www.margitpaulin.com\/toode\/kraenoel-sahmat-kuningas\/#primaryimage"},"thumbnailUrl":"https:\/\/www.margitpaulin.com\/site\/wp-content\/uploads\/2023\/11\/kraenoelad-sahmat-kuningas-01.jpg","datePublished":"2026-01-18T08:14:20+00:00","breadcrumb":{"@id":"https:\/\/www.margitpaulin.com\/toode\/kraenoel-sahmat-kuningas\/#breadcrumb"},"inLanguage":"en-GB","potentialAction":[{"@type":"ReadAction","target":["https:\/\/www.margitpaulin.com\/toode\/kraenoel-sahmat-kuningas\/"]}]},{"@type":"ImageObject","inLanguage":"en-GB","@id":"https:\/\/www.margitpaulin.com\/toode\/kraenoel-sahmat-kuningas\/#primaryimage","url":"https:\/\/www.margitpaulin.com\/site\/wp-content\/uploads\/2023\/11\/kraenoelad-sahmat-kuningas-01.jpg","contentUrl":"https:\/\/www.margitpaulin.com\/site\/wp-content\/uploads\/2023\/11\/kraenoelad-sahmat-kuningas-01.jpg","width":960,"height":960},{"@type":"BreadcrumbList","@id":"https:\/\/www.margitpaulin.com\/toode\/kraenoel-sahmat-kuningas\/#breadcrumb","itemListElement":[{"@type":"ListItem","position":1,"name":"Home","item":"https:\/\/www.margitpaulin.com\/esileht\/"},{"@type":"ListItem","position":2,"name":"E-pood","item":"https:\/\/www.margitpaulin.com\/e-pood\/"},{"@type":"ListItem","position":3,"name":"Kraen\u00f5el &#8220;\u0160ahMat! Kuningas&#8221;"}]},{"@type":"WebSite","@id":"https:\/\/www.margitpaulin.com\/#website","url":"https:\/\/www.margitpaulin.com\/","name":"Margit Paulin","description":"Isikup\u00e4rased ja ainulaadsed ehted","publisher":{"@id":"https:\/\/www.margitpaulin.com\/#organization"},"potentialAction":[{"@type":"SearchAction","target":{"@type":"EntryPoint","urlTemplate":"https:\/\/www.margitpaulin.com\/?s={search_term_string}"},"query-input":{"@type":"PropertyValueSpecification","valueRequired":true,"valueName":"search_term_string"}}],"inLanguage":"en-GB"},{"@type":"Organization","@id":"https:\/\/www.margitpaulin.com\/#organization","name":"Margit Paulin","url":"https:\/\/www.margitpaulin.com\/","logo":{"@type":"ImageObject","inLanguage":"en-GB","@id":"https:\/\/www.margitpaulin.com\/#\/schema\/logo\/image\/","url":"http:\/\/www.margitpaulin.com\/site\/wp-content\/uploads\/2023\/04\/logo-general-black.svg","contentUrl":"http:\/\/www.margitpaulin.com\/site\/wp-content\/uploads\/2023\/04\/logo-general-black.svg","width":240,"height":148,"caption":"Margit Paulin"},"image":{"@id":"https:\/\/www.margitpaulin.com\/#\/schema\/logo\/image\/"},"sameAs":["https:\/\/www.facebook.com\/PaulinJewellery","https:\/\/www.instagram.com\/margitpaulin_jewellery"]}]}},"_links":{"self":[{"href":"https:\/\/www.margitpaulin.com\/en\/wp-json\/wp\/v2\/product\/2524","targetHints":{"allow":["GET"]}}],"collection":[{"href":"https:\/\/www.margitpaulin.com\/en\/wp-json\/wp\/v2\/product"}],"about":[{"href":"https:\/\/www.margitpaulin.com\/en\/wp-json\/wp\/v2\/types\/product"}],"wp:featuredmedia":[{"embeddable":true,"href":"https:\/\/www.margitpaulin.com\/en\/wp-json\/wp\/v2\/media\/635"}],"wp:attachment":[{"href":"https:\/\/www.margitpaulin.com\/en\/wp-json\/wp\/v2\/media?parent=2524"}],"wp:term":[{"taxonomy":"product_brand","embeddable":true,"href":"https:\/\/www.margitpaulin.com\/en\/wp-json\/wp\/v2\/product_brand?post=2524"},{"taxonomy":"product_cat","embeddable":true,"href":"https:\/\/www.margitpaulin.com\/en\/wp-json\/wp\/v2\/product_cat?post=2524"},{"taxonomy":"product_tag","embeddable":true,"href":"https:\/\/www.margitpaulin.com\/en\/wp-json\/wp\/v2\/product_tag?post=2524"}],"curies":[{"name":"wp","href":"https:\/\/api.w.org\/{rel}","templated":true}]}}