{"id":2531,"date":"2026-01-18T08:14:25","date_gmt":"2026-01-18T08:14:25","guid":{"rendered":"https:\/\/www.margitpaulin.com\/toode\/korvarongad-sostrad-2-1\/"},"modified":"2026-01-18T08:14:25","modified_gmt":"2026-01-18T08:14:25","slug":"korvarongad-sostrad-2-1","status":"publish","type":"product","link":"https:\/\/www.margitpaulin.com\/en\/product\/korvarongad-sostrad-2-1\/","title":{"rendered":"K\u00f5rvar\u00f5ngad &#8220;S\u00f5strad 2-1&#8221;"},"content":{"rendered":"<p>Need koduaia k\u00fcllusest inspireeritud k\u00f5rvaehted kollektsioonist S\u00f5strad kannavad endas aegumatust ja loodusl\u00e4hedust. Need pisikesed s\u00fcsimustade Jaapani Akoya magevee p\u00e4rlitega k\u00f5rvar\u00f5ngad kaunistavad kandjat nii igap\u00e4evaselt, kui ka pidulikemal s\u00fcndmustel. K\u00f5rvar\u00f5ngaste lukud on v\u00e4ga tugevad, kuna h\u00f5bedast taguse sisse on peidetud silikoon takistamaks oma lemmikute kadumist. Ehted saabuvad mustas kunstniku m\u00e4rgiga t\u00e4histatud karbis.<\/p>","protected":false},"excerpt":{"rendered":"<p>Need koduaia k\u00fcllusest inspireeritud k\u00f5rvaehted kollektsioonist S\u00f5strad kannavad endas aegumatust ja loodusl\u00e4hedust. Need pisikesed s\u00fcsimustade Jaapani Akoya magevee p\u00e4rlitega k\u00f5rvar\u00f5ngad kaunistavad kandjat nii igap\u00e4evaselt, kui ka pidulikemal s\u00fcndmustel. K\u00f5rvar\u00f5ngaste lukud on v\u00e4ga tugevad, kuna h\u00f5bedast taguse sisse on peidetud silikoon takistamaks oma lemmikute kadumist. Ehted saabuvad mustas kunstniku m\u00e4rgiga t\u00e4histatud karbis.<\/p>","protected":false},"featured_media":1273,"template":"","meta":{"_acf_changed":false,"inline_featured_image":false},"product_brand":[],"product_cat":[30],"product_tag":[],"class_list":{"0":"post-2531","1":"product","2":"type-product","3":"status-publish","4":"has-post-thumbnail","6":"product_cat-korvarongad","7":"pa_materjal-jaapani-akoya-magevee-parl-aa","8":"pa_materjal-hobe-925","9":"pa_suurus-1x1x1cm","11":"first","12":"instock","13":"taxable","14":"shipping-taxable","15":"purchasable","16":"product-type-simple"},"acf":[],"yoast_head":"<!-- This site is optimized with the Yoast SEO Premium plugin v23.9 (Yoast SEO v27.4) - https:\/\/yoast.com\/product\/yoast-seo-premium-wordpress\/ -->\n<title>Margit Paulin | K\u00f5rvar\u00f5ngad &quot;S\u00f5strad 2-1&quot;<\/title>\n<meta name=\"robots\" content=\"index, follow, max-snippet:-1, max-image-preview:large, max-video-preview:-1\" \/>\n<link rel=\"canonical\" href=\"https:\/\/www.margitpaulin.com\/en\/product\/korvarongad-sostrad-2-1\/\" \/>\n<meta property=\"og:locale\" content=\"en_GB\" \/>\n<meta property=\"og:type\" content=\"article\" \/>\n<meta property=\"og:title\" content=\"K\u00f5rvar\u00f5ngad &quot;S\u00f5strad 2-1&quot;\" \/>\n<meta property=\"og:description\" content=\"Need koduaia k\u00fcllusest inspireeritud k\u00f5rvaehted kollektsioonist S\u00f5strad kannavad endas aegumatust ja loodusl\u00e4hedust. Need pisikesed s\u00fcsimustade Jaapani Akoya magevee p\u00e4rlitega k\u00f5rvar\u00f5ngad kaunistavad kandjat nii igap\u00e4evaselt, kui ka pidulikemal s\u00fcndmustel. K\u00f5rvar\u00f5ngaste lukud on v\u00e4ga tugevad, kuna h\u00f5bedast taguse sisse on peidetud silikoon takistamaks oma lemmikute kadumist. Ehted saabuvad mustas kunstniku m\u00e4rgiga t\u00e4histatud karbis.\" \/>\n<meta property=\"og:url\" content=\"https:\/\/www.margitpaulin.com\/en\/product\/korvarongad-sostrad-2-1\/\" \/>\n<meta property=\"og:site_name\" content=\"Margit Paulin\" \/>\n<meta property=\"article:publisher\" content=\"https:\/\/www.facebook.com\/PaulinJewellery\" \/>\n<meta name=\"twitter:card\" content=\"summary_large_image\" \/>\n<script type=\"application\/ld+json\" class=\"yoast-schema-graph\">{\"@context\":\"https:\\\/\\\/schema.org\",\"@graph\":[{\"@type\":\"WebPage\",\"@id\":\"https:\\\/\\\/www.margitpaulin.com\\\/toode\\\/korvarongad-sostrad-2-1\\\/\",\"url\":\"https:\\\/\\\/www.margitpaulin.com\\\/toode\\\/korvarongad-sostrad-2-1\\\/\",\"name\":\"Margit Paulin | K\u00f5rvar\u00f5ngad \\\"S\u00f5strad 2-1\\\"\",\"isPartOf\":{\"@id\":\"https:\\\/\\\/www.margitpaulin.com\\\/#website\"},\"primaryImageOfPage\":{\"@id\":\"https:\\\/\\\/www.margitpaulin.com\\\/toode\\\/korvarongad-sostrad-2-1\\\/#primaryimage\"},\"image\":{\"@id\":\"https:\\\/\\\/www.margitpaulin.com\\\/toode\\\/korvarongad-sostrad-2-1\\\/#primaryimage\"},\"thumbnailUrl\":\"https:\\\/\\\/www.margitpaulin.com\\\/site\\\/wp-content\\\/uploads\\\/2024\\\/10\\\/jwl_shoot2245-scaled-e1731065009436.jpg\",\"datePublished\":\"2026-01-18T08:14:25+00:00\",\"breadcrumb\":{\"@id\":\"https:\\\/\\\/www.margitpaulin.com\\\/toode\\\/korvarongad-sostrad-2-1\\\/#breadcrumb\"},\"inLanguage\":\"en-GB\",\"potentialAction\":[{\"@type\":\"ReadAction\",\"target\":[\"https:\\\/\\\/www.margitpaulin.com\\\/toode\\\/korvarongad-sostrad-2-1\\\/\"]}]},{\"@type\":\"ImageObject\",\"inLanguage\":\"en-GB\",\"@id\":\"https:\\\/\\\/www.margitpaulin.com\\\/toode\\\/korvarongad-sostrad-2-1\\\/#primaryimage\",\"url\":\"https:\\\/\\\/www.margitpaulin.com\\\/site\\\/wp-content\\\/uploads\\\/2024\\\/10\\\/jwl_shoot2245-scaled-e1731065009436.jpg\",\"contentUrl\":\"https:\\\/\\\/www.margitpaulin.com\\\/site\\\/wp-content\\\/uploads\\\/2024\\\/10\\\/jwl_shoot2245-scaled-e1731065009436.jpg\",\"width\":2048,\"height\":2560},{\"@type\":\"BreadcrumbList\",\"@id\":\"https:\\\/\\\/www.margitpaulin.com\\\/toode\\\/korvarongad-sostrad-2-1\\\/#breadcrumb\",\"itemListElement\":[{\"@type\":\"ListItem\",\"position\":1,\"name\":\"Home\",\"item\":\"https:\\\/\\\/www.margitpaulin.com\\\/esileht\\\/\"},{\"@type\":\"ListItem\",\"position\":2,\"name\":\"E-pood\",\"item\":\"https:\\\/\\\/www.margitpaulin.com\\\/e-pood\\\/\"},{\"@type\":\"ListItem\",\"position\":3,\"name\":\"K\u00f5rvar\u00f5ngad &#8220;S\u00f5strad 2-1&#8221;\"}]},{\"@type\":\"WebSite\",\"@id\":\"https:\\\/\\\/www.margitpaulin.com\\\/#website\",\"url\":\"https:\\\/\\\/www.margitpaulin.com\\\/\",\"name\":\"Margit Paulin\",\"description\":\"Isikup\u00e4rased ja ainulaadsed ehted\",\"publisher\":{\"@id\":\"https:\\\/\\\/www.margitpaulin.com\\\/#organization\"},\"potentialAction\":[{\"@type\":\"SearchAction\",\"target\":{\"@type\":\"EntryPoint\",\"urlTemplate\":\"https:\\\/\\\/www.margitpaulin.com\\\/?s={search_term_string}\"},\"query-input\":{\"@type\":\"PropertyValueSpecification\",\"valueRequired\":true,\"valueName\":\"search_term_string\"}}],\"inLanguage\":\"en-GB\"},{\"@type\":\"Organization\",\"@id\":\"https:\\\/\\\/www.margitpaulin.com\\\/#organization\",\"name\":\"Margit Paulin\",\"url\":\"https:\\\/\\\/www.margitpaulin.com\\\/\",\"logo\":{\"@type\":\"ImageObject\",\"inLanguage\":\"en-GB\",\"@id\":\"https:\\\/\\\/www.margitpaulin.com\\\/#\\\/schema\\\/logo\\\/image\\\/\",\"url\":\"http:\\\/\\\/www.margitpaulin.com\\\/site\\\/wp-content\\\/uploads\\\/2023\\\/04\\\/logo-general-black.svg\",\"contentUrl\":\"http:\\\/\\\/www.margitpaulin.com\\\/site\\\/wp-content\\\/uploads\\\/2023\\\/04\\\/logo-general-black.svg\",\"width\":240,\"height\":148,\"caption\":\"Margit Paulin\"},\"image\":{\"@id\":\"https:\\\/\\\/www.margitpaulin.com\\\/#\\\/schema\\\/logo\\\/image\\\/\"},\"sameAs\":[\"https:\\\/\\\/www.facebook.com\\\/PaulinJewellery\",\"https:\\\/\\\/www.instagram.com\\\/margitpaulin_jewellery\"]}]}<\/script>\n<!-- \/ Yoast SEO Premium plugin. -->","yoast_head_json":{"title":"Margit Paulin | K\u00f5rvar\u00f5ngad \"S\u00f5strad 2-1\"","robots":{"index":"index","follow":"follow","max-snippet":"max-snippet:-1","max-image-preview":"max-image-preview:large","max-video-preview":"max-video-preview:-1"},"canonical":"https:\/\/www.margitpaulin.com\/en\/product\/korvarongad-sostrad-2-1\/","og_locale":"en_GB","og_type":"article","og_title":"K\u00f5rvar\u00f5ngad \"S\u00f5strad 2-1\"","og_description":"Need koduaia k\u00fcllusest inspireeritud k\u00f5rvaehted kollektsioonist S\u00f5strad kannavad endas aegumatust ja loodusl\u00e4hedust. Need pisikesed s\u00fcsimustade Jaapani Akoya magevee p\u00e4rlitega k\u00f5rvar\u00f5ngad kaunistavad kandjat nii igap\u00e4evaselt, kui ka pidulikemal s\u00fcndmustel. K\u00f5rvar\u00f5ngaste lukud on v\u00e4ga tugevad, kuna h\u00f5bedast taguse sisse on peidetud silikoon takistamaks oma lemmikute kadumist. Ehted saabuvad mustas kunstniku m\u00e4rgiga t\u00e4histatud karbis.","og_url":"https:\/\/www.margitpaulin.com\/en\/product\/korvarongad-sostrad-2-1\/","og_site_name":"Margit Paulin","article_publisher":"https:\/\/www.facebook.com\/PaulinJewellery","twitter_card":"summary_large_image","schema":{"@context":"https:\/\/schema.org","@graph":[{"@type":"WebPage","@id":"https:\/\/www.margitpaulin.com\/toode\/korvarongad-sostrad-2-1\/","url":"https:\/\/www.margitpaulin.com\/toode\/korvarongad-sostrad-2-1\/","name":"Margit Paulin | K\u00f5rvar\u00f5ngad \"S\u00f5strad 2-1\"","isPartOf":{"@id":"https:\/\/www.margitpaulin.com\/#website"},"primaryImageOfPage":{"@id":"https:\/\/www.margitpaulin.com\/toode\/korvarongad-sostrad-2-1\/#primaryimage"},"image":{"@id":"https:\/\/www.margitpaulin.com\/toode\/korvarongad-sostrad-2-1\/#primaryimage"},"thumbnailUrl":"https:\/\/www.margitpaulin.com\/site\/wp-content\/uploads\/2024\/10\/jwl_shoot2245-scaled-e1731065009436.jpg","datePublished":"2026-01-18T08:14:25+00:00","breadcrumb":{"@id":"https:\/\/www.margitpaulin.com\/toode\/korvarongad-sostrad-2-1\/#breadcrumb"},"inLanguage":"en-GB","potentialAction":[{"@type":"ReadAction","target":["https:\/\/www.margitpaulin.com\/toode\/korvarongad-sostrad-2-1\/"]}]},{"@type":"ImageObject","inLanguage":"en-GB","@id":"https:\/\/www.margitpaulin.com\/toode\/korvarongad-sostrad-2-1\/#primaryimage","url":"https:\/\/www.margitpaulin.com\/site\/wp-content\/uploads\/2024\/10\/jwl_shoot2245-scaled-e1731065009436.jpg","contentUrl":"https:\/\/www.margitpaulin.com\/site\/wp-content\/uploads\/2024\/10\/jwl_shoot2245-scaled-e1731065009436.jpg","width":2048,"height":2560},{"@type":"BreadcrumbList","@id":"https:\/\/www.margitpaulin.com\/toode\/korvarongad-sostrad-2-1\/#breadcrumb","itemListElement":[{"@type":"ListItem","position":1,"name":"Home","item":"https:\/\/www.margitpaulin.com\/esileht\/"},{"@type":"ListItem","position":2,"name":"E-pood","item":"https:\/\/www.margitpaulin.com\/e-pood\/"},{"@type":"ListItem","position":3,"name":"K\u00f5rvar\u00f5ngad &#8220;S\u00f5strad 2-1&#8221;"}]},{"@type":"WebSite","@id":"https:\/\/www.margitpaulin.com\/#website","url":"https:\/\/www.margitpaulin.com\/","name":"Margit Paulin","description":"Isikup\u00e4rased ja ainulaadsed ehted","publisher":{"@id":"https:\/\/www.margitpaulin.com\/#organization"},"potentialAction":[{"@type":"SearchAction","target":{"@type":"EntryPoint","urlTemplate":"https:\/\/www.margitpaulin.com\/?s={search_term_string}"},"query-input":{"@type":"PropertyValueSpecification","valueRequired":true,"valueName":"search_term_string"}}],"inLanguage":"en-GB"},{"@type":"Organization","@id":"https:\/\/www.margitpaulin.com\/#organization","name":"Margit Paulin","url":"https:\/\/www.margitpaulin.com\/","logo":{"@type":"ImageObject","inLanguage":"en-GB","@id":"https:\/\/www.margitpaulin.com\/#\/schema\/logo\/image\/","url":"http:\/\/www.margitpaulin.com\/site\/wp-content\/uploads\/2023\/04\/logo-general-black.svg","contentUrl":"http:\/\/www.margitpaulin.com\/site\/wp-content\/uploads\/2023\/04\/logo-general-black.svg","width":240,"height":148,"caption":"Margit Paulin"},"image":{"@id":"https:\/\/www.margitpaulin.com\/#\/schema\/logo\/image\/"},"sameAs":["https:\/\/www.facebook.com\/PaulinJewellery","https:\/\/www.instagram.com\/margitpaulin_jewellery"]}]}},"_links":{"self":[{"href":"https:\/\/www.margitpaulin.com\/en\/wp-json\/wp\/v2\/product\/2531","targetHints":{"allow":["GET"]}}],"collection":[{"href":"https:\/\/www.margitpaulin.com\/en\/wp-json\/wp\/v2\/product"}],"about":[{"href":"https:\/\/www.margitpaulin.com\/en\/wp-json\/wp\/v2\/types\/product"}],"wp:featuredmedia":[{"embeddable":true,"href":"https:\/\/www.margitpaulin.com\/en\/wp-json\/wp\/v2\/media\/1273"}],"wp:attachment":[{"href":"https:\/\/www.margitpaulin.com\/en\/wp-json\/wp\/v2\/media?parent=2531"}],"wp:term":[{"taxonomy":"product_brand","embeddable":true,"href":"https:\/\/www.margitpaulin.com\/en\/wp-json\/wp\/v2\/product_brand?post=2531"},{"taxonomy":"product_cat","embeddable":true,"href":"https:\/\/www.margitpaulin.com\/en\/wp-json\/wp\/v2\/product_cat?post=2531"},{"taxonomy":"product_tag","embeddable":true,"href":"https:\/\/www.margitpaulin.com\/en\/wp-json\/wp\/v2\/product_tag?post=2531"}],"curies":[{"name":"wp","href":"https:\/\/api.w.org\/{rel}","templated":true}]}}