{"id":2552,"date":"2026-01-18T08:14:42","date_gmt":"2026-01-18T08:14:42","guid":{"rendered":"https:\/\/www.margitpaulin.com\/toode\/kaelaehe-kullus\/"},"modified":"2026-01-18T08:14:42","modified_gmt":"2026-01-18T08:14:42","slug":"kaelaehe-kullus","status":"publish","type":"product","link":"https:\/\/www.margitpaulin.com\/en\/product\/kaelaehe-kullus\/","title":{"rendered":"Necklace Abundance"},"content":{"rendered":"<p>Kaelaehe koos ripatsiga on valmistatud valgest kullast. Ripatsit kaunistab naturaalne tsavoriit, mis on toorkivina tellitud Tansaaniast ja lihvitud kunstniku oma k\u00e4ega Eestis spetisaalselt 2023.aastal toimunud isikun\u00e4ituse jaoks K\u00fcllus. Ehe saabub mustas kunstniku m\u00e4rgisega karbis.<\/p>","protected":false},"excerpt":{"rendered":"<p>Kaelaehe koos ripatsiga on valmistatud valgest kullast. Ripatsit kaunistab naturaalne tsavoriit, mis on toorkivina tellitud Tansaaniast ja lihvitud kunstniku oma k\u00e4ega Eestis spetisaalselt 2023.aastal toimunud isikun\u00e4ituse jaoks K\u00fcllus. Ehe saabub mustas kunstniku m\u00e4rgisega karbis.<\/p>","protected":false},"featured_media":1306,"template":"","meta":{"_acf_changed":false,"inline_featured_image":false},"product_brand":[],"product_cat":[31],"product_tag":[],"class_list":{"0":"post-2552","1":"product","2":"type-product","3":"status-publish","4":"has-post-thumbnail","6":"product_cat-kaelaehted","7":"pa_materjal-valge-kuld-585","8":"pa_materjal-tsavoriit","9":"pa_suurus-6x4cm","11":"first","12":"instock","13":"taxable","14":"shipping-taxable","15":"purchasable","16":"product-type-simple"},"acf":[],"yoast_head":"<!-- This site is optimized with the Yoast SEO Premium plugin v23.9 (Yoast SEO v27.5) - https:\/\/yoast.com\/product\/yoast-seo-premium-wordpress\/ -->\n<title>Margit Paulin | Kaelaehe K\u00fcllus<\/title>\n<meta name=\"robots\" content=\"index, follow, max-snippet:-1, max-image-preview:large, max-video-preview:-1\" \/>\n<link rel=\"canonical\" href=\"https:\/\/www.margitpaulin.com\/en\/product\/kaelaehe-kullus\/\" \/>\n<meta property=\"og:locale\" content=\"en_GB\" \/>\n<meta property=\"og:type\" content=\"article\" \/>\n<meta property=\"og:title\" content=\"Kaelaehe K\u00fcllus\" \/>\n<meta property=\"og:description\" content=\"Kaelaehe koos ripatsiga on valmistatud valgest kullast. Ripatsit kaunistab naturaalne tsavoriit, mis on toorkivina tellitud Tansaaniast ja lihvitud kunstniku oma k\u00e4ega Eestis spetisaalselt 2023.aastal toimunud isikun\u00e4ituse jaoks K\u00fcllus. Ehe saabub mustas kunstniku m\u00e4rgisega karbis.\" \/>\n<meta property=\"og:url\" content=\"https:\/\/www.margitpaulin.com\/en\/product\/kaelaehe-kullus\/\" \/>\n<meta property=\"og:site_name\" content=\"Margit Paulin\" \/>\n<meta property=\"article:publisher\" content=\"https:\/\/www.facebook.com\/PaulinJewellery\" \/>\n<meta name=\"twitter:card\" content=\"summary_large_image\" \/>\n<script type=\"application\/ld+json\" class=\"yoast-schema-graph\">{\"@context\":\"https:\\\/\\\/schema.org\",\"@graph\":[{\"@type\":\"WebPage\",\"@id\":\"https:\\\/\\\/www.margitpaulin.com\\\/toode\\\/kaelaehe-kullus\\\/\",\"url\":\"https:\\\/\\\/www.margitpaulin.com\\\/toode\\\/kaelaehe-kullus\\\/\",\"name\":\"Margit Paulin | Kaelaehe K\u00fcllus\",\"isPartOf\":{\"@id\":\"https:\\\/\\\/www.margitpaulin.com\\\/#website\"},\"primaryImageOfPage\":{\"@id\":\"https:\\\/\\\/www.margitpaulin.com\\\/toode\\\/kaelaehe-kullus\\\/#primaryimage\"},\"image\":{\"@id\":\"https:\\\/\\\/www.margitpaulin.com\\\/toode\\\/kaelaehe-kullus\\\/#primaryimage\"},\"thumbnailUrl\":\"https:\\\/\\\/www.margitpaulin.com\\\/site\\\/wp-content\\\/uploads\\\/2024\\\/10\\\/jwl_shoot2477-scaled.jpg\",\"datePublished\":\"2026-01-18T08:14:42+00:00\",\"breadcrumb\":{\"@id\":\"https:\\\/\\\/www.margitpaulin.com\\\/toode\\\/kaelaehe-kullus\\\/#breadcrumb\"},\"inLanguage\":\"en-GB\",\"potentialAction\":[{\"@type\":\"ReadAction\",\"target\":[\"https:\\\/\\\/www.margitpaulin.com\\\/toode\\\/kaelaehe-kullus\\\/\"]}]},{\"@type\":\"ImageObject\",\"inLanguage\":\"en-GB\",\"@id\":\"https:\\\/\\\/www.margitpaulin.com\\\/toode\\\/kaelaehe-kullus\\\/#primaryimage\",\"url\":\"https:\\\/\\\/www.margitpaulin.com\\\/site\\\/wp-content\\\/uploads\\\/2024\\\/10\\\/jwl_shoot2477-scaled.jpg\",\"contentUrl\":\"https:\\\/\\\/www.margitpaulin.com\\\/site\\\/wp-content\\\/uploads\\\/2024\\\/10\\\/jwl_shoot2477-scaled.jpg\",\"width\":2048,\"height\":2560},{\"@type\":\"BreadcrumbList\",\"@id\":\"https:\\\/\\\/www.margitpaulin.com\\\/toode\\\/kaelaehe-kullus\\\/#breadcrumb\",\"itemListElement\":[{\"@type\":\"ListItem\",\"position\":1,\"name\":\"Home\",\"item\":\"https:\\\/\\\/www.margitpaulin.com\\\/esileht\\\/\"},{\"@type\":\"ListItem\",\"position\":2,\"name\":\"E-pood\",\"item\":\"https:\\\/\\\/www.margitpaulin.com\\\/e-pood\\\/\"},{\"@type\":\"ListItem\",\"position\":3,\"name\":\"Kaelaehe K\u00fcllus\"}]},{\"@type\":\"WebSite\",\"@id\":\"https:\\\/\\\/www.margitpaulin.com\\\/#website\",\"url\":\"https:\\\/\\\/www.margitpaulin.com\\\/\",\"name\":\"Margit Paulin\",\"description\":\"Isikup\u00e4rased ja ainulaadsed ehted\",\"publisher\":{\"@id\":\"https:\\\/\\\/www.margitpaulin.com\\\/#organization\"},\"potentialAction\":[{\"@type\":\"SearchAction\",\"target\":{\"@type\":\"EntryPoint\",\"urlTemplate\":\"https:\\\/\\\/www.margitpaulin.com\\\/?s={search_term_string}\"},\"query-input\":{\"@type\":\"PropertyValueSpecification\",\"valueRequired\":true,\"valueName\":\"search_term_string\"}}],\"inLanguage\":\"en-GB\"},{\"@type\":\"Organization\",\"@id\":\"https:\\\/\\\/www.margitpaulin.com\\\/#organization\",\"name\":\"Margit Paulin\",\"url\":\"https:\\\/\\\/www.margitpaulin.com\\\/\",\"logo\":{\"@type\":\"ImageObject\",\"inLanguage\":\"en-GB\",\"@id\":\"https:\\\/\\\/www.margitpaulin.com\\\/#\\\/schema\\\/logo\\\/image\\\/\",\"url\":\"http:\\\/\\\/www.margitpaulin.com\\\/site\\\/wp-content\\\/uploads\\\/2023\\\/04\\\/logo-general-black.svg\",\"contentUrl\":\"http:\\\/\\\/www.margitpaulin.com\\\/site\\\/wp-content\\\/uploads\\\/2023\\\/04\\\/logo-general-black.svg\",\"width\":240,\"height\":148,\"caption\":\"Margit Paulin\"},\"image\":{\"@id\":\"https:\\\/\\\/www.margitpaulin.com\\\/#\\\/schema\\\/logo\\\/image\\\/\"},\"sameAs\":[\"https:\\\/\\\/www.facebook.com\\\/PaulinJewellery\",\"https:\\\/\\\/www.instagram.com\\\/margitpaulin_jewellery\"]}]}<\/script>\n<!-- \/ Yoast SEO Premium plugin. -->","yoast_head_json":{"title":"Margit Paulin | Kaelaehe K\u00fcllus","robots":{"index":"index","follow":"follow","max-snippet":"max-snippet:-1","max-image-preview":"max-image-preview:large","max-video-preview":"max-video-preview:-1"},"canonical":"https:\/\/www.margitpaulin.com\/en\/product\/kaelaehe-kullus\/","og_locale":"en_GB","og_type":"article","og_title":"Kaelaehe K\u00fcllus","og_description":"Kaelaehe koos ripatsiga on valmistatud valgest kullast. Ripatsit kaunistab naturaalne tsavoriit, mis on toorkivina tellitud Tansaaniast ja lihvitud kunstniku oma k\u00e4ega Eestis spetisaalselt 2023.aastal toimunud isikun\u00e4ituse jaoks K\u00fcllus. Ehe saabub mustas kunstniku m\u00e4rgisega karbis.","og_url":"https:\/\/www.margitpaulin.com\/en\/product\/kaelaehe-kullus\/","og_site_name":"Margit Paulin","article_publisher":"https:\/\/www.facebook.com\/PaulinJewellery","twitter_card":"summary_large_image","schema":{"@context":"https:\/\/schema.org","@graph":[{"@type":"WebPage","@id":"https:\/\/www.margitpaulin.com\/toode\/kaelaehe-kullus\/","url":"https:\/\/www.margitpaulin.com\/toode\/kaelaehe-kullus\/","name":"Margit Paulin | Kaelaehe K\u00fcllus","isPartOf":{"@id":"https:\/\/www.margitpaulin.com\/#website"},"primaryImageOfPage":{"@id":"https:\/\/www.margitpaulin.com\/toode\/kaelaehe-kullus\/#primaryimage"},"image":{"@id":"https:\/\/www.margitpaulin.com\/toode\/kaelaehe-kullus\/#primaryimage"},"thumbnailUrl":"https:\/\/www.margitpaulin.com\/site\/wp-content\/uploads\/2024\/10\/jwl_shoot2477-scaled.jpg","datePublished":"2026-01-18T08:14:42+00:00","breadcrumb":{"@id":"https:\/\/www.margitpaulin.com\/toode\/kaelaehe-kullus\/#breadcrumb"},"inLanguage":"en-GB","potentialAction":[{"@type":"ReadAction","target":["https:\/\/www.margitpaulin.com\/toode\/kaelaehe-kullus\/"]}]},{"@type":"ImageObject","inLanguage":"en-GB","@id":"https:\/\/www.margitpaulin.com\/toode\/kaelaehe-kullus\/#primaryimage","url":"https:\/\/www.margitpaulin.com\/site\/wp-content\/uploads\/2024\/10\/jwl_shoot2477-scaled.jpg","contentUrl":"https:\/\/www.margitpaulin.com\/site\/wp-content\/uploads\/2024\/10\/jwl_shoot2477-scaled.jpg","width":2048,"height":2560},{"@type":"BreadcrumbList","@id":"https:\/\/www.margitpaulin.com\/toode\/kaelaehe-kullus\/#breadcrumb","itemListElement":[{"@type":"ListItem","position":1,"name":"Home","item":"https:\/\/www.margitpaulin.com\/esileht\/"},{"@type":"ListItem","position":2,"name":"E-pood","item":"https:\/\/www.margitpaulin.com\/e-pood\/"},{"@type":"ListItem","position":3,"name":"Kaelaehe K\u00fcllus"}]},{"@type":"WebSite","@id":"https:\/\/www.margitpaulin.com\/#website","url":"https:\/\/www.margitpaulin.com\/","name":"Margit Paulin","description":"Isikup\u00e4rased ja ainulaadsed ehted","publisher":{"@id":"https:\/\/www.margitpaulin.com\/#organization"},"potentialAction":[{"@type":"SearchAction","target":{"@type":"EntryPoint","urlTemplate":"https:\/\/www.margitpaulin.com\/?s={search_term_string}"},"query-input":{"@type":"PropertyValueSpecification","valueRequired":true,"valueName":"search_term_string"}}],"inLanguage":"en-GB"},{"@type":"Organization","@id":"https:\/\/www.margitpaulin.com\/#organization","name":"Margit Paulin","url":"https:\/\/www.margitpaulin.com\/","logo":{"@type":"ImageObject","inLanguage":"en-GB","@id":"https:\/\/www.margitpaulin.com\/#\/schema\/logo\/image\/","url":"http:\/\/www.margitpaulin.com\/site\/wp-content\/uploads\/2023\/04\/logo-general-black.svg","contentUrl":"http:\/\/www.margitpaulin.com\/site\/wp-content\/uploads\/2023\/04\/logo-general-black.svg","width":240,"height":148,"caption":"Margit Paulin"},"image":{"@id":"https:\/\/www.margitpaulin.com\/#\/schema\/logo\/image\/"},"sameAs":["https:\/\/www.facebook.com\/PaulinJewellery","https:\/\/www.instagram.com\/margitpaulin_jewellery"]}]}},"_links":{"self":[{"href":"https:\/\/www.margitpaulin.com\/en\/wp-json\/wp\/v2\/product\/2552","targetHints":{"allow":["GET"]}}],"collection":[{"href":"https:\/\/www.margitpaulin.com\/en\/wp-json\/wp\/v2\/product"}],"about":[{"href":"https:\/\/www.margitpaulin.com\/en\/wp-json\/wp\/v2\/types\/product"}],"wp:featuredmedia":[{"embeddable":true,"href":"https:\/\/www.margitpaulin.com\/en\/wp-json\/wp\/v2\/media\/1306"}],"wp:attachment":[{"href":"https:\/\/www.margitpaulin.com\/en\/wp-json\/wp\/v2\/media?parent=2552"}],"wp:term":[{"taxonomy":"product_brand","embeddable":true,"href":"https:\/\/www.margitpaulin.com\/en\/wp-json\/wp\/v2\/product_brand?post=2552"},{"taxonomy":"product_cat","embeddable":true,"href":"https:\/\/www.margitpaulin.com\/en\/wp-json\/wp\/v2\/product_cat?post=2552"},{"taxonomy":"product_tag","embeddable":true,"href":"https:\/\/www.margitpaulin.com\/en\/wp-json\/wp\/v2\/product_tag?post=2552"}],"curies":[{"name":"wp","href":"https:\/\/api.w.org\/{rel}","templated":true}]}}