{"id":2566,"date":"2026-01-18T08:14:53","date_gmt":"2026-01-18T08:14:53","guid":{"rendered":"https:\/\/www.margitpaulin.com\/toode\/korvaehted-tahiiti\/"},"modified":"2026-01-18T08:14:54","modified_gmt":"2026-01-18T08:14:54","slug":"korvaehted-tahiiti","status":"publish","type":"product","link":"https:\/\/www.margitpaulin.com\/en\/product\/korvaehted-tahiiti\/","title":{"rendered":"Earrings Tahiti"},"content":{"rendered":"<p>Need imekaunid k\u00f5rvaehted on valmistatud h\u00f5bedast, kergelt oks\u00fcdeeritud tumedaks. Ehet kaunistavad oman\u00e4olised  naturaalsed Tahiiti p\u00e4rlid ja loodusest inspireeritud joon. Inspireeritud loodusest ja 2024.aasta suvel P\u00e4rnus toimunud MKL n\u00e4itusele Oma n\u00e4gu. Ehe on unikaalne ja saabub mustas kunstniku m\u00e4rgisega karbis.<\/p>","protected":false},"excerpt":{"rendered":"<p>Need imekaunid k\u00f5rvaehted on valmistatud h\u00f5bedast, kergelt oks\u00fcdeeritud tumedaks. Ehet kaunistavad oman\u00e4olised naturaalsed Tahiiti p\u00e4rlid ja loodusest inspireeritud joon. Inspireeritud loodusest ja 2024.aasta suvel P\u00e4rnus toimunud MKL n\u00e4itusele Oma n\u00e4gu. Ehe on unikaalne ja saabub mustas kunstniku m\u00e4rgisega karbis.<\/p>","protected":false},"featured_media":1294,"template":"","meta":{"_acf_changed":false,"inline_featured_image":false},"product_brand":[],"product_cat":[30],"product_tag":[],"class_list":{"0":"post-2566","1":"product","2":"type-product","3":"status-publish","4":"has-post-thumbnail","6":"product_cat-korvarongad","7":"pa_materjal-tahiiti-parlid","8":"pa_materjal-hobe-925-oksudeeritud","9":"pa_suurus-2x8cm","11":"first","12":"instock","13":"taxable","14":"shipping-taxable","15":"purchasable","16":"product-type-simple"},"acf":[],"yoast_head":"<!-- This site is optimized with the Yoast SEO Premium plugin v23.9 (Yoast SEO v27.4) - https:\/\/yoast.com\/product\/yoast-seo-premium-wordpress\/ -->\n<title>Margit Paulin | K\u00f5rvaehted Tahiiti<\/title>\n<meta name=\"robots\" content=\"index, follow, max-snippet:-1, max-image-preview:large, max-video-preview:-1\" \/>\n<link rel=\"canonical\" href=\"https:\/\/www.margitpaulin.com\/en\/product\/korvaehted-tahiiti\/\" \/>\n<meta property=\"og:locale\" content=\"en_GB\" \/>\n<meta property=\"og:type\" content=\"article\" \/>\n<meta property=\"og:title\" content=\"K\u00f5rvaehted Tahiiti\" \/>\n<meta property=\"og:description\" content=\"Need imekaunid k\u00f5rvaehted on valmistatud h\u00f5bedast, kergelt oks\u00fcdeeritud tumedaks. Ehet kaunistavad oman\u00e4olised naturaalsed Tahiiti p\u00e4rlid ja loodusest inspireeritud joon. Inspireeritud loodusest ja 2024.aasta suvel P\u00e4rnus toimunud MKL n\u00e4itusele Oma n\u00e4gu. Ehe on unikaalne ja saabub mustas kunstniku m\u00e4rgisega karbis.\" \/>\n<meta property=\"og:url\" content=\"https:\/\/www.margitpaulin.com\/en\/product\/korvaehted-tahiiti\/\" \/>\n<meta property=\"og:site_name\" content=\"Margit Paulin\" \/>\n<meta property=\"article:publisher\" content=\"https:\/\/www.facebook.com\/PaulinJewellery\" \/>\n<meta property=\"article:modified_time\" content=\"2026-01-18T08:14:54+00:00\" \/>\n<meta name=\"twitter:card\" content=\"summary_large_image\" \/>\n<script type=\"application\/ld+json\" class=\"yoast-schema-graph\">{\"@context\":\"https:\\\/\\\/schema.org\",\"@graph\":[{\"@type\":\"WebPage\",\"@id\":\"https:\\\/\\\/www.margitpaulin.com\\\/toode\\\/korvaehted-tahiiti\\\/\",\"url\":\"https:\\\/\\\/www.margitpaulin.com\\\/toode\\\/korvaehted-tahiiti\\\/\",\"name\":\"Margit Paulin | K\u00f5rvaehted Tahiiti\",\"isPartOf\":{\"@id\":\"https:\\\/\\\/www.margitpaulin.com\\\/#website\"},\"primaryImageOfPage\":{\"@id\":\"https:\\\/\\\/www.margitpaulin.com\\\/toode\\\/korvaehted-tahiiti\\\/#primaryimage\"},\"image\":{\"@id\":\"https:\\\/\\\/www.margitpaulin.com\\\/toode\\\/korvaehted-tahiiti\\\/#primaryimage\"},\"thumbnailUrl\":\"https:\\\/\\\/www.margitpaulin.com\\\/site\\\/wp-content\\\/uploads\\\/2024\\\/10\\\/jwl_shoot2185-scaled.jpg\",\"datePublished\":\"2026-01-18T08:14:53+00:00\",\"dateModified\":\"2026-01-18T08:14:54+00:00\",\"breadcrumb\":{\"@id\":\"https:\\\/\\\/www.margitpaulin.com\\\/toode\\\/korvaehted-tahiiti\\\/#breadcrumb\"},\"inLanguage\":\"en-GB\",\"potentialAction\":[{\"@type\":\"ReadAction\",\"target\":[\"https:\\\/\\\/www.margitpaulin.com\\\/toode\\\/korvaehted-tahiiti\\\/\"]}]},{\"@type\":\"ImageObject\",\"inLanguage\":\"en-GB\",\"@id\":\"https:\\\/\\\/www.margitpaulin.com\\\/toode\\\/korvaehted-tahiiti\\\/#primaryimage\",\"url\":\"https:\\\/\\\/www.margitpaulin.com\\\/site\\\/wp-content\\\/uploads\\\/2024\\\/10\\\/jwl_shoot2185-scaled.jpg\",\"contentUrl\":\"https:\\\/\\\/www.margitpaulin.com\\\/site\\\/wp-content\\\/uploads\\\/2024\\\/10\\\/jwl_shoot2185-scaled.jpg\",\"width\":2048,\"height\":2560},{\"@type\":\"BreadcrumbList\",\"@id\":\"https:\\\/\\\/www.margitpaulin.com\\\/toode\\\/korvaehted-tahiiti\\\/#breadcrumb\",\"itemListElement\":[{\"@type\":\"ListItem\",\"position\":1,\"name\":\"Home\",\"item\":\"https:\\\/\\\/www.margitpaulin.com\\\/esileht\\\/\"},{\"@type\":\"ListItem\",\"position\":2,\"name\":\"E-pood\",\"item\":\"https:\\\/\\\/www.margitpaulin.com\\\/e-pood\\\/\"},{\"@type\":\"ListItem\",\"position\":3,\"name\":\"K\u00f5rvaehted Tahiiti\"}]},{\"@type\":\"WebSite\",\"@id\":\"https:\\\/\\\/www.margitpaulin.com\\\/#website\",\"url\":\"https:\\\/\\\/www.margitpaulin.com\\\/\",\"name\":\"Margit Paulin\",\"description\":\"Isikup\u00e4rased ja ainulaadsed ehted\",\"publisher\":{\"@id\":\"https:\\\/\\\/www.margitpaulin.com\\\/#organization\"},\"potentialAction\":[{\"@type\":\"SearchAction\",\"target\":{\"@type\":\"EntryPoint\",\"urlTemplate\":\"https:\\\/\\\/www.margitpaulin.com\\\/?s={search_term_string}\"},\"query-input\":{\"@type\":\"PropertyValueSpecification\",\"valueRequired\":true,\"valueName\":\"search_term_string\"}}],\"inLanguage\":\"en-GB\"},{\"@type\":\"Organization\",\"@id\":\"https:\\\/\\\/www.margitpaulin.com\\\/#organization\",\"name\":\"Margit Paulin\",\"url\":\"https:\\\/\\\/www.margitpaulin.com\\\/\",\"logo\":{\"@type\":\"ImageObject\",\"inLanguage\":\"en-GB\",\"@id\":\"https:\\\/\\\/www.margitpaulin.com\\\/#\\\/schema\\\/logo\\\/image\\\/\",\"url\":\"http:\\\/\\\/www.margitpaulin.com\\\/site\\\/wp-content\\\/uploads\\\/2023\\\/04\\\/logo-general-black.svg\",\"contentUrl\":\"http:\\\/\\\/www.margitpaulin.com\\\/site\\\/wp-content\\\/uploads\\\/2023\\\/04\\\/logo-general-black.svg\",\"width\":240,\"height\":148,\"caption\":\"Margit Paulin\"},\"image\":{\"@id\":\"https:\\\/\\\/www.margitpaulin.com\\\/#\\\/schema\\\/logo\\\/image\\\/\"},\"sameAs\":[\"https:\\\/\\\/www.facebook.com\\\/PaulinJewellery\",\"https:\\\/\\\/www.instagram.com\\\/margitpaulin_jewellery\"]}]}<\/script>\n<!-- \/ Yoast SEO Premium plugin. -->","yoast_head_json":{"title":"Margit Paulin | K\u00f5rvaehted Tahiiti","robots":{"index":"index","follow":"follow","max-snippet":"max-snippet:-1","max-image-preview":"max-image-preview:large","max-video-preview":"max-video-preview:-1"},"canonical":"https:\/\/www.margitpaulin.com\/en\/product\/korvaehted-tahiiti\/","og_locale":"en_GB","og_type":"article","og_title":"K\u00f5rvaehted Tahiiti","og_description":"Need imekaunid k\u00f5rvaehted on valmistatud h\u00f5bedast, kergelt oks\u00fcdeeritud tumedaks. Ehet kaunistavad oman\u00e4olised naturaalsed Tahiiti p\u00e4rlid ja loodusest inspireeritud joon. Inspireeritud loodusest ja 2024.aasta suvel P\u00e4rnus toimunud MKL n\u00e4itusele Oma n\u00e4gu. Ehe on unikaalne ja saabub mustas kunstniku m\u00e4rgisega karbis.","og_url":"https:\/\/www.margitpaulin.com\/en\/product\/korvaehted-tahiiti\/","og_site_name":"Margit Paulin","article_publisher":"https:\/\/www.facebook.com\/PaulinJewellery","article_modified_time":"2026-01-18T08:14:54+00:00","twitter_card":"summary_large_image","schema":{"@context":"https:\/\/schema.org","@graph":[{"@type":"WebPage","@id":"https:\/\/www.margitpaulin.com\/toode\/korvaehted-tahiiti\/","url":"https:\/\/www.margitpaulin.com\/toode\/korvaehted-tahiiti\/","name":"Margit Paulin | K\u00f5rvaehted Tahiiti","isPartOf":{"@id":"https:\/\/www.margitpaulin.com\/#website"},"primaryImageOfPage":{"@id":"https:\/\/www.margitpaulin.com\/toode\/korvaehted-tahiiti\/#primaryimage"},"image":{"@id":"https:\/\/www.margitpaulin.com\/toode\/korvaehted-tahiiti\/#primaryimage"},"thumbnailUrl":"https:\/\/www.margitpaulin.com\/site\/wp-content\/uploads\/2024\/10\/jwl_shoot2185-scaled.jpg","datePublished":"2026-01-18T08:14:53+00:00","dateModified":"2026-01-18T08:14:54+00:00","breadcrumb":{"@id":"https:\/\/www.margitpaulin.com\/toode\/korvaehted-tahiiti\/#breadcrumb"},"inLanguage":"en-GB","potentialAction":[{"@type":"ReadAction","target":["https:\/\/www.margitpaulin.com\/toode\/korvaehted-tahiiti\/"]}]},{"@type":"ImageObject","inLanguage":"en-GB","@id":"https:\/\/www.margitpaulin.com\/toode\/korvaehted-tahiiti\/#primaryimage","url":"https:\/\/www.margitpaulin.com\/site\/wp-content\/uploads\/2024\/10\/jwl_shoot2185-scaled.jpg","contentUrl":"https:\/\/www.margitpaulin.com\/site\/wp-content\/uploads\/2024\/10\/jwl_shoot2185-scaled.jpg","width":2048,"height":2560},{"@type":"BreadcrumbList","@id":"https:\/\/www.margitpaulin.com\/toode\/korvaehted-tahiiti\/#breadcrumb","itemListElement":[{"@type":"ListItem","position":1,"name":"Home","item":"https:\/\/www.margitpaulin.com\/esileht\/"},{"@type":"ListItem","position":2,"name":"E-pood","item":"https:\/\/www.margitpaulin.com\/e-pood\/"},{"@type":"ListItem","position":3,"name":"K\u00f5rvaehted Tahiiti"}]},{"@type":"WebSite","@id":"https:\/\/www.margitpaulin.com\/#website","url":"https:\/\/www.margitpaulin.com\/","name":"Margit Paulin","description":"Isikup\u00e4rased ja ainulaadsed ehted","publisher":{"@id":"https:\/\/www.margitpaulin.com\/#organization"},"potentialAction":[{"@type":"SearchAction","target":{"@type":"EntryPoint","urlTemplate":"https:\/\/www.margitpaulin.com\/?s={search_term_string}"},"query-input":{"@type":"PropertyValueSpecification","valueRequired":true,"valueName":"search_term_string"}}],"inLanguage":"en-GB"},{"@type":"Organization","@id":"https:\/\/www.margitpaulin.com\/#organization","name":"Margit Paulin","url":"https:\/\/www.margitpaulin.com\/","logo":{"@type":"ImageObject","inLanguage":"en-GB","@id":"https:\/\/www.margitpaulin.com\/#\/schema\/logo\/image\/","url":"http:\/\/www.margitpaulin.com\/site\/wp-content\/uploads\/2023\/04\/logo-general-black.svg","contentUrl":"http:\/\/www.margitpaulin.com\/site\/wp-content\/uploads\/2023\/04\/logo-general-black.svg","width":240,"height":148,"caption":"Margit Paulin"},"image":{"@id":"https:\/\/www.margitpaulin.com\/#\/schema\/logo\/image\/"},"sameAs":["https:\/\/www.facebook.com\/PaulinJewellery","https:\/\/www.instagram.com\/margitpaulin_jewellery"]}]}},"_links":{"self":[{"href":"https:\/\/www.margitpaulin.com\/en\/wp-json\/wp\/v2\/product\/2566","targetHints":{"allow":["GET"]}}],"collection":[{"href":"https:\/\/www.margitpaulin.com\/en\/wp-json\/wp\/v2\/product"}],"about":[{"href":"https:\/\/www.margitpaulin.com\/en\/wp-json\/wp\/v2\/types\/product"}],"wp:featuredmedia":[{"embeddable":true,"href":"https:\/\/www.margitpaulin.com\/en\/wp-json\/wp\/v2\/media\/1294"}],"wp:attachment":[{"href":"https:\/\/www.margitpaulin.com\/en\/wp-json\/wp\/v2\/media?parent=2566"}],"wp:term":[{"taxonomy":"product_brand","embeddable":true,"href":"https:\/\/www.margitpaulin.com\/en\/wp-json\/wp\/v2\/product_brand?post=2566"},{"taxonomy":"product_cat","embeddable":true,"href":"https:\/\/www.margitpaulin.com\/en\/wp-json\/wp\/v2\/product_cat?post=2566"},{"taxonomy":"product_tag","embeddable":true,"href":"https:\/\/www.margitpaulin.com\/en\/wp-json\/wp\/v2\/product_tag?post=2566"}],"curies":[{"name":"wp","href":"https:\/\/api.w.org\/{rel}","templated":true}]}}