{"id":2581,"date":"2026-01-18T08:15:06","date_gmt":"2026-01-18T08:15:06","guid":{"rendered":"https:\/\/www.margitpaulin.com\/toode\/korvaehted-sostrasilm-suur-tume\/"},"modified":"2026-01-18T12:54:24","modified_gmt":"2026-01-18T12:54:24","slug":"korvaehted-sostrasilm-suur-tume","status":"publish","type":"product","link":"https:\/\/www.margitpaulin.com\/en\/product\/korvaehted-sostrasilm-suur-tume\/","title":{"rendered":"K\u00f5rvaehted S\u00f5strasilm suur\/tume"},"content":{"rendered":"<p>K\u00f5rvaehted on valmistatud h\u00f5bedast ja inspireerituna loodusest, kaunistab neid naturaalne kaunilt toonitud Jaapani vetest p\u00e4rit Akoya p\u00e4rl. S\u00f5strasilm on p\u00e4rl looduse r\u00fcpest. Akoya p\u00e4rlit iseloomustab ja teeb kauniks just tema omap\u00e4rane p\u00e4rlmutter l\u00e4ige, mis tingitud tema kasvukohast \u00fclisoolases Jaapani lahes. Ehe valmib sinu jaoks k\u00e4sit\u00f6\u00f6na ja saabub mustas kunstniku m\u00e4rgisega karbis.<\/p>","protected":false},"excerpt":{"rendered":"<p>K\u00f5rvaehted on valmistatud h\u00f5bedast ja inspireerituna loodusest, kaunistab neid naturaalne kaunilt toonitud Jaapani vetest p\u00e4rit Akoya p\u00e4rl. S\u00f5strasilm on p\u00e4rl looduse r\u00fcpest. Akoya p\u00e4rlit iseloomustab ja teeb kauniks just tema omap\u00e4rane p\u00e4rlmutter l\u00e4ige, mis tingitud tema kasvukohast \u00fclisoolases Jaapani lahes. Ehe valmib sinu jaoks k\u00e4sit\u00f6\u00f6na ja saabub mustas kunstniku m\u00e4rgisega karbis.<\/p>","protected":false},"featured_media":1869,"template":"","meta":{"_acf_changed":false,"inline_featured_image":false},"product_brand":[],"product_cat":[30],"product_tag":[],"class_list":{"0":"post-2581","1":"product","2":"type-product","3":"status-publish","4":"has-post-thumbnail","6":"product_cat-korvarongad","7":"pa_materjal-akoya-toonitud-merevee-parl","8":"pa_materjal-hobe-925-oksudeeritud-2","9":"pa_suurus-2x4cm","11":"first","12":"instock","13":"taxable","14":"shipping-taxable","15":"purchasable","16":"product-type-simple"},"acf":[],"yoast_head":"<!-- This site is optimized with the Yoast SEO Premium plugin v23.9 (Yoast SEO v27.4) - https:\/\/yoast.com\/product\/yoast-seo-premium-wordpress\/ -->\n<title>Margit Paulin | K\u00f5rvaehted S\u00f5strasilm suur\/tume<\/title>\n<meta name=\"description\" content=\"k\u00f5rvaehted k\u00f5rvar\u00f5ngad autoriehe naturaalsed p\u00e4rlid h\u00f5beehe Margit Paulini k\u00e4sit\u00f6\u00f6 jewellery artist and gemstones earings cufflinks natural pearls handmade\" \/>\n<meta name=\"robots\" content=\"index, follow, max-snippet:-1, max-image-preview:large, max-video-preview:-1\" \/>\n<link rel=\"canonical\" href=\"https:\/\/www.margitpaulin.com\/en\/product\/korvaehted-sostrasilm-suur-tume\/\" \/>\n<meta property=\"og:locale\" content=\"en_GB\" \/>\n<meta property=\"og:type\" content=\"article\" \/>\n<meta property=\"og:title\" content=\"K\u00f5rvaehted S\u00f5strasilm suur\/tume\" \/>\n<meta property=\"og:description\" content=\"k\u00f5rvaehted k\u00f5rvar\u00f5ngad autoriehe naturaalsed p\u00e4rlid h\u00f5beehe Margit Paulini k\u00e4sit\u00f6\u00f6 jewellery artist and gemstones earings cufflinks natural pearls handmade\" \/>\n<meta property=\"og:url\" content=\"https:\/\/www.margitpaulin.com\/en\/product\/korvaehted-sostrasilm-suur-tume\/\" \/>\n<meta property=\"og:site_name\" content=\"Margit Paulin\" \/>\n<meta property=\"article:publisher\" content=\"https:\/\/www.facebook.com\/PaulinJewellery\" \/>\n<meta property=\"article:modified_time\" content=\"2026-01-18T12:54:24+00:00\" \/>\n<meta property=\"og:image\" content=\"http:\/\/www.margitpaulin.com\/site\/wp-content\/uploads\/2026\/01\/sostrad-sostrasilm-suur-tume.jpg\" \/>\n\t<meta property=\"og:image:width\" content=\"960\" \/>\n\t<meta property=\"og:image:height\" content=\"960\" \/>\n\t<meta property=\"og:image:type\" content=\"image\/jpeg\" \/>\n<meta name=\"twitter:card\" content=\"summary_large_image\" \/>\n<meta name=\"twitter:label1\" content=\"Estimated reading time\" \/>\n\t<meta name=\"twitter:data1\" content=\"1 minute\" \/>\n<script type=\"application\/ld+json\" class=\"yoast-schema-graph\">{\"@context\":\"https:\\\/\\\/schema.org\",\"@graph\":[{\"@type\":\"WebPage\",\"@id\":\"https:\\\/\\\/www.margitpaulin.com\\\/toode\\\/korvaehted-sostrasilm-suur-tume\\\/\",\"url\":\"https:\\\/\\\/www.margitpaulin.com\\\/toode\\\/korvaehted-sostrasilm-suur-tume\\\/\",\"name\":\"Margit Paulin | K\u00f5rvaehted S\u00f5strasilm suur\\\/tume\",\"isPartOf\":{\"@id\":\"https:\\\/\\\/www.margitpaulin.com\\\/#website\"},\"primaryImageOfPage\":{\"@id\":\"https:\\\/\\\/www.margitpaulin.com\\\/toode\\\/korvaehted-sostrasilm-suur-tume\\\/#primaryimage\"},\"image\":{\"@id\":\"https:\\\/\\\/www.margitpaulin.com\\\/toode\\\/korvaehted-sostrasilm-suur-tume\\\/#primaryimage\"},\"thumbnailUrl\":\"https:\\\/\\\/www.margitpaulin.com\\\/site\\\/wp-content\\\/uploads\\\/2026\\\/01\\\/sostrad-sostrasilm-suur-tume.jpg\",\"datePublished\":\"2026-01-18T08:15:06+00:00\",\"dateModified\":\"2026-01-18T12:54:24+00:00\",\"description\":\"k\u00f5rvaehted k\u00f5rvar\u00f5ngad autoriehe naturaalsed p\u00e4rlid h\u00f5beehe Margit Paulini k\u00e4sit\u00f6\u00f6 jewellery artist and gemstones earings cufflinks natural pearls handmade\",\"breadcrumb\":{\"@id\":\"https:\\\/\\\/www.margitpaulin.com\\\/toode\\\/korvaehted-sostrasilm-suur-tume\\\/#breadcrumb\"},\"inLanguage\":\"en-GB\",\"potentialAction\":[{\"@type\":\"ReadAction\",\"target\":[\"https:\\\/\\\/www.margitpaulin.com\\\/toode\\\/korvaehted-sostrasilm-suur-tume\\\/\"]}]},{\"@type\":\"ImageObject\",\"inLanguage\":\"en-GB\",\"@id\":\"https:\\\/\\\/www.margitpaulin.com\\\/toode\\\/korvaehted-sostrasilm-suur-tume\\\/#primaryimage\",\"url\":\"https:\\\/\\\/www.margitpaulin.com\\\/site\\\/wp-content\\\/uploads\\\/2026\\\/01\\\/sostrad-sostrasilm-suur-tume.jpg\",\"contentUrl\":\"https:\\\/\\\/www.margitpaulin.com\\\/site\\\/wp-content\\\/uploads\\\/2026\\\/01\\\/sostrad-sostrasilm-suur-tume.jpg\",\"width\":960,\"height\":960},{\"@type\":\"BreadcrumbList\",\"@id\":\"https:\\\/\\\/www.margitpaulin.com\\\/toode\\\/korvaehted-sostrasilm-suur-tume\\\/#breadcrumb\",\"itemListElement\":[{\"@type\":\"ListItem\",\"position\":1,\"name\":\"Home\",\"item\":\"https:\\\/\\\/www.margitpaulin.com\\\/esileht\\\/\"},{\"@type\":\"ListItem\",\"position\":2,\"name\":\"E-pood\",\"item\":\"https:\\\/\\\/www.margitpaulin.com\\\/e-pood\\\/\"},{\"@type\":\"ListItem\",\"position\":3,\"name\":\"K\u00f5rvaehted S\u00f5strasilm suur\\\/tume\"}]},{\"@type\":\"WebSite\",\"@id\":\"https:\\\/\\\/www.margitpaulin.com\\\/#website\",\"url\":\"https:\\\/\\\/www.margitpaulin.com\\\/\",\"name\":\"Margit Paulin\",\"description\":\"Isikup\u00e4rased ja ainulaadsed ehted\",\"publisher\":{\"@id\":\"https:\\\/\\\/www.margitpaulin.com\\\/#organization\"},\"potentialAction\":[{\"@type\":\"SearchAction\",\"target\":{\"@type\":\"EntryPoint\",\"urlTemplate\":\"https:\\\/\\\/www.margitpaulin.com\\\/?s={search_term_string}\"},\"query-input\":{\"@type\":\"PropertyValueSpecification\",\"valueRequired\":true,\"valueName\":\"search_term_string\"}}],\"inLanguage\":\"en-GB\"},{\"@type\":\"Organization\",\"@id\":\"https:\\\/\\\/www.margitpaulin.com\\\/#organization\",\"name\":\"Margit Paulin\",\"url\":\"https:\\\/\\\/www.margitpaulin.com\\\/\",\"logo\":{\"@type\":\"ImageObject\",\"inLanguage\":\"en-GB\",\"@id\":\"https:\\\/\\\/www.margitpaulin.com\\\/#\\\/schema\\\/logo\\\/image\\\/\",\"url\":\"http:\\\/\\\/www.margitpaulin.com\\\/site\\\/wp-content\\\/uploads\\\/2023\\\/04\\\/logo-general-black.svg\",\"contentUrl\":\"http:\\\/\\\/www.margitpaulin.com\\\/site\\\/wp-content\\\/uploads\\\/2023\\\/04\\\/logo-general-black.svg\",\"width\":240,\"height\":148,\"caption\":\"Margit Paulin\"},\"image\":{\"@id\":\"https:\\\/\\\/www.margitpaulin.com\\\/#\\\/schema\\\/logo\\\/image\\\/\"},\"sameAs\":[\"https:\\\/\\\/www.facebook.com\\\/PaulinJewellery\",\"https:\\\/\\\/www.instagram.com\\\/margitpaulin_jewellery\"]}]}<\/script>\n<!-- \/ Yoast SEO Premium plugin. -->","yoast_head_json":{"title":"Margit Paulin | K\u00f5rvaehted S\u00f5strasilm suur\/tume","description":"k\u00f5rvaehted k\u00f5rvar\u00f5ngad autoriehe naturaalsed p\u00e4rlid h\u00f5beehe Margit Paulini k\u00e4sit\u00f6\u00f6 jewellery artist and gemstones earings cufflinks natural pearls handmade","robots":{"index":"index","follow":"follow","max-snippet":"max-snippet:-1","max-image-preview":"max-image-preview:large","max-video-preview":"max-video-preview:-1"},"canonical":"https:\/\/www.margitpaulin.com\/en\/product\/korvaehted-sostrasilm-suur-tume\/","og_locale":"en_GB","og_type":"article","og_title":"K\u00f5rvaehted S\u00f5strasilm suur\/tume","og_description":"k\u00f5rvaehted k\u00f5rvar\u00f5ngad autoriehe naturaalsed p\u00e4rlid h\u00f5beehe Margit Paulini k\u00e4sit\u00f6\u00f6 jewellery artist and gemstones earings cufflinks natural pearls handmade","og_url":"https:\/\/www.margitpaulin.com\/en\/product\/korvaehted-sostrasilm-suur-tume\/","og_site_name":"Margit Paulin","article_publisher":"https:\/\/www.facebook.com\/PaulinJewellery","article_modified_time":"2026-01-18T12:54:24+00:00","og_image":[{"width":960,"height":960,"url":"http:\/\/www.margitpaulin.com\/site\/wp-content\/uploads\/2026\/01\/sostrad-sostrasilm-suur-tume.jpg","type":"image\/jpeg"}],"twitter_card":"summary_large_image","twitter_misc":{"Estimated reading time":"1 minute"},"schema":{"@context":"https:\/\/schema.org","@graph":[{"@type":"WebPage","@id":"https:\/\/www.margitpaulin.com\/toode\/korvaehted-sostrasilm-suur-tume\/","url":"https:\/\/www.margitpaulin.com\/toode\/korvaehted-sostrasilm-suur-tume\/","name":"Margit Paulin | K\u00f5rvaehted S\u00f5strasilm suur\/tume","isPartOf":{"@id":"https:\/\/www.margitpaulin.com\/#website"},"primaryImageOfPage":{"@id":"https:\/\/www.margitpaulin.com\/toode\/korvaehted-sostrasilm-suur-tume\/#primaryimage"},"image":{"@id":"https:\/\/www.margitpaulin.com\/toode\/korvaehted-sostrasilm-suur-tume\/#primaryimage"},"thumbnailUrl":"https:\/\/www.margitpaulin.com\/site\/wp-content\/uploads\/2026\/01\/sostrad-sostrasilm-suur-tume.jpg","datePublished":"2026-01-18T08:15:06+00:00","dateModified":"2026-01-18T12:54:24+00:00","description":"k\u00f5rvaehted k\u00f5rvar\u00f5ngad autoriehe naturaalsed p\u00e4rlid h\u00f5beehe Margit Paulini k\u00e4sit\u00f6\u00f6 jewellery artist and gemstones earings cufflinks natural pearls handmade","breadcrumb":{"@id":"https:\/\/www.margitpaulin.com\/toode\/korvaehted-sostrasilm-suur-tume\/#breadcrumb"},"inLanguage":"en-GB","potentialAction":[{"@type":"ReadAction","target":["https:\/\/www.margitpaulin.com\/toode\/korvaehted-sostrasilm-suur-tume\/"]}]},{"@type":"ImageObject","inLanguage":"en-GB","@id":"https:\/\/www.margitpaulin.com\/toode\/korvaehted-sostrasilm-suur-tume\/#primaryimage","url":"https:\/\/www.margitpaulin.com\/site\/wp-content\/uploads\/2026\/01\/sostrad-sostrasilm-suur-tume.jpg","contentUrl":"https:\/\/www.margitpaulin.com\/site\/wp-content\/uploads\/2026\/01\/sostrad-sostrasilm-suur-tume.jpg","width":960,"height":960},{"@type":"BreadcrumbList","@id":"https:\/\/www.margitpaulin.com\/toode\/korvaehted-sostrasilm-suur-tume\/#breadcrumb","itemListElement":[{"@type":"ListItem","position":1,"name":"Home","item":"https:\/\/www.margitpaulin.com\/esileht\/"},{"@type":"ListItem","position":2,"name":"E-pood","item":"https:\/\/www.margitpaulin.com\/e-pood\/"},{"@type":"ListItem","position":3,"name":"K\u00f5rvaehted S\u00f5strasilm suur\/tume"}]},{"@type":"WebSite","@id":"https:\/\/www.margitpaulin.com\/#website","url":"https:\/\/www.margitpaulin.com\/","name":"Margit Paulin","description":"Isikup\u00e4rased ja ainulaadsed ehted","publisher":{"@id":"https:\/\/www.margitpaulin.com\/#organization"},"potentialAction":[{"@type":"SearchAction","target":{"@type":"EntryPoint","urlTemplate":"https:\/\/www.margitpaulin.com\/?s={search_term_string}"},"query-input":{"@type":"PropertyValueSpecification","valueRequired":true,"valueName":"search_term_string"}}],"inLanguage":"en-GB"},{"@type":"Organization","@id":"https:\/\/www.margitpaulin.com\/#organization","name":"Margit Paulin","url":"https:\/\/www.margitpaulin.com\/","logo":{"@type":"ImageObject","inLanguage":"en-GB","@id":"https:\/\/www.margitpaulin.com\/#\/schema\/logo\/image\/","url":"http:\/\/www.margitpaulin.com\/site\/wp-content\/uploads\/2023\/04\/logo-general-black.svg","contentUrl":"http:\/\/www.margitpaulin.com\/site\/wp-content\/uploads\/2023\/04\/logo-general-black.svg","width":240,"height":148,"caption":"Margit Paulin"},"image":{"@id":"https:\/\/www.margitpaulin.com\/#\/schema\/logo\/image\/"},"sameAs":["https:\/\/www.facebook.com\/PaulinJewellery","https:\/\/www.instagram.com\/margitpaulin_jewellery"]}]}},"_links":{"self":[{"href":"https:\/\/www.margitpaulin.com\/en\/wp-json\/wp\/v2\/product\/2581","targetHints":{"allow":["GET"]}}],"collection":[{"href":"https:\/\/www.margitpaulin.com\/en\/wp-json\/wp\/v2\/product"}],"about":[{"href":"https:\/\/www.margitpaulin.com\/en\/wp-json\/wp\/v2\/types\/product"}],"wp:featuredmedia":[{"embeddable":true,"href":"https:\/\/www.margitpaulin.com\/en\/wp-json\/wp\/v2\/media\/1869"}],"wp:attachment":[{"href":"https:\/\/www.margitpaulin.com\/en\/wp-json\/wp\/v2\/media?parent=2581"}],"wp:term":[{"taxonomy":"product_brand","embeddable":true,"href":"https:\/\/www.margitpaulin.com\/en\/wp-json\/wp\/v2\/product_brand?post=2581"},{"taxonomy":"product_cat","embeddable":true,"href":"https:\/\/www.margitpaulin.com\/en\/wp-json\/wp\/v2\/product_cat?post=2581"},{"taxonomy":"product_tag","embeddable":true,"href":"https:\/\/www.margitpaulin.com\/en\/wp-json\/wp\/v2\/product_tag?post=2581"}],"curies":[{"name":"wp","href":"https:\/\/api.w.org\/{rel}","templated":true}]}}