{"id":2582,"date":"2026-01-18T08:15:07","date_gmt":"2026-01-18T08:15:07","guid":{"rendered":"https:\/\/www.margitpaulin.com\/toode\/korvaehted-edison\/"},"modified":"2026-01-18T11:48:52","modified_gmt":"2026-01-18T11:48:52","slug":"korvaehted-edison-hobe-silver","status":"publish","type":"product","link":"https:\/\/www.margitpaulin.com\/en\/product\/korvaehted-edison-hobe-silver\/","title":{"rendered":"K\u00f5rvaehted Edison"},"content":{"rendered":"<p>K\u00f5rvaehetes on kombineeritud kuld prooviga 585 h\u00f5bedaga, inspireerituna loodusest. Suured roosaka p\u00e4rlmutrise tooniga magevee p\u00e4rild loovad kauni kontrasti k\u00f5rvaehetes. Ehe saabub kaunis kinkekarbis.<\/p>","protected":false},"excerpt":{"rendered":"<p>K\u00f5rvaehetes on kombineeritud kuld prooviga 585 h\u00f5bedaga, inspireerituna loodusest. Suured roosaka p\u00e4rlmutrise tooniga magevee p\u00e4rild loovad kauni kontrasti k\u00f5rvaehetes. Ehe saabub kaunis kinkekarbis.<\/p>","protected":false},"featured_media":1889,"template":"","meta":{"_acf_changed":false,"inline_featured_image":false},"product_brand":[],"product_cat":[30],"product_tag":[],"class_list":{"0":"post-2582","1":"product","2":"type-product","3":"status-publish","4":"has-post-thumbnail","6":"product_cat-korvarongad","7":"pa_materjal-kuld-585","8":"pa_materjal-edisoni-magevee-barokk-parlid-aaa","9":"pa_materjal-hobe-925-oksudeeritud-2","10":"pa_suurus-2x4cm","12":"first","13":"instock","14":"taxable","15":"shipping-taxable","16":"purchasable","17":"product-type-simple"},"acf":[],"yoast_head":"<!-- This site is optimized with the Yoast SEO Premium plugin v23.9 (Yoast SEO v27.4) - https:\/\/yoast.com\/product\/yoast-seo-premium-wordpress\/ -->\n<title>Margit Paulin | K\u00f5rvaehted Edison<\/title>\n<meta name=\"description\" content=\"h\u00f5bedast k\u00e4sit\u00f6\u00f6 unikaalsed Eesti autoriehted k\u00f5rva disainer k\u00f5rvar\u00f5ngad kingituseks Akoya naturaalsed p\u00e4rlid kunstip\u00e4rased ehted k\u00f5rva ja k\u00f5rvar\u00f5ngad kuld\" \/>\n<meta name=\"robots\" content=\"index, follow, max-snippet:-1, max-image-preview:large, max-video-preview:-1\" \/>\n<link rel=\"canonical\" href=\"https:\/\/www.margitpaulin.com\/en\/product\/korvaehted-edison-hobe-silver\/\" \/>\n<meta property=\"og:locale\" content=\"en_GB\" \/>\n<meta property=\"og:type\" content=\"article\" \/>\n<meta property=\"og:title\" content=\"K\u00f5rvaehted Edison\" \/>\n<meta property=\"og:description\" content=\"h\u00f5bedast k\u00e4sit\u00f6\u00f6 unikaalsed Eesti autoriehted k\u00f5rva disainer k\u00f5rvar\u00f5ngad kingituseks Akoya naturaalsed p\u00e4rlid kunstip\u00e4rased ehted k\u00f5rva ja k\u00f5rvar\u00f5ngad kuld\" \/>\n<meta property=\"og:url\" content=\"https:\/\/www.margitpaulin.com\/en\/product\/korvaehted-edison-hobe-silver\/\" \/>\n<meta property=\"og:site_name\" content=\"Margit Paulin\" \/>\n<meta property=\"article:publisher\" content=\"https:\/\/www.facebook.com\/PaulinJewellery\" \/>\n<meta property=\"article:modified_time\" content=\"2026-01-18T11:48:52+00:00\" \/>\n<meta property=\"og:image\" content=\"http:\/\/www.margitpaulin.com\/site\/wp-content\/uploads\/2026\/01\/sostrad-edison.jpg\" \/>\n\t<meta property=\"og:image:width\" content=\"960\" \/>\n\t<meta property=\"og:image:height\" content=\"960\" \/>\n\t<meta property=\"og:image:type\" content=\"image\/jpeg\" \/>\n<meta name=\"twitter:card\" content=\"summary_large_image\" \/>\n<meta name=\"twitter:label1\" content=\"Estimated reading time\" \/>\n\t<meta name=\"twitter:data1\" content=\"1 minute\" \/>\n<script type=\"application\/ld+json\" class=\"yoast-schema-graph\">{\"@context\":\"https:\\\/\\\/schema.org\",\"@graph\":[{\"@type\":\"WebPage\",\"@id\":\"https:\\\/\\\/www.margitpaulin.com\\\/toode\\\/korvaehted-edison-hobe-silver\\\/\",\"url\":\"https:\\\/\\\/www.margitpaulin.com\\\/toode\\\/korvaehted-edison-hobe-silver\\\/\",\"name\":\"Margit Paulin | K\u00f5rvaehted Edison\",\"isPartOf\":{\"@id\":\"https:\\\/\\\/www.margitpaulin.com\\\/#website\"},\"primaryImageOfPage\":{\"@id\":\"https:\\\/\\\/www.margitpaulin.com\\\/toode\\\/korvaehted-edison-hobe-silver\\\/#primaryimage\"},\"image\":{\"@id\":\"https:\\\/\\\/www.margitpaulin.com\\\/toode\\\/korvaehted-edison-hobe-silver\\\/#primaryimage\"},\"thumbnailUrl\":\"https:\\\/\\\/www.margitpaulin.com\\\/site\\\/wp-content\\\/uploads\\\/2026\\\/01\\\/sostrad-edison.jpg\",\"datePublished\":\"2026-01-18T08:15:07+00:00\",\"dateModified\":\"2026-01-18T11:48:52+00:00\",\"description\":\"h\u00f5bedast k\u00e4sit\u00f6\u00f6 unikaalsed Eesti autoriehted k\u00f5rva disainer k\u00f5rvar\u00f5ngad kingituseks Akoya naturaalsed p\u00e4rlid kunstip\u00e4rased ehted k\u00f5rva ja k\u00f5rvar\u00f5ngad kuld\",\"breadcrumb\":{\"@id\":\"https:\\\/\\\/www.margitpaulin.com\\\/toode\\\/korvaehted-edison-hobe-silver\\\/#breadcrumb\"},\"inLanguage\":\"en-GB\",\"potentialAction\":[{\"@type\":\"ReadAction\",\"target\":[\"https:\\\/\\\/www.margitpaulin.com\\\/toode\\\/korvaehted-edison-hobe-silver\\\/\"]}]},{\"@type\":\"ImageObject\",\"inLanguage\":\"en-GB\",\"@id\":\"https:\\\/\\\/www.margitpaulin.com\\\/toode\\\/korvaehted-edison-hobe-silver\\\/#primaryimage\",\"url\":\"https:\\\/\\\/www.margitpaulin.com\\\/site\\\/wp-content\\\/uploads\\\/2026\\\/01\\\/sostrad-edison.jpg\",\"contentUrl\":\"https:\\\/\\\/www.margitpaulin.com\\\/site\\\/wp-content\\\/uploads\\\/2026\\\/01\\\/sostrad-edison.jpg\",\"width\":960,\"height\":960},{\"@type\":\"BreadcrumbList\",\"@id\":\"https:\\\/\\\/www.margitpaulin.com\\\/toode\\\/korvaehted-edison-hobe-silver\\\/#breadcrumb\",\"itemListElement\":[{\"@type\":\"ListItem\",\"position\":1,\"name\":\"Home\",\"item\":\"https:\\\/\\\/www.margitpaulin.com\\\/esileht\\\/\"},{\"@type\":\"ListItem\",\"position\":2,\"name\":\"E-pood\",\"item\":\"https:\\\/\\\/www.margitpaulin.com\\\/e-pood\\\/\"},{\"@type\":\"ListItem\",\"position\":3,\"name\":\"K\u00f5rvaehted Edison\"}]},{\"@type\":\"WebSite\",\"@id\":\"https:\\\/\\\/www.margitpaulin.com\\\/#website\",\"url\":\"https:\\\/\\\/www.margitpaulin.com\\\/\",\"name\":\"Margit Paulin\",\"description\":\"Isikup\u00e4rased ja ainulaadsed ehted\",\"publisher\":{\"@id\":\"https:\\\/\\\/www.margitpaulin.com\\\/#organization\"},\"potentialAction\":[{\"@type\":\"SearchAction\",\"target\":{\"@type\":\"EntryPoint\",\"urlTemplate\":\"https:\\\/\\\/www.margitpaulin.com\\\/?s={search_term_string}\"},\"query-input\":{\"@type\":\"PropertyValueSpecification\",\"valueRequired\":true,\"valueName\":\"search_term_string\"}}],\"inLanguage\":\"en-GB\"},{\"@type\":\"Organization\",\"@id\":\"https:\\\/\\\/www.margitpaulin.com\\\/#organization\",\"name\":\"Margit Paulin\",\"url\":\"https:\\\/\\\/www.margitpaulin.com\\\/\",\"logo\":{\"@type\":\"ImageObject\",\"inLanguage\":\"en-GB\",\"@id\":\"https:\\\/\\\/www.margitpaulin.com\\\/#\\\/schema\\\/logo\\\/image\\\/\",\"url\":\"http:\\\/\\\/www.margitpaulin.com\\\/site\\\/wp-content\\\/uploads\\\/2023\\\/04\\\/logo-general-black.svg\",\"contentUrl\":\"http:\\\/\\\/www.margitpaulin.com\\\/site\\\/wp-content\\\/uploads\\\/2023\\\/04\\\/logo-general-black.svg\",\"width\":240,\"height\":148,\"caption\":\"Margit Paulin\"},\"image\":{\"@id\":\"https:\\\/\\\/www.margitpaulin.com\\\/#\\\/schema\\\/logo\\\/image\\\/\"},\"sameAs\":[\"https:\\\/\\\/www.facebook.com\\\/PaulinJewellery\",\"https:\\\/\\\/www.instagram.com\\\/margitpaulin_jewellery\"]}]}<\/script>\n<!-- \/ Yoast SEO Premium plugin. -->","yoast_head_json":{"title":"Margit Paulin | K\u00f5rvaehted Edison","description":"h\u00f5bedast k\u00e4sit\u00f6\u00f6 unikaalsed Eesti autoriehted k\u00f5rva disainer k\u00f5rvar\u00f5ngad kingituseks Akoya naturaalsed p\u00e4rlid kunstip\u00e4rased ehted k\u00f5rva ja k\u00f5rvar\u00f5ngad kuld","robots":{"index":"index","follow":"follow","max-snippet":"max-snippet:-1","max-image-preview":"max-image-preview:large","max-video-preview":"max-video-preview:-1"},"canonical":"https:\/\/www.margitpaulin.com\/en\/product\/korvaehted-edison-hobe-silver\/","og_locale":"en_GB","og_type":"article","og_title":"K\u00f5rvaehted Edison","og_description":"h\u00f5bedast k\u00e4sit\u00f6\u00f6 unikaalsed Eesti autoriehted k\u00f5rva disainer k\u00f5rvar\u00f5ngad kingituseks Akoya naturaalsed p\u00e4rlid kunstip\u00e4rased ehted k\u00f5rva ja k\u00f5rvar\u00f5ngad kuld","og_url":"https:\/\/www.margitpaulin.com\/en\/product\/korvaehted-edison-hobe-silver\/","og_site_name":"Margit Paulin","article_publisher":"https:\/\/www.facebook.com\/PaulinJewellery","article_modified_time":"2026-01-18T11:48:52+00:00","og_image":[{"width":960,"height":960,"url":"http:\/\/www.margitpaulin.com\/site\/wp-content\/uploads\/2026\/01\/sostrad-edison.jpg","type":"image\/jpeg"}],"twitter_card":"summary_large_image","twitter_misc":{"Estimated reading time":"1 minute"},"schema":{"@context":"https:\/\/schema.org","@graph":[{"@type":"WebPage","@id":"https:\/\/www.margitpaulin.com\/toode\/korvaehted-edison-hobe-silver\/","url":"https:\/\/www.margitpaulin.com\/toode\/korvaehted-edison-hobe-silver\/","name":"Margit Paulin | K\u00f5rvaehted Edison","isPartOf":{"@id":"https:\/\/www.margitpaulin.com\/#website"},"primaryImageOfPage":{"@id":"https:\/\/www.margitpaulin.com\/toode\/korvaehted-edison-hobe-silver\/#primaryimage"},"image":{"@id":"https:\/\/www.margitpaulin.com\/toode\/korvaehted-edison-hobe-silver\/#primaryimage"},"thumbnailUrl":"https:\/\/www.margitpaulin.com\/site\/wp-content\/uploads\/2026\/01\/sostrad-edison.jpg","datePublished":"2026-01-18T08:15:07+00:00","dateModified":"2026-01-18T11:48:52+00:00","description":"h\u00f5bedast k\u00e4sit\u00f6\u00f6 unikaalsed Eesti autoriehted k\u00f5rva disainer k\u00f5rvar\u00f5ngad kingituseks Akoya naturaalsed p\u00e4rlid kunstip\u00e4rased ehted k\u00f5rva ja k\u00f5rvar\u00f5ngad kuld","breadcrumb":{"@id":"https:\/\/www.margitpaulin.com\/toode\/korvaehted-edison-hobe-silver\/#breadcrumb"},"inLanguage":"en-GB","potentialAction":[{"@type":"ReadAction","target":["https:\/\/www.margitpaulin.com\/toode\/korvaehted-edison-hobe-silver\/"]}]},{"@type":"ImageObject","inLanguage":"en-GB","@id":"https:\/\/www.margitpaulin.com\/toode\/korvaehted-edison-hobe-silver\/#primaryimage","url":"https:\/\/www.margitpaulin.com\/site\/wp-content\/uploads\/2026\/01\/sostrad-edison.jpg","contentUrl":"https:\/\/www.margitpaulin.com\/site\/wp-content\/uploads\/2026\/01\/sostrad-edison.jpg","width":960,"height":960},{"@type":"BreadcrumbList","@id":"https:\/\/www.margitpaulin.com\/toode\/korvaehted-edison-hobe-silver\/#breadcrumb","itemListElement":[{"@type":"ListItem","position":1,"name":"Home","item":"https:\/\/www.margitpaulin.com\/esileht\/"},{"@type":"ListItem","position":2,"name":"E-pood","item":"https:\/\/www.margitpaulin.com\/e-pood\/"},{"@type":"ListItem","position":3,"name":"K\u00f5rvaehted Edison"}]},{"@type":"WebSite","@id":"https:\/\/www.margitpaulin.com\/#website","url":"https:\/\/www.margitpaulin.com\/","name":"Margit Paulin","description":"Isikup\u00e4rased ja ainulaadsed ehted","publisher":{"@id":"https:\/\/www.margitpaulin.com\/#organization"},"potentialAction":[{"@type":"SearchAction","target":{"@type":"EntryPoint","urlTemplate":"https:\/\/www.margitpaulin.com\/?s={search_term_string}"},"query-input":{"@type":"PropertyValueSpecification","valueRequired":true,"valueName":"search_term_string"}}],"inLanguage":"en-GB"},{"@type":"Organization","@id":"https:\/\/www.margitpaulin.com\/#organization","name":"Margit Paulin","url":"https:\/\/www.margitpaulin.com\/","logo":{"@type":"ImageObject","inLanguage":"en-GB","@id":"https:\/\/www.margitpaulin.com\/#\/schema\/logo\/image\/","url":"http:\/\/www.margitpaulin.com\/site\/wp-content\/uploads\/2023\/04\/logo-general-black.svg","contentUrl":"http:\/\/www.margitpaulin.com\/site\/wp-content\/uploads\/2023\/04\/logo-general-black.svg","width":240,"height":148,"caption":"Margit Paulin"},"image":{"@id":"https:\/\/www.margitpaulin.com\/#\/schema\/logo\/image\/"},"sameAs":["https:\/\/www.facebook.com\/PaulinJewellery","https:\/\/www.instagram.com\/margitpaulin_jewellery"]}]}},"_links":{"self":[{"href":"https:\/\/www.margitpaulin.com\/en\/wp-json\/wp\/v2\/product\/2582","targetHints":{"allow":["GET"]}}],"collection":[{"href":"https:\/\/www.margitpaulin.com\/en\/wp-json\/wp\/v2\/product"}],"about":[{"href":"https:\/\/www.margitpaulin.com\/en\/wp-json\/wp\/v2\/types\/product"}],"wp:featuredmedia":[{"embeddable":true,"href":"https:\/\/www.margitpaulin.com\/en\/wp-json\/wp\/v2\/media\/1889"}],"wp:attachment":[{"href":"https:\/\/www.margitpaulin.com\/en\/wp-json\/wp\/v2\/media?parent=2582"}],"wp:term":[{"taxonomy":"product_brand","embeddable":true,"href":"https:\/\/www.margitpaulin.com\/en\/wp-json\/wp\/v2\/product_brand?post=2582"},{"taxonomy":"product_cat","embeddable":true,"href":"https:\/\/www.margitpaulin.com\/en\/wp-json\/wp\/v2\/product_cat?post=2582"},{"taxonomy":"product_tag","embeddable":true,"href":"https:\/\/www.margitpaulin.com\/en\/wp-json\/wp\/v2\/product_tag?post=2582"}],"curies":[{"name":"wp","href":"https:\/\/api.w.org\/{rel}","templated":true}]}}