{"id":2588,"date":"2026-01-18T08:15:11","date_gmt":"2026-01-18T08:15:11","guid":{"rendered":"https:\/\/www.margitpaulin.com\/toode\/sormus-sostrasilm-tume\/"},"modified":"2026-01-18T11:52:24","modified_gmt":"2026-01-18T11:52:24","slug":"sormus-sostrasilm-tume","status":"publish","type":"product","link":"https:\/\/www.margitpaulin.com\/en\/product\/sormus-sostrasilm-tume\/","title":{"rendered":"S\u00f5rmus S\u00f5strasilm tume"},"content":{"rendered":"<p>S\u00f5rmus on valmistatud h\u00f5bedast ja inspireerituna loodusest, kaunistab seda \u00fcks pisike s\u00f5strasilm, naturaalne kaunilt toonitud Jaapani vetest p\u00e4rit Akoya p\u00e4rl. S\u00f5strasilm on p\u00e4rl looduse r\u00fcpest. Akoya p\u00e4rlit iseloomustab ja teeb kauniks just tema omap\u00e4rane p\u00e4rlmutter l\u00e4ige, mis tingitud tema kasvukohast \u00fclisoolases Jaapani lahes. Ehe valmib sinu jaoks k\u00e4sit\u00f6\u00f6na ja saabub mustas kunstniku m\u00e4rgisega karbis. NB! Et saaksin teha sulle t\u00e4pselt sinu s\u00f5rmuse, siis lisa palun kindlasti ka oma s\u00f5rme suurus.<\/p>","protected":false},"excerpt":{"rendered":"<p>S\u00f5rmus on valmistatud h\u00f5bedast ja inspireerituna loodusest, kaunistab seda \u00fcks pisike s\u00f5strasilm, naturaalne kaunilt toonitud Jaapani vetest p\u00e4rit Akoya p\u00e4rl. S\u00f5strasilm on p\u00e4rl looduse r\u00fcpest. Akoya p\u00e4rlit iseloomustab ja teeb kauniks just tema omap\u00e4rane p\u00e4rlmutter l\u00e4ige, mis tingitud tema kasvukohast \u00fclisoolases Jaapani lahes. Ehe valmib sinu jaoks k\u00e4sit\u00f6\u00f6na ja saabub mustas kunstniku m\u00e4rgisega karbis. NB! [&hellip;]<\/p>\n","protected":false},"featured_media":1882,"template":"","meta":{"_acf_changed":false,"inline_featured_image":false},"product_brand":[],"product_cat":[23],"product_tag":[],"class_list":{"0":"post-2588","1":"product","2":"type-product","3":"status-publish","4":"has-post-thumbnail","6":"product_cat-sormused","7":"pa_materjal-hobe-925-oksudeeritud-2","8":"pa_materjal-akoya-toonitud-merevee-parl","9":"pa_suurus-2x4cm","11":"first","12":"instock","13":"taxable","14":"shipping-taxable","15":"purchasable","16":"product-type-simple"},"acf":[],"yoast_head":"<!-- This site is optimized with the Yoast SEO Premium plugin v23.9 (Yoast SEO v27.4) - https:\/\/yoast.com\/product\/yoast-seo-premium-wordpress\/ -->\n<title>Margit Paulin | S\u00f5rmus S\u00f5strasilm tume<\/title>\n<meta name=\"description\" content=\"h\u00f5bedast k\u00e4sit\u00f6\u00f6 unikaalsed Eesti autoriehted k\u00f5rva disainer k\u00f5rvar\u00f5ngad kingituseks Akoya naturaalsed p\u00e4rlid kunstip\u00e4rased ehted k\u00f5rva ja k\u00f5rvar\u00f5ngad\" \/>\n<meta name=\"robots\" content=\"index, follow, max-snippet:-1, max-image-preview:large, max-video-preview:-1\" \/>\n<link rel=\"canonical\" href=\"https:\/\/www.margitpaulin.com\/en\/product\/sormus-sostrasilm-tume\/\" \/>\n<meta property=\"og:locale\" content=\"en_GB\" \/>\n<meta property=\"og:type\" content=\"article\" \/>\n<meta property=\"og:title\" content=\"S\u00f5rmus S\u00f5strasilm tume\" \/>\n<meta property=\"og:description\" content=\"h\u00f5bedast k\u00e4sit\u00f6\u00f6 unikaalsed Eesti autoriehted k\u00f5rva disainer k\u00f5rvar\u00f5ngad kingituseks Akoya naturaalsed p\u00e4rlid kunstip\u00e4rased ehted k\u00f5rva ja k\u00f5rvar\u00f5ngad\" \/>\n<meta property=\"og:url\" content=\"https:\/\/www.margitpaulin.com\/en\/product\/sormus-sostrasilm-tume\/\" \/>\n<meta property=\"og:site_name\" content=\"Margit Paulin\" \/>\n<meta property=\"article:publisher\" content=\"https:\/\/www.facebook.com\/PaulinJewellery\" \/>\n<meta property=\"article:modified_time\" content=\"2026-01-18T11:52:24+00:00\" \/>\n<meta property=\"og:image\" content=\"http:\/\/www.margitpaulin.com\/site\/wp-content\/uploads\/2026\/01\/sormus-sostrad-sostrasilm-tume1.jpg\" \/>\n\t<meta property=\"og:image:width\" content=\"960\" \/>\n\t<meta property=\"og:image:height\" content=\"960\" \/>\n\t<meta property=\"og:image:type\" content=\"image\/jpeg\" \/>\n<meta name=\"twitter:card\" content=\"summary_large_image\" \/>\n<meta name=\"twitter:label1\" content=\"Estimated reading time\" \/>\n\t<meta name=\"twitter:data1\" content=\"1 minute\" \/>\n<script type=\"application\/ld+json\" class=\"yoast-schema-graph\">{\"@context\":\"https:\\\/\\\/schema.org\",\"@graph\":[{\"@type\":\"WebPage\",\"@id\":\"https:\\\/\\\/www.margitpaulin.com\\\/toode\\\/sormus-sostrasilm-tume\\\/\",\"url\":\"https:\\\/\\\/www.margitpaulin.com\\\/toode\\\/sormus-sostrasilm-tume\\\/\",\"name\":\"Margit Paulin | S\u00f5rmus S\u00f5strasilm tume\",\"isPartOf\":{\"@id\":\"https:\\\/\\\/www.margitpaulin.com\\\/#website\"},\"primaryImageOfPage\":{\"@id\":\"https:\\\/\\\/www.margitpaulin.com\\\/toode\\\/sormus-sostrasilm-tume\\\/#primaryimage\"},\"image\":{\"@id\":\"https:\\\/\\\/www.margitpaulin.com\\\/toode\\\/sormus-sostrasilm-tume\\\/#primaryimage\"},\"thumbnailUrl\":\"https:\\\/\\\/www.margitpaulin.com\\\/site\\\/wp-content\\\/uploads\\\/2026\\\/01\\\/sormus-sostrad-sostrasilm-tume1.jpg\",\"datePublished\":\"2026-01-18T08:15:11+00:00\",\"dateModified\":\"2026-01-18T11:52:24+00:00\",\"description\":\"h\u00f5bedast k\u00e4sit\u00f6\u00f6 unikaalsed Eesti autoriehted k\u00f5rva disainer k\u00f5rvar\u00f5ngad kingituseks Akoya naturaalsed p\u00e4rlid kunstip\u00e4rased ehted k\u00f5rva ja k\u00f5rvar\u00f5ngad\",\"breadcrumb\":{\"@id\":\"https:\\\/\\\/www.margitpaulin.com\\\/toode\\\/sormus-sostrasilm-tume\\\/#breadcrumb\"},\"inLanguage\":\"en-GB\",\"potentialAction\":[{\"@type\":\"ReadAction\",\"target\":[\"https:\\\/\\\/www.margitpaulin.com\\\/toode\\\/sormus-sostrasilm-tume\\\/\"]}]},{\"@type\":\"ImageObject\",\"inLanguage\":\"en-GB\",\"@id\":\"https:\\\/\\\/www.margitpaulin.com\\\/toode\\\/sormus-sostrasilm-tume\\\/#primaryimage\",\"url\":\"https:\\\/\\\/www.margitpaulin.com\\\/site\\\/wp-content\\\/uploads\\\/2026\\\/01\\\/sormus-sostrad-sostrasilm-tume1.jpg\",\"contentUrl\":\"https:\\\/\\\/www.margitpaulin.com\\\/site\\\/wp-content\\\/uploads\\\/2026\\\/01\\\/sormus-sostrad-sostrasilm-tume1.jpg\",\"width\":960,\"height\":960},{\"@type\":\"BreadcrumbList\",\"@id\":\"https:\\\/\\\/www.margitpaulin.com\\\/toode\\\/sormus-sostrasilm-tume\\\/#breadcrumb\",\"itemListElement\":[{\"@type\":\"ListItem\",\"position\":1,\"name\":\"Home\",\"item\":\"https:\\\/\\\/www.margitpaulin.com\\\/esileht\\\/\"},{\"@type\":\"ListItem\",\"position\":2,\"name\":\"E-pood\",\"item\":\"https:\\\/\\\/www.margitpaulin.com\\\/e-pood\\\/\"},{\"@type\":\"ListItem\",\"position\":3,\"name\":\"S\u00f5rmus S\u00f5strasilm tume\"}]},{\"@type\":\"WebSite\",\"@id\":\"https:\\\/\\\/www.margitpaulin.com\\\/#website\",\"url\":\"https:\\\/\\\/www.margitpaulin.com\\\/\",\"name\":\"Margit Paulin\",\"description\":\"Isikup\u00e4rased ja ainulaadsed ehted\",\"publisher\":{\"@id\":\"https:\\\/\\\/www.margitpaulin.com\\\/#organization\"},\"potentialAction\":[{\"@type\":\"SearchAction\",\"target\":{\"@type\":\"EntryPoint\",\"urlTemplate\":\"https:\\\/\\\/www.margitpaulin.com\\\/?s={search_term_string}\"},\"query-input\":{\"@type\":\"PropertyValueSpecification\",\"valueRequired\":true,\"valueName\":\"search_term_string\"}}],\"inLanguage\":\"en-GB\"},{\"@type\":\"Organization\",\"@id\":\"https:\\\/\\\/www.margitpaulin.com\\\/#organization\",\"name\":\"Margit Paulin\",\"url\":\"https:\\\/\\\/www.margitpaulin.com\\\/\",\"logo\":{\"@type\":\"ImageObject\",\"inLanguage\":\"en-GB\",\"@id\":\"https:\\\/\\\/www.margitpaulin.com\\\/#\\\/schema\\\/logo\\\/image\\\/\",\"url\":\"http:\\\/\\\/www.margitpaulin.com\\\/site\\\/wp-content\\\/uploads\\\/2023\\\/04\\\/logo-general-black.svg\",\"contentUrl\":\"http:\\\/\\\/www.margitpaulin.com\\\/site\\\/wp-content\\\/uploads\\\/2023\\\/04\\\/logo-general-black.svg\",\"width\":240,\"height\":148,\"caption\":\"Margit Paulin\"},\"image\":{\"@id\":\"https:\\\/\\\/www.margitpaulin.com\\\/#\\\/schema\\\/logo\\\/image\\\/\"},\"sameAs\":[\"https:\\\/\\\/www.facebook.com\\\/PaulinJewellery\",\"https:\\\/\\\/www.instagram.com\\\/margitpaulin_jewellery\"]}]}<\/script>\n<!-- \/ Yoast SEO Premium plugin. -->","yoast_head_json":{"title":"Margit Paulin | S\u00f5rmus S\u00f5strasilm tume","description":"h\u00f5bedast k\u00e4sit\u00f6\u00f6 unikaalsed Eesti autoriehted k\u00f5rva disainer k\u00f5rvar\u00f5ngad kingituseks Akoya naturaalsed p\u00e4rlid kunstip\u00e4rased ehted k\u00f5rva ja k\u00f5rvar\u00f5ngad","robots":{"index":"index","follow":"follow","max-snippet":"max-snippet:-1","max-image-preview":"max-image-preview:large","max-video-preview":"max-video-preview:-1"},"canonical":"https:\/\/www.margitpaulin.com\/en\/product\/sormus-sostrasilm-tume\/","og_locale":"en_GB","og_type":"article","og_title":"S\u00f5rmus S\u00f5strasilm tume","og_description":"h\u00f5bedast k\u00e4sit\u00f6\u00f6 unikaalsed Eesti autoriehted k\u00f5rva disainer k\u00f5rvar\u00f5ngad kingituseks Akoya naturaalsed p\u00e4rlid kunstip\u00e4rased ehted k\u00f5rva ja k\u00f5rvar\u00f5ngad","og_url":"https:\/\/www.margitpaulin.com\/en\/product\/sormus-sostrasilm-tume\/","og_site_name":"Margit Paulin","article_publisher":"https:\/\/www.facebook.com\/PaulinJewellery","article_modified_time":"2026-01-18T11:52:24+00:00","og_image":[{"width":960,"height":960,"url":"http:\/\/www.margitpaulin.com\/site\/wp-content\/uploads\/2026\/01\/sormus-sostrad-sostrasilm-tume1.jpg","type":"image\/jpeg"}],"twitter_card":"summary_large_image","twitter_misc":{"Estimated reading time":"1 minute"},"schema":{"@context":"https:\/\/schema.org","@graph":[{"@type":"WebPage","@id":"https:\/\/www.margitpaulin.com\/toode\/sormus-sostrasilm-tume\/","url":"https:\/\/www.margitpaulin.com\/toode\/sormus-sostrasilm-tume\/","name":"Margit Paulin | S\u00f5rmus S\u00f5strasilm tume","isPartOf":{"@id":"https:\/\/www.margitpaulin.com\/#website"},"primaryImageOfPage":{"@id":"https:\/\/www.margitpaulin.com\/toode\/sormus-sostrasilm-tume\/#primaryimage"},"image":{"@id":"https:\/\/www.margitpaulin.com\/toode\/sormus-sostrasilm-tume\/#primaryimage"},"thumbnailUrl":"https:\/\/www.margitpaulin.com\/site\/wp-content\/uploads\/2026\/01\/sormus-sostrad-sostrasilm-tume1.jpg","datePublished":"2026-01-18T08:15:11+00:00","dateModified":"2026-01-18T11:52:24+00:00","description":"h\u00f5bedast k\u00e4sit\u00f6\u00f6 unikaalsed Eesti autoriehted k\u00f5rva disainer k\u00f5rvar\u00f5ngad kingituseks Akoya naturaalsed p\u00e4rlid kunstip\u00e4rased ehted k\u00f5rva ja k\u00f5rvar\u00f5ngad","breadcrumb":{"@id":"https:\/\/www.margitpaulin.com\/toode\/sormus-sostrasilm-tume\/#breadcrumb"},"inLanguage":"en-GB","potentialAction":[{"@type":"ReadAction","target":["https:\/\/www.margitpaulin.com\/toode\/sormus-sostrasilm-tume\/"]}]},{"@type":"ImageObject","inLanguage":"en-GB","@id":"https:\/\/www.margitpaulin.com\/toode\/sormus-sostrasilm-tume\/#primaryimage","url":"https:\/\/www.margitpaulin.com\/site\/wp-content\/uploads\/2026\/01\/sormus-sostrad-sostrasilm-tume1.jpg","contentUrl":"https:\/\/www.margitpaulin.com\/site\/wp-content\/uploads\/2026\/01\/sormus-sostrad-sostrasilm-tume1.jpg","width":960,"height":960},{"@type":"BreadcrumbList","@id":"https:\/\/www.margitpaulin.com\/toode\/sormus-sostrasilm-tume\/#breadcrumb","itemListElement":[{"@type":"ListItem","position":1,"name":"Home","item":"https:\/\/www.margitpaulin.com\/esileht\/"},{"@type":"ListItem","position":2,"name":"E-pood","item":"https:\/\/www.margitpaulin.com\/e-pood\/"},{"@type":"ListItem","position":3,"name":"S\u00f5rmus S\u00f5strasilm tume"}]},{"@type":"WebSite","@id":"https:\/\/www.margitpaulin.com\/#website","url":"https:\/\/www.margitpaulin.com\/","name":"Margit Paulin","description":"Isikup\u00e4rased ja ainulaadsed ehted","publisher":{"@id":"https:\/\/www.margitpaulin.com\/#organization"},"potentialAction":[{"@type":"SearchAction","target":{"@type":"EntryPoint","urlTemplate":"https:\/\/www.margitpaulin.com\/?s={search_term_string}"},"query-input":{"@type":"PropertyValueSpecification","valueRequired":true,"valueName":"search_term_string"}}],"inLanguage":"en-GB"},{"@type":"Organization","@id":"https:\/\/www.margitpaulin.com\/#organization","name":"Margit Paulin","url":"https:\/\/www.margitpaulin.com\/","logo":{"@type":"ImageObject","inLanguage":"en-GB","@id":"https:\/\/www.margitpaulin.com\/#\/schema\/logo\/image\/","url":"http:\/\/www.margitpaulin.com\/site\/wp-content\/uploads\/2023\/04\/logo-general-black.svg","contentUrl":"http:\/\/www.margitpaulin.com\/site\/wp-content\/uploads\/2023\/04\/logo-general-black.svg","width":240,"height":148,"caption":"Margit Paulin"},"image":{"@id":"https:\/\/www.margitpaulin.com\/#\/schema\/logo\/image\/"},"sameAs":["https:\/\/www.facebook.com\/PaulinJewellery","https:\/\/www.instagram.com\/margitpaulin_jewellery"]}]}},"_links":{"self":[{"href":"https:\/\/www.margitpaulin.com\/en\/wp-json\/wp\/v2\/product\/2588","targetHints":{"allow":["GET"]}}],"collection":[{"href":"https:\/\/www.margitpaulin.com\/en\/wp-json\/wp\/v2\/product"}],"about":[{"href":"https:\/\/www.margitpaulin.com\/en\/wp-json\/wp\/v2\/types\/product"}],"wp:featuredmedia":[{"embeddable":true,"href":"https:\/\/www.margitpaulin.com\/en\/wp-json\/wp\/v2\/media\/1882"}],"wp:attachment":[{"href":"https:\/\/www.margitpaulin.com\/en\/wp-json\/wp\/v2\/media?parent=2588"}],"wp:term":[{"taxonomy":"product_brand","embeddable":true,"href":"https:\/\/www.margitpaulin.com\/en\/wp-json\/wp\/v2\/product_brand?post=2588"},{"taxonomy":"product_cat","embeddable":true,"href":"https:\/\/www.margitpaulin.com\/en\/wp-json\/wp\/v2\/product_cat?post=2588"},{"taxonomy":"product_tag","embeddable":true,"href":"https:\/\/www.margitpaulin.com\/en\/wp-json\/wp\/v2\/product_tag?post=2588"}],"curies":[{"name":"wp","href":"https:\/\/api.w.org\/{rel}","templated":true}]}}