{"id":2591,"date":"2026-01-18T08:15:13","date_gmt":"2026-01-18T08:15:13","guid":{"rendered":"https:\/\/www.margitpaulin.com\/toode\/kaelakee-sostrasilm-tume\/"},"modified":"2026-01-18T08:36:23","modified_gmt":"2026-01-18T08:36:23","slug":"kaelakee-sostrasilm-tume","status":"publish","type":"product","link":"https:\/\/www.margitpaulin.com\/en\/product\/kaelakee-sostrasilm-tume\/","title":{"rendered":"Kaelakee S\u00f5strasilm tume"},"content":{"rendered":"<p>See kaelakee on k\u00e4sit\u00f6\u00f6na valmistatud h\u00f5bedast. Inspireerituna loodusest, annab keele aktsenti naturaalne kaunilt toonitud Jaapani vetest p\u00e4rit Akoya p\u00e4rl. See kaunis s\u00f5strasilm on p\u00e4rl looduse r\u00fcpest. Akoya p\u00e4rlit iseloomustab ja teeb kauniks just tema omap\u00e4rane p\u00e4rlmutter l\u00e4ige, mis on tingitud kasvukohast \u00fclisoolases kristallpuhtas Jaapani lahes. Ehe on oks\u00fcdeeritud tumedaks. Ehe valmib sinu jaoks k\u00e4sit\u00f6\u00f6na ja saabub mustas kunstniku m\u00e4rgisega karbis.<\/p>","protected":false},"excerpt":{"rendered":"<p>See kaelakee on k\u00e4sit\u00f6\u00f6na valmistatud h\u00f5bedast. Inspireerituna loodusest, annab keele aktsenti naturaalne kaunilt toonitud Jaapani vetest p\u00e4rit Akoya p\u00e4rl. See kaunis s\u00f5strasilm on p\u00e4rl looduse r\u00fcpest. Akoya p\u00e4rlit iseloomustab ja teeb kauniks just tema omap\u00e4rane p\u00e4rlmutter l\u00e4ige, mis on tingitud kasvukohast \u00fclisoolases kristallpuhtas Jaapani lahes. Ehe on oks\u00fcdeeritud tumedaks. Ehe valmib sinu jaoks k\u00e4sit\u00f6\u00f6na ja [&hellip;]<\/p>\n","protected":false},"featured_media":1862,"template":"","meta":{"_acf_changed":false,"inline_featured_image":false},"product_brand":[],"product_cat":[31],"product_tag":[],"class_list":{"0":"post-2591","1":"product","2":"type-product","3":"status-publish","4":"has-post-thumbnail","6":"product_cat-kaelaehted","7":"pa_materjal-hobe-925-oksudeeritud-2","8":"pa_materjal-akoya-toonitud-merevee-parl","9":"pa_suurus-2x6cm","11":"first","12":"instock","13":"taxable","14":"shipping-taxable","15":"purchasable","16":"product-type-simple"},"acf":[],"yoast_head":"<!-- This site is optimized with the Yoast SEO Premium plugin v23.9 (Yoast SEO v27.4) - https:\/\/yoast.com\/product\/yoast-seo-premium-wordpress\/ -->\n<title>Margit Paulin | Kaelakee S\u00f5strasilm tume<\/title>\n<meta name=\"robots\" content=\"index, follow, max-snippet:-1, max-image-preview:large, max-video-preview:-1\" \/>\n<link rel=\"canonical\" href=\"https:\/\/www.margitpaulin.com\/en\/product\/kaelakee-sostrasilm-tume\/\" \/>\n<meta property=\"og:locale\" content=\"en_GB\" \/>\n<meta property=\"og:type\" content=\"article\" \/>\n<meta property=\"og:title\" content=\"Kaelakee S\u00f5strasilm tume\" \/>\n<meta property=\"og:description\" content=\"See kaelakee on k\u00e4sit\u00f6\u00f6na valmistatud h\u00f5bedast. Inspireerituna loodusest, annab keele aktsenti naturaalne kaunilt toonitud Jaapani vetest p\u00e4rit Akoya p\u00e4rl. See kaunis s\u00f5strasilm on p\u00e4rl looduse r\u00fcpest. Akoya p\u00e4rlit iseloomustab ja teeb kauniks just tema omap\u00e4rane p\u00e4rlmutter l\u00e4ige, mis on tingitud kasvukohast \u00fclisoolases kristallpuhtas Jaapani lahes. Ehe on oks\u00fcdeeritud tumedaks. Ehe valmib sinu jaoks k\u00e4sit\u00f6\u00f6na ja [&hellip;]\" \/>\n<meta property=\"og:url\" content=\"https:\/\/www.margitpaulin.com\/en\/product\/kaelakee-sostrasilm-tume\/\" \/>\n<meta property=\"og:site_name\" content=\"Margit Paulin\" \/>\n<meta property=\"article:publisher\" content=\"https:\/\/www.facebook.com\/PaulinJewellery\" \/>\n<meta property=\"article:modified_time\" content=\"2026-01-18T08:36:23+00:00\" \/>\n<meta property=\"og:image\" content=\"http:\/\/www.margitpaulin.com\/site\/wp-content\/uploads\/2026\/01\/kee-sostrad-sostrasilm-tume1.jpg\" \/>\n\t<meta property=\"og:image:width\" content=\"960\" \/>\n\t<meta property=\"og:image:height\" content=\"960\" \/>\n\t<meta property=\"og:image:type\" content=\"image\/jpeg\" \/>\n<meta name=\"twitter:card\" content=\"summary_large_image\" \/>\n<meta name=\"twitter:label1\" content=\"Estimated reading time\" \/>\n\t<meta name=\"twitter:data1\" content=\"1 minute\" \/>\n<script type=\"application\/ld+json\" class=\"yoast-schema-graph\">{\"@context\":\"https:\\\/\\\/schema.org\",\"@graph\":[{\"@type\":\"WebPage\",\"@id\":\"https:\\\/\\\/www.margitpaulin.com\\\/toode\\\/kaelakee-sostrasilm-tume\\\/\",\"url\":\"https:\\\/\\\/www.margitpaulin.com\\\/toode\\\/kaelakee-sostrasilm-tume\\\/\",\"name\":\"Margit Paulin | Kaelakee S\u00f5strasilm tume\",\"isPartOf\":{\"@id\":\"https:\\\/\\\/www.margitpaulin.com\\\/#website\"},\"primaryImageOfPage\":{\"@id\":\"https:\\\/\\\/www.margitpaulin.com\\\/toode\\\/kaelakee-sostrasilm-tume\\\/#primaryimage\"},\"image\":{\"@id\":\"https:\\\/\\\/www.margitpaulin.com\\\/toode\\\/kaelakee-sostrasilm-tume\\\/#primaryimage\"},\"thumbnailUrl\":\"https:\\\/\\\/www.margitpaulin.com\\\/site\\\/wp-content\\\/uploads\\\/2026\\\/01\\\/kee-sostrad-sostrasilm-tume1.jpg\",\"datePublished\":\"2026-01-18T08:15:13+00:00\",\"dateModified\":\"2026-01-18T08:36:23+00:00\",\"breadcrumb\":{\"@id\":\"https:\\\/\\\/www.margitpaulin.com\\\/toode\\\/kaelakee-sostrasilm-tume\\\/#breadcrumb\"},\"inLanguage\":\"en-GB\",\"potentialAction\":[{\"@type\":\"ReadAction\",\"target\":[\"https:\\\/\\\/www.margitpaulin.com\\\/toode\\\/kaelakee-sostrasilm-tume\\\/\"]}]},{\"@type\":\"ImageObject\",\"inLanguage\":\"en-GB\",\"@id\":\"https:\\\/\\\/www.margitpaulin.com\\\/toode\\\/kaelakee-sostrasilm-tume\\\/#primaryimage\",\"url\":\"https:\\\/\\\/www.margitpaulin.com\\\/site\\\/wp-content\\\/uploads\\\/2026\\\/01\\\/kee-sostrad-sostrasilm-tume1.jpg\",\"contentUrl\":\"https:\\\/\\\/www.margitpaulin.com\\\/site\\\/wp-content\\\/uploads\\\/2026\\\/01\\\/kee-sostrad-sostrasilm-tume1.jpg\",\"width\":960,\"height\":960},{\"@type\":\"BreadcrumbList\",\"@id\":\"https:\\\/\\\/www.margitpaulin.com\\\/toode\\\/kaelakee-sostrasilm-tume\\\/#breadcrumb\",\"itemListElement\":[{\"@type\":\"ListItem\",\"position\":1,\"name\":\"Home\",\"item\":\"https:\\\/\\\/www.margitpaulin.com\\\/esileht\\\/\"},{\"@type\":\"ListItem\",\"position\":2,\"name\":\"E-pood\",\"item\":\"https:\\\/\\\/www.margitpaulin.com\\\/e-pood\\\/\"},{\"@type\":\"ListItem\",\"position\":3,\"name\":\"Kaelakee S\u00f5strasilm tume\"}]},{\"@type\":\"WebSite\",\"@id\":\"https:\\\/\\\/www.margitpaulin.com\\\/#website\",\"url\":\"https:\\\/\\\/www.margitpaulin.com\\\/\",\"name\":\"Margit Paulin\",\"description\":\"Isikup\u00e4rased ja ainulaadsed ehted\",\"publisher\":{\"@id\":\"https:\\\/\\\/www.margitpaulin.com\\\/#organization\"},\"potentialAction\":[{\"@type\":\"SearchAction\",\"target\":{\"@type\":\"EntryPoint\",\"urlTemplate\":\"https:\\\/\\\/www.margitpaulin.com\\\/?s={search_term_string}\"},\"query-input\":{\"@type\":\"PropertyValueSpecification\",\"valueRequired\":true,\"valueName\":\"search_term_string\"}}],\"inLanguage\":\"en-GB\"},{\"@type\":\"Organization\",\"@id\":\"https:\\\/\\\/www.margitpaulin.com\\\/#organization\",\"name\":\"Margit Paulin\",\"url\":\"https:\\\/\\\/www.margitpaulin.com\\\/\",\"logo\":{\"@type\":\"ImageObject\",\"inLanguage\":\"en-GB\",\"@id\":\"https:\\\/\\\/www.margitpaulin.com\\\/#\\\/schema\\\/logo\\\/image\\\/\",\"url\":\"http:\\\/\\\/www.margitpaulin.com\\\/site\\\/wp-content\\\/uploads\\\/2023\\\/04\\\/logo-general-black.svg\",\"contentUrl\":\"http:\\\/\\\/www.margitpaulin.com\\\/site\\\/wp-content\\\/uploads\\\/2023\\\/04\\\/logo-general-black.svg\",\"width\":240,\"height\":148,\"caption\":\"Margit Paulin\"},\"image\":{\"@id\":\"https:\\\/\\\/www.margitpaulin.com\\\/#\\\/schema\\\/logo\\\/image\\\/\"},\"sameAs\":[\"https:\\\/\\\/www.facebook.com\\\/PaulinJewellery\",\"https:\\\/\\\/www.instagram.com\\\/margitpaulin_jewellery\"]}]}<\/script>\n<!-- \/ Yoast SEO Premium plugin. -->","yoast_head_json":{"title":"Margit Paulin | Kaelakee S\u00f5strasilm tume","robots":{"index":"index","follow":"follow","max-snippet":"max-snippet:-1","max-image-preview":"max-image-preview:large","max-video-preview":"max-video-preview:-1"},"canonical":"https:\/\/www.margitpaulin.com\/en\/product\/kaelakee-sostrasilm-tume\/","og_locale":"en_GB","og_type":"article","og_title":"Kaelakee S\u00f5strasilm tume","og_description":"See kaelakee on k\u00e4sit\u00f6\u00f6na valmistatud h\u00f5bedast. Inspireerituna loodusest, annab keele aktsenti naturaalne kaunilt toonitud Jaapani vetest p\u00e4rit Akoya p\u00e4rl. See kaunis s\u00f5strasilm on p\u00e4rl looduse r\u00fcpest. Akoya p\u00e4rlit iseloomustab ja teeb kauniks just tema omap\u00e4rane p\u00e4rlmutter l\u00e4ige, mis on tingitud kasvukohast \u00fclisoolases kristallpuhtas Jaapani lahes. Ehe on oks\u00fcdeeritud tumedaks. Ehe valmib sinu jaoks k\u00e4sit\u00f6\u00f6na ja [&hellip;]","og_url":"https:\/\/www.margitpaulin.com\/en\/product\/kaelakee-sostrasilm-tume\/","og_site_name":"Margit Paulin","article_publisher":"https:\/\/www.facebook.com\/PaulinJewellery","article_modified_time":"2026-01-18T08:36:23+00:00","og_image":[{"width":960,"height":960,"url":"http:\/\/www.margitpaulin.com\/site\/wp-content\/uploads\/2026\/01\/kee-sostrad-sostrasilm-tume1.jpg","type":"image\/jpeg"}],"twitter_card":"summary_large_image","twitter_misc":{"Estimated reading time":"1 minute"},"schema":{"@context":"https:\/\/schema.org","@graph":[{"@type":"WebPage","@id":"https:\/\/www.margitpaulin.com\/toode\/kaelakee-sostrasilm-tume\/","url":"https:\/\/www.margitpaulin.com\/toode\/kaelakee-sostrasilm-tume\/","name":"Margit Paulin | Kaelakee S\u00f5strasilm tume","isPartOf":{"@id":"https:\/\/www.margitpaulin.com\/#website"},"primaryImageOfPage":{"@id":"https:\/\/www.margitpaulin.com\/toode\/kaelakee-sostrasilm-tume\/#primaryimage"},"image":{"@id":"https:\/\/www.margitpaulin.com\/toode\/kaelakee-sostrasilm-tume\/#primaryimage"},"thumbnailUrl":"https:\/\/www.margitpaulin.com\/site\/wp-content\/uploads\/2026\/01\/kee-sostrad-sostrasilm-tume1.jpg","datePublished":"2026-01-18T08:15:13+00:00","dateModified":"2026-01-18T08:36:23+00:00","breadcrumb":{"@id":"https:\/\/www.margitpaulin.com\/toode\/kaelakee-sostrasilm-tume\/#breadcrumb"},"inLanguage":"en-GB","potentialAction":[{"@type":"ReadAction","target":["https:\/\/www.margitpaulin.com\/toode\/kaelakee-sostrasilm-tume\/"]}]},{"@type":"ImageObject","inLanguage":"en-GB","@id":"https:\/\/www.margitpaulin.com\/toode\/kaelakee-sostrasilm-tume\/#primaryimage","url":"https:\/\/www.margitpaulin.com\/site\/wp-content\/uploads\/2026\/01\/kee-sostrad-sostrasilm-tume1.jpg","contentUrl":"https:\/\/www.margitpaulin.com\/site\/wp-content\/uploads\/2026\/01\/kee-sostrad-sostrasilm-tume1.jpg","width":960,"height":960},{"@type":"BreadcrumbList","@id":"https:\/\/www.margitpaulin.com\/toode\/kaelakee-sostrasilm-tume\/#breadcrumb","itemListElement":[{"@type":"ListItem","position":1,"name":"Home","item":"https:\/\/www.margitpaulin.com\/esileht\/"},{"@type":"ListItem","position":2,"name":"E-pood","item":"https:\/\/www.margitpaulin.com\/e-pood\/"},{"@type":"ListItem","position":3,"name":"Kaelakee S\u00f5strasilm tume"}]},{"@type":"WebSite","@id":"https:\/\/www.margitpaulin.com\/#website","url":"https:\/\/www.margitpaulin.com\/","name":"Margit Paulin","description":"Isikup\u00e4rased ja ainulaadsed ehted","publisher":{"@id":"https:\/\/www.margitpaulin.com\/#organization"},"potentialAction":[{"@type":"SearchAction","target":{"@type":"EntryPoint","urlTemplate":"https:\/\/www.margitpaulin.com\/?s={search_term_string}"},"query-input":{"@type":"PropertyValueSpecification","valueRequired":true,"valueName":"search_term_string"}}],"inLanguage":"en-GB"},{"@type":"Organization","@id":"https:\/\/www.margitpaulin.com\/#organization","name":"Margit Paulin","url":"https:\/\/www.margitpaulin.com\/","logo":{"@type":"ImageObject","inLanguage":"en-GB","@id":"https:\/\/www.margitpaulin.com\/#\/schema\/logo\/image\/","url":"http:\/\/www.margitpaulin.com\/site\/wp-content\/uploads\/2023\/04\/logo-general-black.svg","contentUrl":"http:\/\/www.margitpaulin.com\/site\/wp-content\/uploads\/2023\/04\/logo-general-black.svg","width":240,"height":148,"caption":"Margit Paulin"},"image":{"@id":"https:\/\/www.margitpaulin.com\/#\/schema\/logo\/image\/"},"sameAs":["https:\/\/www.facebook.com\/PaulinJewellery","https:\/\/www.instagram.com\/margitpaulin_jewellery"]}]}},"_links":{"self":[{"href":"https:\/\/www.margitpaulin.com\/en\/wp-json\/wp\/v2\/product\/2591","targetHints":{"allow":["GET"]}}],"collection":[{"href":"https:\/\/www.margitpaulin.com\/en\/wp-json\/wp\/v2\/product"}],"about":[{"href":"https:\/\/www.margitpaulin.com\/en\/wp-json\/wp\/v2\/types\/product"}],"wp:featuredmedia":[{"embeddable":true,"href":"https:\/\/www.margitpaulin.com\/en\/wp-json\/wp\/v2\/media\/1862"}],"wp:attachment":[{"href":"https:\/\/www.margitpaulin.com\/en\/wp-json\/wp\/v2\/media?parent=2591"}],"wp:term":[{"taxonomy":"product_brand","embeddable":true,"href":"https:\/\/www.margitpaulin.com\/en\/wp-json\/wp\/v2\/product_brand?post=2591"},{"taxonomy":"product_cat","embeddable":true,"href":"https:\/\/www.margitpaulin.com\/en\/wp-json\/wp\/v2\/product_cat?post=2591"},{"taxonomy":"product_tag","embeddable":true,"href":"https:\/\/www.margitpaulin.com\/en\/wp-json\/wp\/v2\/product_tag?post=2591"}],"curies":[{"name":"wp","href":"https:\/\/api.w.org\/{rel}","templated":true}]}}